{"id":1231,"date":"2024-02-02T15:44:12","date_gmt":"2024-02-02T15:44:12","guid":{"rendered":"https:\/\/sitetemp.inforabreu.pt\/aevm\/?page_id=1231"},"modified":"2026-04-01T14:31:56","modified_gmt":"2026-04-01T14:31:56","slug":"criterios-avaliacao","status":"publish","type":"page","link":"https:\/\/aevm.pt\/index.php\/criterios-avaliacao\/","title":{"rendered":"Crit\u00e9rios de Avalia\u00e7\u00e3o"},"content":{"rendered":"\t\t<div data-elementor-type=\"wp-page\" data-elementor-id=\"1231\" class=\"elementor elementor-1231\" data-elementor-settings=\"{&quot;ha_cmc_init_switcher&quot;:&quot;no&quot;}\">\n\t\t\t\t<div class=\"elementor-element elementor-element-cc4f042 e-flex e-con-boxed e-con e-parent\" data-id=\"cc4f042\" data-element_type=\"container\" data-settings=\"{&quot;background_background&quot;:&quot;classic&quot;,&quot;_ha_eqh_enable&quot;:false}\">\n\t\t\t\t\t<div class=\"e-con-inner\">\n\t\t<div class=\"elementor-element elementor-element-414d6ef e-con-full e-flex e-con e-child\" data-id=\"414d6ef\" data-element_type=\"container\" data-settings=\"{&quot;_ha_eqh_enable&quot;:false}\">\n\t\t\t\t<div class=\"elementor-element elementor-element-45d7c59 elementor-widget elementor-widget-heading\" data-id=\"45d7c59\" data-element_type=\"widget\" data-widget_type=\"heading.default\">\n\t\t\t\t<div class=\"elementor-widget-container\">\n\t\t\t\t\t<h1 class=\"elementor-heading-title elementor-size-default\">Crit\u00e9rios de Avalia\u00e7\u00e3o 2025\/2026<\/h1>\t\t\t\t<\/div>\n\t\t\t\t<\/div>\n\t\t\t\t<\/div>\n\t\t\t\t\t<\/div>\n\t\t\t\t<\/div>\n\t\t<div class=\"elementor-element elementor-element-2c1501e e-flex e-con-boxed e-con e-parent\" data-id=\"2c1501e\" data-element_type=\"container\" data-settings=\"{&quot;background_background&quot;:&quot;classic&quot;,&quot;_ha_eqh_enable&quot;:false}\">\n\t\t\t\t\t<div class=\"e-con-inner\">\n\t\t\t\t<div class=\"elementor-element elementor-element-77f8c526 elementor-widget elementor-widget-text-editor\" data-id=\"77f8c526\" data-element_type=\"widget\" data-widget_type=\"text-editor.default\">\n\t\t\t\t<div class=\"elementor-widget-container\">\n\t\t\t\t\t\t\t\t\t<table><tbody><tr><td><strong>\u00a01.\u00ba Ano<\/strong><\/td><td><strong>\u00a02.\u00ba Ano\u00a0<\/strong><\/td><td><strong>\u00a03.\u00ba Ano<\/strong><\/td><td><strong>\u00a04.\u00ba Ano<\/strong><\/td><\/tr><tr><td><p><a href=\"https:\/\/drive.google.com\/file\/d\/1e_dgYIkfk21hf6EEaMzQnpvIyy8KERQ9\/view?usp=drive_link\" target=\"_blank\" rel=\"noopener\">Portugu\u00eas<\/a><\/p><p><a href=\"https:\/\/drive.google.com\/file\/d\/1CibQIBwhrRFbpfKkWpNkku9DwMkhMpwi\/view?usp=drive_link\" target=\"_blank\" rel=\"noopener\">Matem\u00e1tica<\/a><\/p><p><a href=\"https:\/\/drive.google.com\/file\/d\/1BgDdEdfmEFfGGWBk7-ldMrU4r7iz-bgB\/view?usp=drive_link\" target=\"_blank\" rel=\"noopener\">Estudo do Meio<\/a><\/p><p>Educa\u00e7\u00e3o Art\u00edstica\u00a0\u00a0<a href=\"https:\/\/drive.google.com\/file\/d\/1oLSt89AfwEQulbf9g8LQZc80UJ4jkhmJ\/view?usp=drive_link\" target=\"_blank\" rel=\"noopener\">Dan\u00e7a<\/a>\/<a href=\"https:\/\/drive.google.com\/file\/d\/1EpX9Xx5hwQ3nCYocQDXdY2KORcaLAGA4\/view?usp=drive_link\" target=\"_blank\" rel=\"noopener\">M\u00fasica<\/a><br \/><a href=\"https:\/\/drive.google.com\/file\/d\/1R3PilRrwl6neuwC3TIgfgyMlFMhXXW34\/view?usp=drive_link\" target=\"_blank\" rel=\"noopener\">EDramatica<\/a>\/<a href=\"https:\/\/drive.google.com\/file\/d\/1jg7JuOm7xhW97aWtQttlZZpSlIk2M0-1\/view?usp=drive_link\" target=\"_blank\" rel=\"noopener\">Artes<\/a><\/p><p><a href=\"https:\/\/drive.google.com\/file\/d\/1BWnwTOOxPMTDgjqR_ZyJmHqi6Rw_XwQn\/view?usp=drive_link\" target=\"_blank\" rel=\"noopener\">Educa\u00e7\u00e3o F\u00edsica<\/a><\/p><p><a href=\"https:\/\/drive.google.com\/file\/d\/1Mcy8Ts2BiBSl2mhovCcft4RmBubMXyNr\/view?usp=drive_link\" target=\"_blank\" rel=\"noopener\">Cidadania<\/a><\/p><\/td><td><p><a href=\"https:\/\/drive.google.com\/file\/d\/1hFCeIJJCbgwgdThJaW_MT8vsT8epj8O0\/view?usp=drive_link\" target=\"_blank\" rel=\"noopener\">Portugu\u00eas<\/a><\/p><p><a href=\"https:\/\/drive.google.com\/file\/d\/1ZmKUJH0LzcFHP3In3y4OYK6d_37HfztT\/view?usp=drive_link\" target=\"_blank\" rel=\"noopener\">Matem\u00e1tica<\/a><\/p><p><a href=\"https:\/\/drive.google.com\/file\/d\/18P6bry_DwS6CPh2V0IQtHOBGGSXjL5oz\/view?usp=drive_link\" target=\"_blank\" rel=\"noopener\">Estudo do Meio<\/a><\/p><p>Educa\u00e7\u00e3o Art\u00edstica\u00a0\u00a0<a href=\"https:\/\/drive.google.com\/file\/d\/1O_UZPup8WaB4p5jWJMMu9uscbAUITD8n\/view?usp=drive_link\" target=\"_blank\" rel=\"noopener\">Dan\u00e7a<\/a>\/<a href=\"https:\/\/drive.google.com\/file\/d\/1szRURB30PKY27pftjUyWxJfCyYiP9odK\/view?usp=drive_link\" target=\"_blank\" rel=\"noopener\">M\u00fasica<\/a><br \/><a href=\"https:\/\/drive.google.com\/file\/d\/1rmvPjGmLYWvkmMcldsxT3eKoyk2YUKQu\/view?usp=drive_link\" target=\"_blank\" rel=\"noopener\">EDramatica<\/a>\/<a href=\"https:\/\/drive.google.com\/file\/d\/13HUul8NzaIY9y4r5ZdORBEuMz7vFK4vW\/view?usp=drive_link\" target=\"_blank\" rel=\"noopener\">Artes<\/a><\/p><p><a href=\"https:\/\/drive.google.com\/file\/d\/1To0I8RU2PJKw8AH7fwvO57dh2PkwVh0U\/view?usp=drive_link\" target=\"_blank\" rel=\"noopener\">Educa\u00e7\u00e3o F\u00edsica<\/a><\/p><p><a href=\"https:\/\/docs.google.com\/document\/d\/1nk_gPa3z39MPmvsThi5zzHpH0KR5T3VS\/edit?usp=drive_link&amp;ouid=109014792794346586126&amp;rtpof=true&amp;sd=true\" target=\"_blank\" rel=\"noopener\">Cidadania<\/a><\/p><\/td><td><p><a href=\"https:\/\/drive.google.com\/file\/d\/1Y7Pg2GMvxe0XFEeIlrbQLnb3g6hpiD3x\/view?usp=drive_link\" target=\"_blank\" rel=\"noopener\">Portugu\u00eas<\/a><\/p><p><a href=\"https:\/\/docs.google.com\/document\/d\/1ByJU8mNS012QMLoHvhp5KMQWn7bio2t0\/edit?usp=drive_link&amp;ouid=109014792794346586126&amp;rtpof=true&amp;sd=true\" target=\"_blank\" rel=\"noopener\">Ingl\u00eas<\/a><\/p><p><a href=\"https:\/\/drive.google.com\/file\/d\/1DXt2pzWRnZ-PdppAp4qT4bRfOail--B2\/view?usp=drive_link\" target=\"_blank\" rel=\"noopener\">Matem\u00e1tica<\/a><\/p><p><a href=\"https:\/\/drive.google.com\/file\/d\/1ksKs_vvxkXkKIe3vqZvYMolZWV0oLF6C\/view?usp=drive_link\" target=\"_blank\" rel=\"noopener\">Estudo do Meio<\/a><\/p><p>Educa\u00e7\u00e3o Art\u00edstica\u00a0\u00a0<a href=\"https:\/\/drive.google.com\/file\/d\/1wUNqS9CdDEFvHVVzkwowmvw0C1SJBwST\/view?usp=drive_link\" target=\"_blank\" rel=\"noopener\">Dan\u00e7a<\/a>\/<a href=\"https:\/\/drive.google.com\/file\/d\/1sE6vt5XJfCVTIC6J8m6G5W4Ktjw6J3zG\/view?usp=drive_link\" target=\"_blank\" rel=\"noopener\">M\u00fasica<\/a><br \/><a href=\"https:\/\/drive.google.com\/file\/d\/1tXriycY1iTTdDUkM0qmWGamT01gR4iWM\/view?usp=drive_link\" target=\"_blank\" rel=\"noopener\">EDramatica<\/a>\/<a href=\"https:\/\/drive.google.com\/file\/d\/1X8I6NC4hY3RDmlgQJXsPquPspmQhkF9p\/view?usp=drive_link\" target=\"_blank\" rel=\"noopener\">Artes<\/a><\/p><p><a href=\"https:\/\/drive.google.com\/file\/d\/1OyDeLK6Xd-TZTU5lEavCA2hRNFY4Q38T\/view?usp=drive_link\" target=\"_blank\" rel=\"noopener\">Educa\u00e7\u00e3o F\u00edsica<\/a><\/p><p><a href=\"https:\/\/drive.google.com\/file\/d\/18Is-Ef-TQ-KN-OymhlFo6QOJRzxhMCsp\/view?usp=drive_link\" target=\"_blank\" rel=\"noopener\">Cidadania<\/a><\/p><\/td><td><p><a href=\"https:\/\/drive.google.com\/file\/d\/1GnBKkuYkFFPL_mT_54-S1iAlapbfzOHd\/view?usp=drive_link\" target=\"_blank\" rel=\"noopener\">Portugu\u00eas<\/a><\/p><p><a href=\"https:\/\/docs.google.com\/document\/d\/1bTthYN-TsAp8J2aRjn5K9OjD-eOFthtr\/edit?usp=drive_link&amp;ouid=109014792794346586126&amp;rtpof=true&amp;sd=true\" target=\"_blank\" rel=\"noopener\">Ingl\u00eas<\/a><\/p><p><a href=\"https:\/\/drive.google.com\/file\/d\/1EU3uVslLFndeKkXC0VLOgmddPEwoLuCd\/view?usp=drive_link\" target=\"_blank\" rel=\"noopener\">Matem\u00e1tica<\/a><\/p><p><a href=\"https:\/\/drive.google.com\/file\/d\/14xVCJgNBFRXDlFhwx3zRMa9x9YxeDI3t\/view?usp=drive_link\" target=\"_blank\" rel=\"noopener\">Estudo do Meio<\/a><\/p><p>Educa\u00e7\u00e3o Art\u00edstica\u00a0\u00a0<a href=\"https:\/\/drive.google.com\/file\/d\/1hby4YxaNFuY4fPCtf1hf1QiBsPBDBftk\/view?usp=drive_link\" target=\"_blank\" rel=\"noopener\">Dan\u00e7a<\/a>\/<a href=\"https:\/\/drive.google.com\/file\/d\/1YafOxrn-_DofMkjKy6dkTxg2bYKLsDQN\/view?usp=drive_link\" target=\"_blank\" rel=\"noopener\">M\u00fasica<\/a><br \/><a href=\"https:\/\/drive.google.com\/file\/d\/18FEPKaoqDejHQfK0T09srqHT5n-53pt3\/view?usp=drive_link\" target=\"_blank\" rel=\"noopener\">EDramatica<\/a>\/<a href=\"https:\/\/drive.google.com\/file\/d\/1Ifsu9v9GSR3XaM7Cn8OI0RHL9ogU60kn\/view?usp=drive_link\" target=\"_blank\" rel=\"noopener\">Artes<\/a><\/p><p><a href=\"https:\/\/drive.google.com\/file\/d\/1owJc1ti0Dyt6Wf_a-d-chXLffFeCd_dc\/view?usp=drive_link\" target=\"_blank\" rel=\"noopener\">Educa\u00e7\u00e3o F\u00edsica<\/a><\/p><p><a href=\"https:\/\/drive.google.com\/file\/d\/1RQbxDiHMAtca0DV1TltAuta_GqLORAI2\/view?usp=drive_link\" target=\"_blank\" rel=\"noopener\">Cidadania<\/a><\/p><\/td><\/tr><\/tbody><\/table><table><tbody><tr><td>5.\u00ba Ano<\/td><td>6.\u00ba Ano<\/td><td>7.\u00ba Ano<\/td><td>8.\u00ba Ano<\/td><td>9.\u00ba Ano<\/td><\/tr><tr><td class=\"cursor-hover\"><a href=\"https:\/\/drive.google.com\/file\/d\/1PNoO2R3FGpR0mOZ_DBE1X-eYDgI_4-vL\/view?usp=drive_link\">Matem\u00e1tica<\/a><br \/><a href=\"https:\/\/drive.google.com\/file\/d\/1I0KJVWHkjPugOJXws-cZAk69UIb7kzfd\/view?usp=drive_link\">Portugu\u00eas<\/a><br \/><a href=\"https:\/\/drive.google.com\/file\/d\/14aajTC4m-bw94KsghL70ddDGeH84lJsj\/view?usp=drive_link\">Ingl\u00eas<\/a><br \/><a href=\"https:\/\/drive.google.com\/file\/d\/1gmI4I8_sUJlrws_yeSmbUA802rBrNaEL\/view?usp=drive_link\">HGP<\/a><br \/><a href=\"https:\/\/drive.google.com\/file\/d\/1BtOUn5QNwZzfrKZy6f9KpfmDAre1H--S\/view?usp=drive_link\">Ci\u00eancias Naturais<\/a><br \/><a href=\"https:\/\/drive.google.com\/file\/d\/1pWCL-GXnIBGcR3RoS-SZCFRvkMmTRlEE\/view?usp=drive_link\">Ed. Visual<\/a><br \/><a href=\"https:\/\/drive.google.com\/file\/d\/1LoOsX581goiG5Z4yzilW8ldL_rqmgRQu\/view?usp=drive_link\">Ed. Tecnol\u00f3gica<\/a><br \/><a href=\"https:\/\/drive.google.com\/file\/d\/1dU1qZRp3p_7JQIOgCy9z5FmJw38URkV1\/view?usp=drive_link\">Ed. Musical<\/a><br \/><a href=\"https:\/\/docs.google.com\/document\/d\/1g_6aJVstuT9ryvUJVLgVJHGFkTQ8Et9q\/edit?usp=sharing&amp;ouid=109014792794346586126&amp;rtpof=true&amp;sd=true\">Ed. F\u00edsica<\/a><br \/><a href=\"https:\/\/docs.google.com\/document\/d\/1nMgSbmmy3coduzjoRx4gddoTuYih6YcE\/edit?usp=drive_link&amp;ouid=109014792794346586126&amp;rtpof=true&amp;sd=true\">Ed. F\u00edsica c\/ atestado<\/a><br \/><a href=\"https:\/\/drive.google.com\/file\/d\/1G1Sn4LMG96NlUbXAVZc1SKW3olOuG8y8\/view?usp=drive_link\">EMRC<\/a>\/<a href=\"https:\/\/drive.google.com\/file\/d\/1mdj02PEGfa8mkNpaiUtL1MatKVqnhQrc\/view?usp=drive_link\">EMRE<\/a><br \/><a href=\"https:\/\/drive.google.com\/file\/d\/1l8yjwhDpgR8uEbsYUSSm-rTERWIVN6zr\/view?usp=sharing\">Cidadania e Desenvolvimento<\/a><br \/><a href=\"https:\/\/drive.google.com\/file\/d\/1AvuPis7WSCgEEhZgTBZhGdcR9gax5zcB\/view?usp=sharing\">Oficina de Projeto\/TIC<\/a><\/td><td class=\"cursor-hover\"><a href=\"https:\/\/drive.google.com\/file\/d\/1PNoO2R3FGpR0mOZ_DBE1X-eYDgI_4-vL\/view?usp=drive_link\">Matem\u00e1tica<\/a><br \/><a href=\"https:\/\/drive.google.com\/file\/d\/1hq9s0e4vxXiVhjCJj-FqyNVsvhioBe0t\/view?usp=drive_link\">Portugu\u00eas<\/a><br \/><a href=\"https:\/\/drive.google.com\/file\/d\/1m3m0jIMsUubfg2IhZYNZ9YbtUoqwIvo2\/view?usp=drive_link\">Ingl\u00eas<\/a><br \/><a href=\"https:\/\/drive.google.com\/file\/d\/1gmI4I8_sUJlrws_yeSmbUA802rBrNaEL\/view?usp=drive_link\">HGP<\/a><br \/><a href=\"https:\/\/drive.google.com\/file\/d\/1BtOUn5QNwZzfrKZy6f9KpfmDAre1H--S\/view?usp=drive_link\">Ci\u00eancias Naturais<\/a><br \/><a href=\"https:\/\/drive.google.com\/file\/d\/1pWCL-GXnIBGcR3RoS-SZCFRvkMmTRlEE\/view?usp=drive_link\">Ed. Visual<\/a><br \/><a href=\"https:\/\/drive.google.com\/file\/d\/1LoOsX581goiG5Z4yzilW8ldL_rqmgRQu\/view?usp=drive_link\">Ed. Tecnol\u00f3gica<\/a><br \/><a href=\"https:\/\/drive.google.com\/file\/d\/1dU1qZRp3p_7JQIOgCy9z5FmJw38URkV1\/view?usp=drive_link\">Ed. Musical<\/a><br \/><a href=\"https:\/\/docs.google.com\/document\/d\/1g_6aJVstuT9ryvUJVLgVJHGFkTQ8Et9q\/edit?usp=sharing&amp;ouid=109014792794346586126&amp;rtpof=true&amp;sd=true\">Ed. F\u00edsica<\/a><br \/><a href=\"https:\/\/docs.google.com\/document\/d\/1nMgSbmmy3coduzjoRx4gddoTuYih6YcE\/edit?usp=drive_link&amp;ouid=109014792794346586126&amp;rtpof=true&amp;sd=true\">Ed. F\u00edsica c\/ atestado<\/a><br \/><a href=\"https:\/\/drive.google.com\/file\/d\/1G1Sn4LMG96NlUbXAVZc1SKW3olOuG8y8\/view?usp=drive_link\">EMRC<\/a>\/<a href=\"https:\/\/drive.google.com\/file\/d\/1mdj02PEGfa8mkNpaiUtL1MatKVqnhQrc\/view?usp=drive_link\">EMRE<\/a><br \/><a href=\"https:\/\/drive.google.com\/file\/d\/1l8yjwhDpgR8uEbsYUSSm-rTERWIVN6zr\/view?usp=sharing\">Cidadania e Desenvolvimento<\/a><br \/><a href=\"https:\/\/drive.google.com\/file\/d\/1AvuPis7WSCgEEhZgTBZhGdcR9gax5zcB\/view?usp=sharing\">Oficina de Projeto\/TIC<\/a><\/td><td class=\"cursor-hover\"><a href=\"https:\/\/drive.google.com\/file\/d\/1HqOyiNY02O1NIf7PCA4omU0vhyuZUvKG\/view?usp=drive_link\">Matem\u00e1tica<\/a><br \/><a href=\"https:\/\/drive.google.com\/file\/d\/1BsUlc1gTYdtchsx_Szw4s-khZhakTM41\/view?usp=drive_link\">Portugu\u00eas<\/a><br \/><a href=\"https:\/\/drive.google.com\/file\/d\/1rUO98-shAhkyAvApon-jwLjmCUYLT2J1\/view?usp=drive_link\">Ingl\u00eas<\/a><br \/><a href=\"https:\/\/drive.google.com\/file\/d\/19APhYzJOFmgEPkfTGx2nsDW1xRcqtUYP\/view?usp=drive_link\">Franc\u00eas<\/a><br \/><a href=\"https:\/\/drive.google.com\/file\/d\/1umIqTYX04EupDCMeQCZNF2W34ufZS72-\/view?usp=drive_link\">F\u00edsico \u2013 Qu\u00edmica<\/a><br \/><a href=\"https:\/\/drive.google.com\/file\/d\/1Wo3qi296gsjDCCaqG6UDN5ut6fxEqtb7\/view?usp=drive_link\">Ci\u00eancias Naturais<\/a><br \/><a href=\"https:\/\/docs.google.com\/document\/d\/1Ap-AVpGrKv9k8m4F8Qr-eJzO5vDPaWD3\/edit?usp=drive_link&amp;ouid=109014792794346586126&amp;rtpof=true&amp;sd=true\">Ed. F\u00edsica<\/a><br \/><a href=\"https:\/\/docs.google.com\/document\/d\/14iygeKEI8khHCMt_OP4gS0JeoiPT17U6\/edit?usp=drive_link&amp;ouid=109014792794346586126&amp;rtpof=true&amp;sd=true\">Ed. F\u00edsica c\/ atestado<\/a><br \/><a href=\"https:\/\/drive.google.com\/file\/d\/14P104F8qOfxWJWmtGjnbkmKYDcTw3KKl\/view?usp=drive_link\">Ed. Visual<\/a><br \/><a href=\"https:\/\/drive.google.com\/file\/d\/1Ii7mWFIjDp_7bLnrurk_99YjuCienwje\/view?usp=drive_link\">Hist\u00f3ria<\/a><br \/><a style=\"font-style: inherit; font-weight: inherit; background-color: #ffffff;\" href=\"https:\/\/drive.google.com\/file\/d\/1DmbbEOR6BumjoaJqXwee5K-KoD86FlJr\/view?usp=drive_link\">Geografia<\/a><br \/><a href=\"https:\/\/drive.google.com\/file\/d\/1rcqgxvKFCt_2y9-WcdxpSPFA0N-rE2-7\/view?usp=drive_link\">Express\u00e3o Pl\u00e1stica<\/a><br \/><a href=\"https:\/\/drive.google.com\/file\/d\/1SfXtQkYoQLztan20yzttyCWrvIYE9Tci\/view?usp=drive_link\">M\u00fasica<\/a><br \/><a href=\"https:\/\/drive.google.com\/file\/d\/1waOCHN1sVIQd8j5A_R-I-Y-ARF8m1tBJ\/view?usp=drive_link\">Teatro<\/a><br \/><a href=\"https:\/\/drive.google.com\/file\/d\/1l8yjwhDpgR8uEbsYUSSm-rTERWIVN6zr\/view?usp=sharing\">Cidadania e Desenvolvimento<\/a><br \/><a href=\"https:\/\/drive.google.com\/file\/d\/1G1Sn4LMG96NlUbXAVZc1SKW3olOuG8y8\/view?usp=drive_link\">EMRC<\/a>\/<a href=\"https:\/\/drive.google.com\/file\/d\/1mdj02PEGfa8mkNpaiUtL1MatKVqnhQrc\/view?usp=drive_link\">EMRE<\/a><br \/><a href=\"https:\/\/drive.google.com\/file\/d\/1AvuPis7WSCgEEhZgTBZhGdcR9gax5zcB\/view?usp=sharing\">Oficina de Projeto\/TIC<\/a><\/td><td class=\"cursor-hover\"><a href=\"https:\/\/drive.google.com\/file\/d\/1HqOyiNY02O1NIf7PCA4omU0vhyuZUvKG\/view?usp=drive_link\">Matem\u00e1tica<\/a><br \/><a href=\"https:\/\/drive.google.com\/file\/d\/1BsUlc1gTYdtchsx_Szw4s-khZhakTM41\/view?usp=drive_link\">Portugu\u00eas<\/a><br \/><a href=\"https:\/\/drive.google.com\/file\/d\/1Cl_1H96U4R0DIrinS1Q_JJ4akOQ63IAI\/view?usp=drive_link\">Ingl\u00eas<\/a><br \/><a href=\"https:\/\/drive.google.com\/file\/d\/1pNhf74ePpCUDJ8B0q0Z0bClPGVyxX509\/view?usp=drive_link\">Franc\u00eas<\/a><br \/><a href=\"https:\/\/drive.google.com\/file\/d\/1ZdGZeEDO7QJTnxPyEJCv9a5ZXS0BUlr3\/view?usp=drive_link\">F\u00edsico \u2013 Qu\u00edmica<\/a><br \/><a href=\"https:\/\/drive.google.com\/file\/d\/1Wo3qi296gsjDCCaqG6UDN5ut6fxEqtb7\/view?usp=drive_link\">Ci\u00eancias Naturais<\/a><br \/><a href=\"https:\/\/docs.google.com\/document\/d\/1cAGzJ6xHRR1_ujFIvdC7JwlCYeE1EScL\/edit?usp=sharing&amp;ouid=109014792794346586126&amp;rtpof=true&amp;sd=true\">Ed. F\u00edsica<\/a><br \/><a href=\"https:\/\/docs.google.com\/document\/d\/15oviT-WGUcGkJ4cHhgXZujon-pwf1OXN\/edit?usp=drive_link&amp;ouid=109014792794346586126&amp;rtpof=true&amp;sd=true\">Ed. F\u00edsica c\/ atestado<\/a><br \/><a href=\"https:\/\/drive.google.com\/file\/d\/14P104F8qOfxWJWmtGjnbkmKYDcTw3KKl\/view?usp=drive_link\">Ed. Visual<\/a><br \/><a href=\"https:\/\/drive.google.com\/file\/d\/1qMbjaxpDt0vojGiXcMKbic0T-w0At-MZ\/view?usp=drive_link\">Hist\u00f3ria<\/a><br \/><a href=\"https:\/\/drive.google.com\/file\/d\/1DmbbEOR6BumjoaJqXwee5K-KoD86FlJr\/view?usp=drive_link\">Geografia<br \/><\/a><a href=\"https:\/\/drive.google.com\/file\/d\/1rcqgxvKFCt_2y9-WcdxpSPFA0N-rE2-7\/view?usp=drive_link\">Express\u00e3o Pl\u00e1stica<\/a><a href=\"https:\/\/drive.google.com\/file\/d\/1opNWZUxKlB0sSERoI4pUPri9j-SXF60F\/view?usp=drive_link\"><br \/><\/a><a href=\"https:\/\/drive.google.com\/file\/d\/1SfXtQkYoQLztan20yzttyCWrvIYE9Tci\/view?usp=drive_link\">M\u00fasica<\/a><a href=\"https:\/\/drive.google.com\/file\/d\/1opNWZUxKlB0sSERoI4pUPri9j-SXF60F\/view?usp=drive_link\"><br \/><\/a><a href=\"https:\/\/drive.google.com\/file\/d\/1waOCHN1sVIQd8j5A_R-I-Y-ARF8m1tBJ\/view?usp=drive_link\">Teatro<\/a><a href=\"https:\/\/drive.google.com\/file\/d\/1opNWZUxKlB0sSERoI4pUPri9j-SXF60F\/view?usp=drive_link\"><br \/><\/a><a href=\"https:\/\/drive.google.com\/file\/d\/1l8yjwhDpgR8uEbsYUSSm-rTERWIVN6zr\/view?usp=sharing\">Cidadania e Desenvolvimento<\/a><a href=\"https:\/\/drive.google.com\/file\/d\/1opNWZUxKlB0sSERoI4pUPri9j-SXF60F\/view?usp=drive_link\"><br \/><\/a><a href=\"https:\/\/drive.google.com\/file\/d\/1G1Sn4LMG96NlUbXAVZc1SKW3olOuG8y8\/view?usp=drive_link\">EMRC<\/a><a href=\"https:\/\/drive.google.com\/file\/d\/1opNWZUxKlB0sSERoI4pUPri9j-SXF60F\/view?usp=drive_link\">\/<\/a><a href=\"https:\/\/drive.google.com\/file\/d\/1mdj02PEGfa8mkNpaiUtL1MatKVqnhQrc\/view?usp=drive_link\">EMRE<\/a><a href=\"https:\/\/drive.google.com\/file\/d\/1opNWZUxKlB0sSERoI4pUPri9j-SXF60F\/view?usp=drive_link\"><br \/><\/a><a href=\"https:\/\/drive.google.com\/file\/d\/1AvuPis7WSCgEEhZgTBZhGdcR9gax5zcB\/view?usp=sharing\">Oficina de Projeto\/TIC<\/a><\/td><td class=\"cursor-hover\"><a href=\"https:\/\/drive.google.com\/file\/d\/1HqOyiNY02O1NIf7PCA4omU0vhyuZUvKG\/view?usp=drive_link\">Matem\u00e1tica<\/a><br \/><a href=\"https:\/\/drive.google.com\/file\/d\/1BsUlc1gTYdtchsx_Szw4s-khZhakTM41\/view?usp=drive_link\">Portugu\u00eas<\/a><br \/><a href=\"https:\/\/drive.google.com\/file\/d\/1dx2qRrQaziq5OuH1BfBHMGoVH-XWKoTQ\/view?usp=drive_link\">Ingl\u00eas<\/a><br \/><a href=\"https:\/\/drive.google.com\/file\/d\/1DYBxWc85ZlnsTg2exktmLH_a480vmKrV\/view?usp=drive_link\">Franc\u00eas<\/a><br \/><a href=\"https:\/\/drive.google.com\/file\/d\/1BzCGrtE1qhTUFj9U0ZYzrD98pMOZG084\/view?usp=drive_link\">F\u00edsico \u2013 Qu\u00edmica<\/a><br \/><a href=\"https:\/\/drive.google.com\/file\/d\/1Wo3qi296gsjDCCaqG6UDN5ut6fxEqtb7\/view?usp=drive_link\">Ci\u00eancias Naturais<\/a><br \/><a href=\"https:\/\/docs.google.com\/document\/d\/1tiOxEi8S1C6ECVg1vIK3ZKlcOoAopRrp\/edit?usp=drive_link&amp;ouid=109014792794346586126&amp;rtpof=true&amp;sd=true\">Ed. F\u00edsica<\/a><br \/><a href=\"https:\/\/docs.google.com\/document\/d\/1NN4lL0IGAiByuUTc_s0AFbTVcTX1YwXQ\/edit?usp=drive_link&amp;ouid=109014792794346586126&amp;rtpof=true&amp;sd=true\">Ed. F\u00edsica c\/ atestado<\/a><br \/><a href=\"https:\/\/drive.google.com\/file\/d\/14P104F8qOfxWJWmtGjnbkmKYDcTw3KKl\/view?usp=drive_link\">Ed. Visual<\/a><br \/><a href=\"https:\/\/drive.google.com\/file\/d\/1VIbFc2uttr3divFUZAeOh5YIePTZglyR\/view?usp=drive_link\">Hist\u00f3ria<\/a><br \/><a href=\"https:\/\/drive.google.com\/file\/d\/1D404jQJlLTHTOGcrlnXc-GVj6flMxkaR\/view?usp=sharing\">Hist\u00f3ria (Plano de Inova\u00e7\u00e3o)<\/a><br \/><a href=\"https:\/\/drive.google.com\/file\/d\/1DmbbEOR6BumjoaJqXwee5K-KoD86FlJr\/view?usp=drive_link\">Geografia<\/a><br \/><a href=\"https:\/\/drive.google.com\/file\/d\/1l8yjwhDpgR8uEbsYUSSm-rTERWIVN6zr\/view?usp=sharing\">Cidadania e Desenvolvimento<\/a><br \/><a href=\"https:\/\/drive.google.com\/file\/d\/1G1Sn4LMG96NlUbXAVZc1SKW3olOuG8y8\/view?usp=drive_link\">EMRC<\/a>\/<a href=\"https:\/\/drive.google.com\/file\/d\/1mdj02PEGfa8mkNpaiUtL1MatKVqnhQrc\/view?usp=drive_link\">EMRE<\/a><br \/><a href=\"https:\/\/drive.google.com\/file\/d\/1AvuPis7WSCgEEhZgTBZhGdcR9gax5zcB\/view?usp=sharing\">Literacia Financeira<\/a><br \/><a href=\"https:\/\/drive.google.com\/file\/d\/1r_zz5H-CJxuDxpHA3zKgk03DzB28iBQh\/view?usp=drive_link\">TIC<\/a><\/td><\/tr><\/tbody><\/table>\t\t\t\t\t\t\t\t<\/div>\n\t\t\t\t<\/div>\n\t\t\t\t\t<\/div>\n\t\t\t\t<\/div>\n\t\t\t\t<\/div>\n\t\t","protected":false},"excerpt":{"rendered":"<p>Crit\u00e9rios de Avalia\u00e7\u00e3o 2025\/2026 \u00a01.\u00ba Ano \u00a02.\u00ba Ano\u00a0 \u00a03.\u00ba Ano \u00a04.\u00ba Ano Portugu\u00eas Matem\u00e1tica Estudo do Meio Educa\u00e7\u00e3o Art\u00edstica\u00a0\u00a0Dan\u00e7a\/M\u00fasicaEDramatica\/Artes Educa\u00e7\u00e3o F\u00edsica Cidadania Portugu\u00eas Matem\u00e1tica Estudo do Meio Educa\u00e7\u00e3o Art\u00edstica\u00a0\u00a0Dan\u00e7a\/M\u00fasicaEDramatica\/Artes Educa\u00e7\u00e3o F\u00edsica Cidadania Portugu\u00eas Ingl\u00eas Matem\u00e1tica Estudo do Meio Educa\u00e7\u00e3o Art\u00edstica\u00a0\u00a0Dan\u00e7a\/M\u00fasicaEDramatica\/Artes Educa\u00e7\u00e3o F\u00edsica Cidadania Portugu\u00eas Ingl\u00eas Matem\u00e1tica Estudo do Meio Educa\u00e7\u00e3o Art\u00edstica\u00a0\u00a0Dan\u00e7a\/M\u00fasicaEDramatica\/Artes Educa\u00e7\u00e3o F\u00edsica Cidadania 5.\u00ba [&hellip;]<\/p>\n","protected":false},"author":1,"featured_media":0,"parent":0,"menu_order":0,"comment_status":"closed","ping_status":"closed","template":"","meta":{"_seopress_robots_primary_cat":"","_seopress_titles_title":"","_seopress_titles_desc":"","_seopress_robots_index":"","site-sidebar-layout":"no-sidebar","site-content-layout":"page-builder","ast-site-content-layout":"default","site-content-style":"default","site-sidebar-style":"default","ast-global-header-display":"","ast-banner-title-visibility":"","ast-main-header-display":"","ast-hfb-above-header-display":"","ast-hfb-below-header-display":"","ast-hfb-mobile-header-display":"","site-post-title":"disabled","ast-breadcrumbs-content":"disabled","ast-featured-img":"disabled","footer-sml-layout":"","theme-transparent-header-meta":"default","adv-header-id-meta":"","stick-header-meta":"","header-above-stick-meta":"","header-main-stick-meta":"","header-below-stick-meta":"","astra-migrate-meta-layouts":"default","ast-page-background-enabled":"default","ast-page-background-meta":{"desktop":{"background-color":"","background-image":"","background-repeat":"repeat","background-position":"center center","background-size":"auto","background-attachment":"scroll","background-type":"","background-media":"","overlay-type":"","overlay-color":"","overlay-opacity":"","overlay-gradient":""},"tablet":{"background-color":"","background-image":"","background-repeat":"repeat","background-position":"center center","background-size":"auto","background-attachment":"scroll","background-type":"","background-media":"","overlay-type":"","overlay-color":"","overlay-opacity":"","overlay-gradient":""},"mobile":{"background-color":"","background-image":"","background-repeat":"repeat","background-position":"center center","background-size":"auto","background-attachment":"scroll","background-type":"","background-media":"","overlay-type":"","overlay-color":"","overlay-opacity":"","overlay-gradient":""}},"ast-content-background-meta":{"desktop":{"background-color":"var(--ast-global-color-5)","background-image":"","background-repeat":"repeat","background-position":"center center","background-size":"auto","background-attachment":"scroll","background-type":"","background-media":"","overlay-type":"","overlay-color":"","overlay-opacity":"","overlay-gradient":""},"tablet":{"background-color":"var(--ast-global-color-5)","background-image":"","background-repeat":"repeat","background-position":"center center","background-size":"auto","background-attachment":"scroll","background-type":"","background-media":"","overlay-type":"","overlay-color":"","overlay-opacity":"","overlay-gradient":""},"mobile":{"background-color":"var(--ast-global-color-5)","background-image":"","background-repeat":"repeat","background-position":"center center","background-size":"auto","background-attachment":"scroll","background-type":"","background-media":"","overlay-type":"","overlay-color":"","overlay-opacity":"","overlay-gradient":""}},"footnotes":""},"class_list":["post-1231","page","type-page","status-publish","hentry"],"_links":{"self":[{"href":"https:\/\/aevm.pt\/index.php\/wp-json\/wp\/v2\/pages\/1231","targetHints":{"allow":["GET"]}}],"collection":[{"href":"https:\/\/aevm.pt\/index.php\/wp-json\/wp\/v2\/pages"}],"about":[{"href":"https:\/\/aevm.pt\/index.php\/wp-json\/wp\/v2\/types\/page"}],"author":[{"embeddable":true,"href":"https:\/\/aevm.pt\/index.php\/wp-json\/wp\/v2\/users\/1"}],"replies":[{"embeddable":true,"href":"https:\/\/aevm.pt\/index.php\/wp-json\/wp\/v2\/comments?post=1231"}],"version-history":[{"count":117,"href":"https:\/\/aevm.pt\/index.php\/wp-json\/wp\/v2\/pages\/1231\/revisions"}],"predecessor-version":[{"id":5429,"href":"https:\/\/aevm.pt\/index.php\/wp-json\/wp\/v2\/pages\/1231\/revisions\/5429"}],"wp:attachment":[{"href":"https:\/\/aevm.pt\/index.php\/wp-json\/wp\/v2\/media?parent=1231"}],"curies":[{"name":"wp","href":"https:\/\/api.w.org\/{rel}","templated":true}]}}