{"id":1274,"date":"2024-02-02T18:30:09","date_gmt":"2024-02-02T18:30:09","guid":{"rendered":"https:\/\/sitetemp.inforabreu.pt\/aevm\/?page_id=1274"},"modified":"2025-09-02T15:32:23","modified_gmt":"2025-09-02T15:32:23","slug":"ase","status":"publish","type":"page","link":"https:\/\/aevm.pt\/index.php\/ase\/","title":{"rendered":"ASE"},"content":{"rendered":"\t\t<div data-elementor-type=\"wp-page\" data-elementor-id=\"1274\" class=\"elementor elementor-1274\" data-elementor-settings=\"{&quot;ha_cmc_init_switcher&quot;:&quot;no&quot;}\">\n\t\t\t\t<div class=\"elementor-element elementor-element-cc4f042 e-flex e-con-boxed e-con e-parent\" data-id=\"cc4f042\" data-element_type=\"container\" data-settings=\"{&quot;background_background&quot;:&quot;classic&quot;,&quot;_ha_eqh_enable&quot;:false}\">\n\t\t\t\t\t<div class=\"e-con-inner\">\n\t\t<div class=\"elementor-element elementor-element-414d6ef e-con-full e-flex e-con e-child\" data-id=\"414d6ef\" data-element_type=\"container\" data-settings=\"{&quot;_ha_eqh_enable&quot;:false}\">\n\t\t\t\t<div class=\"elementor-element elementor-element-45d7c59 elementor-widget elementor-widget-heading\" data-id=\"45d7c59\" data-element_type=\"widget\" data-widget_type=\"heading.default\">\n\t\t\t\t<div class=\"elementor-widget-container\">\n\t\t\t\t\t<h1 class=\"elementor-heading-title elementor-size-default\">ASE (A\u00e7\u00e3o Social Escolar)<\/h1>\t\t\t\t<\/div>\n\t\t\t\t<\/div>\n\t\t\t\t<\/div>\n\t\t\t\t\t<\/div>\n\t\t\t\t<\/div>\n\t\t<div class=\"elementor-element elementor-element-29fd4e7 e-flex e-con-boxed e-con e-parent\" data-id=\"29fd4e7\" data-element_type=\"container\" data-settings=\"{&quot;background_background&quot;:&quot;classic&quot;,&quot;_ha_eqh_enable&quot;:false}\">\n\t\t\t\t\t<div class=\"e-con-inner\">\n\t\t<div class=\"elementor-element elementor-element-8722d1b e-flex e-con-boxed e-con e-child\" data-id=\"8722d1b\" data-element_type=\"container\" data-settings=\"{&quot;_ha_eqh_enable&quot;:false}\">\n\t\t\t\t\t<div class=\"e-con-inner\">\n\t\t\t\t<div class=\"elementor-element elementor-element-3d2966e elementor-widget elementor-widget-heading\" data-id=\"3d2966e\" data-element_type=\"widget\" data-widget_type=\"heading.default\">\n\t\t\t\t<div class=\"elementor-widget-container\">\n\t\t\t\t\t<h3 class=\"elementor-heading-title elementor-size-default\">A\u00c7\u00c3O SOCIAL ESCOLAR (ASE) \u2013 2025\/2026  <\/h3>\t\t\t\t<\/div>\n\t\t\t\t<\/div>\n\t\t\t\t<div class=\"elementor-element elementor-element-5d0e9a1 elementor-widget elementor-widget-image\" data-id=\"5d0e9a1\" data-element_type=\"widget\" data-widget_type=\"image.default\">\n\t\t\t\t<div class=\"elementor-widget-container\">\n\t\t\t\t\t\t\t\t\t\t\t\t\t\t\t<img fetchpriority=\"high\" decoding=\"async\" width=\"768\" height=\"543\" src=\"https:\/\/aevm.pt\/wp-content\/uploads\/2025\/09\/Entrega-de-Manuais-Escolares-reutilizaveis_page-0001-768x543.jpg\" class=\"attachment-medium_large size-medium_large wp-image-4109\" alt=\"\" srcset=\"https:\/\/aevm.pt\/wp-content\/uploads\/2025\/09\/Entrega-de-Manuais-Escolares-reutilizaveis_page-0001-768x543.jpg 768w, https:\/\/aevm.pt\/wp-content\/uploads\/2025\/09\/Entrega-de-Manuais-Escolares-reutilizaveis_page-0001-300x212.jpg 300w, https:\/\/aevm.pt\/wp-content\/uploads\/2025\/09\/Entrega-de-Manuais-Escolares-reutilizaveis_page-0001-1024x724.jpg 1024w, https:\/\/aevm.pt\/wp-content\/uploads\/2025\/09\/Entrega-de-Manuais-Escolares-reutilizaveis_page-0001-1536x1086.jpg 1536w, https:\/\/aevm.pt\/wp-content\/uploads\/2025\/09\/Entrega-de-Manuais-Escolares-reutilizaveis_page-0001.jpg 1755w\" sizes=\"(max-width: 768px) 100vw, 768px\" \/>\t\t\t\t\t\t\t\t\t\t\t\t\t\t\t<\/div>\n\t\t\t\t<\/div>\n\t\t\t\t<div class=\"elementor-element elementor-element-d24f7bb elementor-widget elementor-widget-text-editor\" data-id=\"d24f7bb\" data-element_type=\"widget\" data-widget_type=\"text-editor.default\">\n\t\t\t\t<div class=\"elementor-widget-container\">\n\t\t\t\t\t\t\t\t\t<p><strong>5.\u00baANO (2025\/2026)<\/strong> PEDIDO OBRIGAT\u00d3RIO, ATRAV\u00c9S DO PORTAL DAS MATR\u00cdCULAS, AQUANDO DA RENOVA\u00c7\u00c3O DAS MATR\u00cdCULAS: DE 1 A 11 DE JULHO<\/p><p class=\"cursor-hover\">Para al\u00e9m do registo no Portal das Matr\u00edculas, o pedido de ASE implica a entrega <strong>(envio) de documenta\u00e7\u00e3o nos servi\u00e7os da Escola Sede de Agrupamento, entre os dias 1 e 11 de julho<\/strong>, para que essa prioridade possa ser considerada na renova\u00e7\u00e3o de matr\u00edcula.<\/p><p>7.\u00baANO (2025\/2026) PEDIDO OBRIGAT\u00d3RIO, ATRAV\u00c9S DO PORTAL DAS MATR\u00cdCULAS, AQUANDO DA RENOVA\u00c7\u00c3O DAS MATR\u00cdCULAS: DE 16 A 27 DE JUNHO <br \/>Para al\u00e9m do registo no Portal das Matr\u00edculas, o pedido de ASE implica a entrega <strong>(envio) de documenta\u00e7\u00e3o nos servi\u00e7os da Escola Sede de <\/strong><br \/><strong>Agrupamento, entre os dias 16 e 27 de junho<\/strong>, para que essa prioridade possa ser considerada na renova\u00e7\u00e3o de matr\u00edcula.<\/p><p><strong>10.\u00ba ANO (2025\/2026)<\/strong> PEDIDO OBRIGAT\u00d3RIO, ATRAV\u00c9S DO PORTAL DAS MATR\u00cdCULAS, AQUANDO DA RENOVA\u00c7\u00c3O DAS MATR\u00cdCULAS: <strong>DE 15 A 22 DE JULHO<\/strong> <br \/>Para al\u00e9m do registo no Portal das Matr\u00edculas, o pedido de ASE implica a entrega (envio) de documenta\u00e7\u00e3o nos servi\u00e7os da Escola Sede de <br \/>Agrupamento, entre os dias 15 e 22 de julho, para que essa prioridade possa ser considerada na renova\u00e7\u00e3o de matr\u00edcula.<\/p><p><strong>6.\u00ba, 8.\u00ba E 9.\u00baANOS (2025\/2026) ENTREGA (envio) DE DOCUMENTA\u00c7\u00c3O NOS SERVI\u00c7OS DA ESCOLA SEDE DE AGRUPAMENTO, entre os dias 16 e 27 de junho.<\/strong><\/p><p><strong>DOCUMENTA\u00c7\u00c3O A APRESENTAR:<\/strong> <br \/>\uf0b7 Declara\u00e7\u00e3o da Seguran\u00e7a Social com o posicionamento do escal\u00e3o de abono de fam\u00edlia &#8211; 1.\u00ba ou 2.\u00ba escal\u00f5es &#8211; ou, no caso dos funcion\u00e1rios p\u00fablicos, <br \/>declara\u00e7\u00e3o emitida pela entidade patronal onde conste o escal\u00e3o de abono de fam\u00edlia (com data de emiss\u00e3o nos \u00faltimos 3 meses). <br \/>Os documentos podem ser entregues pessoalmente ou enviados para <a href=\"mailto:ase@aevm.pt\">ase@aevm.pt<\/a> colocando como assunto: &#8220;Candidatura ASE&#8221; + n.\u00ba do cart\u00e3o do aluno <br \/>(exemplo: Candidatura ASE &#8211; a99999). Qualquer outro contacto\/esclarecimento de d\u00favidas pode ser tamb\u00e9m efetuado por esta via. <br \/>Os contactos telef\u00f3nicos devem ser realizados para 21 254 82 60, nos dias \u00fateis, das 10h00 \u00e0s 12h00 e das 14h00 \u00e0s 16h00. <br \/>Nota: Em caso de indocumenta\u00e7\u00e3o, deve ser entregue\/enviado o comprovativo de rendimento ou, na sua aus\u00eancia, a entrega\/o envio da declara\u00e7\u00e3o da <br \/>Seguran\u00e7a Social com o registo atualizado da atividade.<\/p>\t\t\t\t\t\t\t\t<\/div>\n\t\t\t\t<\/div>\n\t\t\t\t<div class=\"elementor-element elementor-element-f7bb9c0 elementor-widget elementor-widget-text-editor\" data-id=\"f7bb9c0\" data-element_type=\"widget\" data-widget_type=\"text-editor.default\">\n\t\t\t\t<div class=\"elementor-widget-container\">\n\t\t\t\t\t\t\t\t\t<section class=\"elementor-section elementor-top-section elementor-element elementor-element-bfb5cc8 elementor-section-boxed elementor-section-height-default elementor-section-height-default\" data-id=\"bfb5cc8\" data-element_type=\"section\"><div class=\"elementor-container elementor-column-gap-default\"><div class=\"elementor-column elementor-col-100 elementor-top-column elementor-element elementor-element-e9c01d3\" data-id=\"e9c01d3\" data-element_type=\"column\"><div class=\"elementor-widget-wrap elementor-element-populated\"><div class=\"elementor-element elementor-element-a665c89 elementor-widget elementor-widget-heading\" data-id=\"a665c89\" data-element_type=\"widget\" data-widget_type=\"heading.default\"><div class=\"elementor-widget-container\"><h2 class=\"elementor-heading-title elementor-size-default\">\u00a0<\/h2><\/div><\/div><div class=\"elementor-element elementor-element-0bdbff9 elementor-widget elementor-widget-text-editor\" data-id=\"0bdbff9\" data-element_type=\"widget\" data-widget_type=\"text-editor.default\"><div class=\"elementor-widget-container\"><table><tbody><tr><td width=\"225\"><strong>N\u00edvel de Ensino<\/strong><\/td><td width=\"208\"><strong>Prazo de entrega<\/strong><\/td><td width=\"208\">\u00a0<\/td><\/tr><tr><td width=\"225\"><strong>Educa\u00e7\u00e3o Pr\u00e9-escolar e 1.\u00ba ciclo<\/strong><\/td><td width=\"208\">\u00a0<\/td><td width=\"208\"><p>SIGA &#8211; <a href=\"https:\/\/siga.edubox.pt\/\" target=\"_blank\" rel=\"noopener noreferrer\" data-extlink=\"\">siga.edubox.pt<\/a>.<\/p><\/td><\/tr><tr><td width=\"225\"><strong>2.\u00ba e 3.\u00ba ciclos<\/strong><\/td><td width=\"208\"><p>5.\u00ba &#8211; 1 a 11 de julho 2025<\/p><p>6.\u00ba ao 9.\u00ba &#8211; 16 a 27 de junho 2025<\/p><\/td><td width=\"208\"><p><a href=\"https:\/\/aevm.pt\/wp-content\/uploads\/2025\/06\/ASE-2o-3o-ciclo.pdf\">Modelo em PDF<\/a><\/p><p>Declara\u00e7\u00e3o da seguran\u00e7a social<\/p><\/td><\/tr><tr><td width=\"225\"><strong>Local de Entrega:<\/strong><\/td><td width=\"208\"><p>Sede do Agrupamento<\/p><p>ou para o email<\/p><\/td><td width=\"208\"><p>EB de Vale de Milha\u00e7os<\/p><p><a href=\"mailto:ase@aevm.pt\">ase@aevm.pt<\/a><\/p><\/td><\/tr><\/tbody><\/table><p>\u00a0<\/p><\/div><\/div><\/div><\/div><\/div><\/section>\t\t\t\t\t\t\t\t<\/div>\n\t\t\t\t<\/div>\n\t\t\t\t<div class=\"elementor-element elementor-element-9c6e59c elementor-widget elementor-widget-image\" data-id=\"9c6e59c\" data-element_type=\"widget\" data-widget_type=\"image.default\">\n\t\t\t\t<div class=\"elementor-widget-container\">\n\t\t\t\t\t\t\t\t\t\t\t\t\t\t\t<img decoding=\"async\" width=\"638\" height=\"376\" src=\"https:\/\/aevm.pt\/wp-content\/uploads\/2025\/05\/aux1.png\" class=\"attachment-large size-large wp-image-3642\" alt=\"\" srcset=\"https:\/\/aevm.pt\/wp-content\/uploads\/2025\/05\/aux1.png 638w, https:\/\/aevm.pt\/wp-content\/uploads\/2025\/05\/aux1-300x177.png 300w\" sizes=\"(max-width: 638px) 100vw, 638px\" \/>\t\t\t\t\t\t\t\t\t\t\t\t\t\t\t<\/div>\n\t\t\t\t<\/div>\n\t\t\t\t<div class=\"elementor-element elementor-element-cdbe0b6 elementor-widget elementor-widget-heading\" data-id=\"cdbe0b6\" data-element_type=\"widget\" data-widget_type=\"heading.default\">\n\t\t\t\t<div class=\"elementor-widget-container\">\n\t\t\t\t\t<h4 class=\"elementor-heading-title elementor-size-default\">Informa\u00e7\u00f5es candidatura - ASE - Plataforma SIGA (pr\u00e9-escolar e 1.\u00ba ciclo)<\/h4>\t\t\t\t<\/div>\n\t\t\t\t<\/div>\n\t\t\t\t<div class=\"elementor-element elementor-element-2b7253a elementor-widget elementor-widget-image\" data-id=\"2b7253a\" data-element_type=\"widget\" data-widget_type=\"image.default\">\n\t\t\t\t<div class=\"elementor-widget-container\">\n\t\t\t\t\t\t\t\t\t\t\t\t\t\t\t<img decoding=\"async\" width=\"646\" height=\"376\" src=\"https:\/\/aevm.pt\/wp-content\/uploads\/2025\/05\/aux2.png\" class=\"attachment-large size-large wp-image-3647\" alt=\"\" srcset=\"https:\/\/aevm.pt\/wp-content\/uploads\/2025\/05\/aux2.png 646w, https:\/\/aevm.pt\/wp-content\/uploads\/2025\/05\/aux2-300x175.png 300w\" sizes=\"(max-width: 646px) 100vw, 646px\" \/>\t\t\t\t\t\t\t\t\t\t\t\t\t\t\t<\/div>\n\t\t\t\t<\/div>\n\t\t\t\t<div class=\"elementor-element elementor-element-d80f451 elementor-widget elementor-widget-image\" data-id=\"d80f451\" data-element_type=\"widget\" data-widget_type=\"image.default\">\n\t\t\t\t<div class=\"elementor-widget-container\">\n\t\t\t\t\t\t\t\t\t\t\t\t\t\t\t<img loading=\"lazy\" decoding=\"async\" width=\"642\" height=\"172\" src=\"https:\/\/aevm.pt\/wp-content\/uploads\/2025\/05\/aux3.png\" class=\"attachment-large size-large wp-image-3652\" alt=\"\" srcset=\"https:\/\/aevm.pt\/wp-content\/uploads\/2025\/05\/aux3.png 642w, https:\/\/aevm.pt\/wp-content\/uploads\/2025\/05\/aux3-300x80.png 300w\" sizes=\"(max-width: 642px) 100vw, 642px\" \/>\t\t\t\t\t\t\t\t\t\t\t\t\t\t\t<\/div>\n\t\t\t\t<\/div>\n\t\t\t\t<div class=\"elementor-element elementor-element-6d81ada elementor-widget-divider--view-line elementor-widget elementor-widget-divider\" data-id=\"6d81ada\" data-element_type=\"widget\" data-widget_type=\"divider.default\">\n\t\t\t\t<div class=\"elementor-widget-container\">\n\t\t\t\t\t\t\t<div class=\"elementor-divider\">\n\t\t\t<span class=\"elementor-divider-separator\">\n\t\t\t\t\t\t<\/span>\n\t\t<\/div>\n\t\t\t\t\t\t<\/div>\n\t\t\t\t<\/div>\n\t\t\t\t\t<\/div>\n\t\t\t\t<\/div>\n\t\t\t\t\t<\/div>\n\t\t\t\t<\/div>\n\t\t\t\t<\/div>\n\t\t","protected":false},"excerpt":{"rendered":"<p>ASE (A\u00e7\u00e3o Social Escolar) A\u00c7\u00c3O SOCIAL ESCOLAR (ASE) \u2013 2025\/2026 5.\u00baANO (2025\/2026) PEDIDO OBRIGAT\u00d3RIO, ATRAV\u00c9S DO PORTAL DAS MATR\u00cdCULAS, AQUANDO DA RENOVA\u00c7\u00c3O DAS MATR\u00cdCULAS: DE 1 A 11 DE JULHO Para al\u00e9m do registo no Portal das Matr\u00edculas, o pedido de ASE implica a entrega (envio) de documenta\u00e7\u00e3o nos servi\u00e7os da Escola Sede de Agrupamento, [&hellip;]<\/p>\n","protected":false},"author":1,"featured_media":0,"parent":0,"menu_order":0,"comment_status":"closed","ping_status":"closed","template":"","meta":{"_seopress_robots_primary_cat":"","_seopress_titles_title":"","_seopress_titles_desc":"","_seopress_robots_index":"","site-sidebar-layout":"no-sidebar","site-content-layout":"page-builder","ast-site-content-layout":"full-width-container","site-content-style":"unboxed","site-sidebar-style":"unboxed","ast-global-header-display":"","ast-banner-title-visibility":"","ast-main-header-display":"","ast-hfb-above-header-display":"","ast-hfb-below-header-display":"","ast-hfb-mobile-header-display":"","site-post-title":"disabled","ast-breadcrumbs-content":"disabled","ast-featured-img":"disabled","footer-sml-layout":"","theme-transparent-header-meta":"default","adv-header-id-meta":"","stick-header-meta":"","header-above-stick-meta":"","header-main-stick-meta":"","header-below-stick-meta":"","astra-migrate-meta-layouts":"set","ast-page-background-enabled":"default","ast-page-background-meta":{"desktop":{"background-color":"","background-image":"","background-repeat":"repeat","background-position":"center center","background-size":"auto","background-attachment":"scroll","background-type":"","background-media":"","overlay-type":"","overlay-color":"","overlay-opacity":"","overlay-gradient":""},"tablet":{"background-color":"","background-image":"","background-repeat":"repeat","background-position":"center center","background-size":"auto","background-attachment":"scroll","background-type":"","background-media":"","overlay-type":"","overlay-color":"","overlay-opacity":"","overlay-gradient":""},"mobile":{"background-color":"","background-image":"","background-repeat":"repeat","background-position":"center center","background-size":"auto","background-attachment":"scroll","background-type":"","background-media":"","overlay-type":"","overlay-color":"","overlay-opacity":"","overlay-gradient":""}},"ast-content-background-meta":{"desktop":{"background-color":"var(--ast-global-color-5)","background-image":"","background-repeat":"repeat","background-position":"center center","background-size":"auto","background-attachment":"scroll","background-type":"","background-media":"","overlay-type":"","overlay-color":"","overlay-opacity":"","overlay-gradient":""},"tablet":{"background-color":"var(--ast-global-color-5)","background-image":"","background-repeat":"repeat","background-position":"center center","background-size":"auto","background-attachment":"scroll","background-type":"","background-media":"","overlay-type":"","overlay-color":"","overlay-opacity":"","overlay-gradient":""},"mobile":{"background-color":"var(--ast-global-color-5)","background-image":"","background-repeat":"repeat","background-position":"center center","background-size":"auto","background-attachment":"scroll","background-type":"","background-media":"","overlay-type":"","overlay-color":"","overlay-opacity":"","overlay-gradient":""}},"footnotes":""},"class_list":["post-1274","page","type-page","status-publish","hentry"],"_links":{"self":[{"href":"https:\/\/aevm.pt\/index.php\/wp-json\/wp\/v2\/pages\/1274","targetHints":{"allow":["GET"]}}],"collection":[{"href":"https:\/\/aevm.pt\/index.php\/wp-json\/wp\/v2\/pages"}],"about":[{"href":"https:\/\/aevm.pt\/index.php\/wp-json\/wp\/v2\/types\/page"}],"author":[{"embeddable":true,"href":"https:\/\/aevm.pt\/index.php\/wp-json\/wp\/v2\/users\/1"}],"replies":[{"embeddable":true,"href":"https:\/\/aevm.pt\/index.php\/wp-json\/wp\/v2\/comments?post=1274"}],"version-history":[{"count":0,"href":"https:\/\/aevm.pt\/index.php\/wp-json\/wp\/v2\/pages\/1274\/revisions"}],"wp:attachment":[{"href":"https:\/\/aevm.pt\/index.php\/wp-json\/wp\/v2\/media?parent=1274"}],"curies":[{"name":"wp","href":"https:\/\/api.w.org\/{rel}","templated":true}]}}