{"id":1289,"date":"2024-02-02T18:38:01","date_gmt":"2024-02-02T18:38:01","guid":{"rendered":"https:\/\/sitetemp.inforabreu.pt\/aevm\/?page_id=1289"},"modified":"2024-12-13T12:01:21","modified_gmt":"2024-12-13T12:01:21","slug":"escola-digital","status":"publish","type":"page","link":"https:\/\/aevm.pt\/index.php\/escola-digital\/","title":{"rendered":"Escola Digital"},"content":{"rendered":"\t\t<div data-elementor-type=\"wp-page\" data-elementor-id=\"1289\" class=\"elementor elementor-1289\" data-elementor-settings=\"{&quot;ha_cmc_init_switcher&quot;:&quot;no&quot;}\">\n\t\t\t\t<div class=\"elementor-element elementor-element-cc4f042 e-flex e-con-boxed e-con e-parent\" data-id=\"cc4f042\" data-element_type=\"container\" data-settings=\"{&quot;background_background&quot;:&quot;classic&quot;,&quot;_ha_eqh_enable&quot;:false}\">\n\t\t\t\t\t<div class=\"e-con-inner\">\n\t\t<div class=\"elementor-element elementor-element-414d6ef e-con-full e-flex e-con e-child\" data-id=\"414d6ef\" data-element_type=\"container\" data-settings=\"{&quot;_ha_eqh_enable&quot;:false}\">\n\t\t\t\t<div class=\"elementor-element elementor-element-45d7c59 elementor-widget elementor-widget-heading\" data-id=\"45d7c59\" data-element_type=\"widget\" data-widget_type=\"heading.default\">\n\t\t\t\t<div class=\"elementor-widget-container\">\n\t\t\t\t\t<h1 class=\"elementor-heading-title elementor-size-default\">Escola Digital<\/h1>\t\t\t\t<\/div>\n\t\t\t\t<\/div>\n\t\t\t\t<\/div>\n\t\t\t\t\t<\/div>\n\t\t\t\t<\/div>\n\t\t<div class=\"elementor-element elementor-element-f18de8d e-flex e-con-boxed e-con e-parent\" data-id=\"f18de8d\" data-element_type=\"container\" data-settings=\"{&quot;background_background&quot;:&quot;classic&quot;,&quot;_ha_eqh_enable&quot;:false}\">\n\t\t\t\t\t<div class=\"e-con-inner\">\n\t\t<div class=\"elementor-element elementor-element-c886c31 e-con-full e-flex e-con e-child\" data-id=\"c886c31\" data-element_type=\"container\" data-settings=\"{&quot;_ha_eqh_enable&quot;:false}\">\n\t\t\t\t<div class=\"elementor-element elementor-element-ff004e3 elementor-widget elementor-widget-text-editor\" data-id=\"ff004e3\" data-element_type=\"widget\" data-widget_type=\"text-editor.default\">\n\t\t\t\t<div class=\"elementor-widget-container\">\n\t\t\t\t\t\t\t\t\t<h5 class=\"wp-block-heading\"><img fetchpriority=\"high\" decoding=\"async\" class=\"wp-image-2736 aligncenter\" src=\"https:\/\/aevm.pt\/wp-content\/uploads\/2024\/12\/escola-digital-300x135.png\" alt=\"\" width=\"477\" height=\"215\" srcset=\"https:\/\/aevm.pt\/wp-content\/uploads\/2024\/12\/escola-digital-300x135.png 300w, https:\/\/aevm.pt\/wp-content\/uploads\/2024\/12\/escola-digital-768x344.png 768w, https:\/\/aevm.pt\/wp-content\/uploads\/2024\/12\/escola-digital.png 874w\" sizes=\"(max-width: 477px) 100vw, 477px\" \/><\/h5><p>O Programa \u201cEscola Digital\u201d, promovido pelo Minist\u00e9rio da Educa\u00e7\u00e3o e gerido pela Secretaria-Geral da Educa\u00e7\u00e3o e Ci\u00eancia (SGEC), assenta em medidas de a\u00e7\u00e3o:<\/p><p>&#8211; acesso a equipamentos digitais<\/p><p>&#8211; conectividade \u00e0 internet gratuita<\/p><p>&#8211; forma\u00e7\u00e3o e acesso a recursos digitais<\/p><p>Objetivo \u00e9 garantir o acesso dos alunos a equipamentos inform\u00e1ticos com liga\u00e7\u00e3o \u00e0 internet e recursos pedag\u00f3gicos digitais.<\/p><p><strong>O que \u00e9?<\/strong><\/p><p>Na primeira fase, contempla a distribui\u00e7\u00e3o dos seguintes kits, aos alunos de A\u00e7\u00e3o Social Escolar:<\/p><p><strong>kit de computador<\/strong> &#8211; computador port\u00e1til, auscultador com microfone (headset) e uma mochila.<br \/><strong>kit de conetividade<\/strong> &#8211; hotspot (router) e um cart\u00e3o SIM de dados, uso exclusivamente em contexto educativo e de modo respons\u00e1vel.<\/p><p>\u00c9 disponibilizado um pacote de 12GB de dados por m\u00eas. Se acabar o plafond, h\u00e1 a possibilidade de refor\u00e7o com carregamentos adicionais atrav\u00e9s das caixas Multibanco, da responsabilidade do Encarregado Educa\u00e7\u00e3o, que assume a despesa.<\/p><p><strong>Como usar os Equipamentos?<\/strong><\/p><p>A entrega destes equipamentos aos alunos \u00e9 tempor\u00e1ria e gratuita e destina-se a ser usada, exclusivamente, para fins do processo de ensino e aprendizagem do aluno. Portanto, o aluno \u00e9 livre para usar o equipamento para estudar, fazer trabalhos, pesquisar, comunicar com os colegas e professores, desenvolver as suas aprendizagens.<\/p><p><strong>Como se processa a ced\u00eancia?<\/strong><\/p><p>Cada Encarregado de Educa\u00e7\u00e3o toma conhecimento e assina um \u201cAuto de Entrega\u201d dos equipamentos, no ato de levantamento que, entre outras, cont\u00e9m os direitos e deveres de utiliza\u00e7\u00e3o a que est\u00e1 obrigado.<\/p><p><strong>Vantagens de utiliza\u00e7\u00e3o do Kit Escola Digital?<\/strong><\/p><p>-Possibilidade de utiliza\u00e7\u00e3o de um conjunto de equipamentos de forma gratuita<br \/>-Utiliza\u00e7\u00e3o de internet m\u00f3vel gratuita (usada responsavelmente)<br \/>-Potenciar as aprendizagens dos alunos, correspondendo \u00e0s solicita\u00e7\u00f5es dos professores e da escola<br \/>-Prepara\u00e7\u00e3o para o futuro da Escola (por exemplo, desmaterializa\u00e7\u00e3o dos manuais escolares, realiza\u00e7\u00e3o de avalia\u00e7\u00e3o em modo digital,\u2026);<br \/>Capacitar o aluno para a literacia digital.<\/p><p><strong>Quando devolver?<\/strong><\/p><p>Os equipamentos t\u00eam que ser devolvidos:<\/p><ul><li>na data de conclus\u00e3o do primeiro ciclo do ensino b\u00e1sico, ou na data de conclus\u00e3o do terceiro ciclo do ensino b\u00e1sico,<br \/>na situa\u00e7\u00e3o de transfer\u00eancia para outro Agrupamento de Escolas\/Escola n\u00e3o Agrupada.<\/li><\/ul><p><strong>Quais as obriga\u00e7\u00f5es do Encarregado de Educa\u00e7\u00e3o\/ aluno?<\/strong><\/p><ul><li>zelar pela conserva\u00e7\u00e3o dos equipamentos;<\/li><li>restituir em boas condi\u00e7\u00f5es os equipamentos no final do tempo estipulado;<\/li><li>suportar os custos de repara\u00e7\u00e3o caso haja danos provocados por mau uso;<\/li><li>informar sempre que ocorrer perda, avaria ou roubo apresentar queixa se o equipamento for furtado e entregar comprovativo na escola;<\/li><li>n\u00e3o instalar ou desinstalar programas, a n\u00e3o ser com autoriza\u00e7\u00e3o da Escola.<\/li><li>n\u00e3o ceder ou emprestar o equipamento a terceiros.<\/li><\/ul><h5 class=\"wp-block-heading\">Documentos de Apoio na Configura\u00e7\u00e3o<\/h5><ul><li>Configura\u00e7\u00e3o do port\u00e1til (todos os modelos) \u2013<a href=\"https:\/\/drive.google.com\/file\/d\/10KQjfZOm6KU0pwBcRoLloWXDLjeDeHWN\/view?usp=sharing\">\u00a01.\u00ba ciclo<\/a>\u00a0\/\u00a0<a href=\"https:\/\/drive.google.com\/file\/d\/1yPXhqRptK3IMi75lvqZnHKrSxWdPZ_31\/view?usp=sharing\">2.\u00ba e 3.\u00ba ciclo<\/a>;<\/li><li><a href=\"https:\/\/aevm.pt\/wp-content\/uploads\/2024\/12\/Configuracao_Hotspot-1.pdf\">Configura\u00e7\u00e3o da internet (todos os modelos)<\/a>;<\/li><li>Configura\u00e7\u00e3o do e-mail Microsoft (Teams \/ Office 365) e reposi\u00e7\u00f5es de passwords.<\/li><\/ul><p><a href=\"https:\/\/drive.google.com\/file\/d\/10nWedfy1Tn_I4OuHA2a05aVxYSvIcPJF\/view?usp=sharing\">Devolu\u00e7\u00e3o de Equipamentos Escola Digital \u2013 4.o, 6.o e 9.o anos de escolaridade- informa\u00e7\u00f5es\u00a0<\/a><img decoding=\"async\" src=\"https:\/\/drive.google.com\/file\/d\/1aH5zUb4rOKMOtPgsNoFoot88ew6YZvw7\/view?usp=sharing\" alt=\"\" \/><\/p><p><img decoding=\"async\" class=\"\" src=\"https:\/\/aevm.pt\/wp-content\/uploads\/2023\/06\/datas-entrega-pcs-1024x301.jpg\" sizes=\"(max-width: 1024px) 100vw, 1024px\" srcset=\"https:\/\/aevm.pt\/wp-content\/uploads\/2023\/06\/datas-entrega-pcs-1024x301.jpg 1024w, https:\/\/aevm.pt\/wp-content\/uploads\/2023\/06\/datas-entrega-pcs-300x88.jpg 300w, https:\/\/aevm.pt\/wp-content\/uploads\/2023\/06\/datas-entrega-pcs-768x226.jpg 768w, https:\/\/aevm.pt\/wp-content\/uploads\/2023\/06\/datas-entrega-pcs.jpg 1031w\" alt=\"\" width=\"17\" height=\"5\" \/><a href=\"https:\/\/docs.google.com\/document\/d\/1H2bI9KxAZr-r2EpGyiT-iPR8hH2rMHN7b6OnUqKvask\/edit?usp=sharing\">Devolu\u00e7\u00e3o de Equipamentos Escola Digital 2021\/2022<\/a><br \/>4.\u00ba, 6.\u00ba e 9.\u00ba anos de escolaridade<\/p><ul><li>Local de devolu\u00e7\u00e3o;<\/li><li>Condi\u00e7\u00f5es de devolu\u00e7\u00e3o;<\/li><li>Datas e hor\u00e1rios.\u00a0<\/li><li><a href=\"https:\/\/drive.google.com\/file\/d\/1r9TdjJxc1afwBlACt0E6ugiFmlVJx-PG\/view?usp=sharing\">Como resolver a situa\u00e7\u00e3o de Bloqueio de Port\u00e1teis do programa Escola Digital<\/a>?<\/li><\/ul><p>\u00a0O utilit\u00e1rio dever\u00e1 ser descarregado a partir do seguinte endere\u00e7o:<\/p><p><a href=\"https:\/\/cuco.inforlandia.pt\/ucode\/\">https:\/\/cuco.inforlandia.pt\/ucode\/<\/a><\/p><p><a href=\"https:\/\/cuco.inforlandia.pt\/updates\/\">https:\/\/cuco.inforlandia.pt\/updates<\/a><\/p><ul><li><a href=\"https:\/\/drive.google.com\/file\/d\/15yhjZh6zjrYVS71BFiawyolj50A8NKKS\/view?usp=sharing\">Como configurar Hotspot (acesso \u00e0 Internet) conforme o diferente tipo de cart\u00e3o associado (MEO, NOS, Vodafone<\/a>)?<\/li><li>PC- INSYS \u2013 Como instalar e configurar o SIM Card? \u2013\u00a0<a href=\"https:\/\/drive.google.com\/file\/d\/1aLrJBNCeRewZaOUtP9YJngO-pYAVHqr_\/view?usp=sharing\">Modelo QW1<\/a>\/<a href=\"https:\/\/drive.google.com\/file\/d\/1XuoGf-ydZXf6lDpQT59V2wsflcmak4Pp\/view?usp=sharing\">Modelo WH1<\/a><\/li><\/ul>\t\t\t\t\t\t\t\t<\/div>\n\t\t\t\t<\/div>\n\t\t\t\t<div class=\"elementor-element elementor-element-e9ed1b4 elementor-widget elementor-widget-image\" data-id=\"e9ed1b4\" data-element_type=\"widget\" data-widget_type=\"image.default\">\n\t\t\t\t<div class=\"elementor-widget-container\">\n\t\t\t\t\t\t\t\t\t\t\t\t\t\t\t<img decoding=\"async\" width=\"300\" height=\"57\" src=\"https:\/\/aevm.pt\/wp-content\/uploads\/2024\/12\/Escola-digital-LED-300x57.jpg\" class=\"attachment-medium size-medium wp-image-2714\" alt=\"\" srcset=\"https:\/\/aevm.pt\/wp-content\/uploads\/2024\/12\/Escola-digital-LED-300x57.jpg 300w, https:\/\/aevm.pt\/wp-content\/uploads\/2024\/12\/Escola-digital-LED-768x146.jpg 768w, https:\/\/aevm.pt\/wp-content\/uploads\/2024\/12\/Escola-digital-LED.jpg 816w\" sizes=\"(max-width: 300px) 100vw, 300px\" \/>\t\t\t\t\t\t\t\t\t\t\t\t\t\t\t<\/div>\n\t\t\t\t<\/div>\n\t\t\t\t<div class=\"elementor-element elementor-element-6b31c40 elementor-widget elementor-widget-heading\" data-id=\"6b31c40\" data-element_type=\"widget\" data-widget_type=\"heading.default\">\n\t\t\t\t<div class=\"elementor-widget-container\">\n\t\t\t\t\t<h5 class=\"elementor-heading-title elementor-size-default\">LABORAT\u00d3RIOS DE EDUCA\u00c7\u00c3O DIGITAL (LED)<\/h5>\t\t\t\t<\/div>\n\t\t\t\t<\/div>\n\t\t<div class=\"elementor-element elementor-element-52beaf3 e-con-full e-flex e-con e-child\" data-id=\"52beaf3\" data-element_type=\"container\" data-settings=\"{&quot;_ha_eqh_enable&quot;:false}\">\n\t\t\t\t<div class=\"elementor-element elementor-element-3fa67f1 elementor-widget elementor-widget-image\" data-id=\"3fa67f1\" data-element_type=\"widget\" data-widget_type=\"image.default\">\n\t\t\t\t<div class=\"elementor-widget-container\">\n\t\t\t\t\t\t\t\t\t\t\t\t\t\t\t<img loading=\"lazy\" decoding=\"async\" width=\"768\" height=\"432\" src=\"https:\/\/aevm.pt\/wp-content\/uploads\/2024\/12\/20241203_131518-768x432.jpg\" class=\"attachment-medium_large size-medium_large wp-image-2789\" alt=\"\" srcset=\"https:\/\/aevm.pt\/wp-content\/uploads\/2024\/12\/20241203_131518-768x432.jpg 768w, https:\/\/aevm.pt\/wp-content\/uploads\/2024\/12\/20241203_131518-300x169.jpg 300w, https:\/\/aevm.pt\/wp-content\/uploads\/2024\/12\/20241203_131518-1024x576.jpg 1024w, https:\/\/aevm.pt\/wp-content\/uploads\/2024\/12\/20241203_131518-1536x864.jpg 1536w, https:\/\/aevm.pt\/wp-content\/uploads\/2024\/12\/20241203_131518-2048x1152.jpg 2048w\" sizes=\"(max-width: 768px) 100vw, 768px\" \/>\t\t\t\t\t\t\t\t\t\t\t\t\t\t\t<\/div>\n\t\t\t\t<\/div>\n\t\t\t\t<div class=\"elementor-element elementor-element-2132f4d elementor-widget elementor-widget-image\" data-id=\"2132f4d\" data-element_type=\"widget\" data-widget_type=\"image.default\">\n\t\t\t\t<div class=\"elementor-widget-container\">\n\t\t\t\t\t\t\t\t\t\t\t\t\t\t\t<img loading=\"lazy\" decoding=\"async\" width=\"768\" height=\"399\" src=\"https:\/\/aevm.pt\/wp-content\/uploads\/2024\/12\/led1-768x399.jpg\" class=\"attachment-medium_large size-medium_large wp-image-2722\" alt=\"\" srcset=\"https:\/\/aevm.pt\/wp-content\/uploads\/2024\/12\/led1-768x399.jpg 768w, https:\/\/aevm.pt\/wp-content\/uploads\/2024\/12\/led1-300x156.jpg 300w, https:\/\/aevm.pt\/wp-content\/uploads\/2024\/12\/led1-1024x531.jpg 1024w, https:\/\/aevm.pt\/wp-content\/uploads\/2024\/12\/led1.jpg 1451w\" sizes=\"(max-width: 768px) 100vw, 768px\" \/>\t\t\t\t\t\t\t\t\t\t\t\t\t\t\t<\/div>\n\t\t\t\t<\/div>\n\t\t\t\t<div class=\"elementor-element elementor-element-1ab0b95 elementor-widget elementor-widget-image\" data-id=\"1ab0b95\" data-element_type=\"widget\" data-widget_type=\"image.default\">\n\t\t\t\t<div class=\"elementor-widget-container\">\n\t\t\t\t\t\t\t\t\t\t\t\t\t\t\t<img loading=\"lazy\" decoding=\"async\" width=\"768\" height=\"421\" src=\"https:\/\/aevm.pt\/wp-content\/uploads\/2024\/12\/led2-768x421.jpg\" class=\"attachment-medium_large size-medium_large wp-image-2721\" alt=\"\" srcset=\"https:\/\/aevm.pt\/wp-content\/uploads\/2024\/12\/led2-768x421.jpg 768w, https:\/\/aevm.pt\/wp-content\/uploads\/2024\/12\/led2-300x164.jpg 300w, https:\/\/aevm.pt\/wp-content\/uploads\/2024\/12\/led2-1024x561.jpg 1024w, https:\/\/aevm.pt\/wp-content\/uploads\/2024\/12\/led2.jpg 1394w\" sizes=\"(max-width: 768px) 100vw, 768px\" \/>\t\t\t\t\t\t\t\t\t\t\t\t\t\t\t<\/div>\n\t\t\t\t<\/div>\n\t\t\t\t<\/div>\n\t\t\t\t<\/div>\n\t\t\t\t\t<\/div>\n\t\t\t\t<\/div>\n\t\t<div class=\"elementor-element elementor-element-779702b e-flex e-con-boxed e-con e-parent\" data-id=\"779702b\" data-element_type=\"container\" data-settings=\"{&quot;_ha_eqh_enable&quot;:false}\">\n\t\t\t\t\t<div class=\"e-con-inner\">\n\t\t\t\t\t<\/div>\n\t\t\t\t<\/div>\n\t\t\t\t<\/div>\n\t\t","protected":false},"excerpt":{"rendered":"<p>Escola Digital O Programa \u201cEscola Digital\u201d, promovido pelo Minist\u00e9rio da Educa\u00e7\u00e3o e gerido pela Secretaria-Geral da Educa\u00e7\u00e3o e Ci\u00eancia (SGEC), assenta em medidas de a\u00e7\u00e3o: &#8211; acesso a equipamentos digitais &#8211; conectividade \u00e0 internet gratuita &#8211; forma\u00e7\u00e3o e acesso a recursos digitais Objetivo \u00e9 garantir o acesso dos alunos a equipamentos inform\u00e1ticos com liga\u00e7\u00e3o \u00e0 [&hellip;]<\/p>\n","protected":false},"author":1,"featured_media":0,"parent":0,"menu_order":0,"comment_status":"closed","ping_status":"closed","template":"","meta":{"_seopress_robots_primary_cat":"","_seopress_titles_title":"","_seopress_titles_desc":"","_seopress_robots_index":"","site-sidebar-layout":"no-sidebar","site-content-layout":"page-builder","ast-site-content-layout":"default","site-content-style":"default","site-sidebar-style":"default","ast-global-header-display":"","ast-banner-title-visibility":"","ast-main-header-display":"","ast-hfb-above-header-display":"","ast-hfb-below-header-display":"","ast-hfb-mobile-header-display":"","site-post-title":"disabled","ast-breadcrumbs-content":"disabled","ast-featured-img":"disabled","footer-sml-layout":"","theme-transparent-header-meta":"default","adv-header-id-meta":"","stick-header-meta":"","header-above-stick-meta":"","header-main-stick-meta":"","header-below-stick-meta":"","astra-migrate-meta-layouts":"default","ast-page-background-enabled":"default","ast-page-background-meta":{"desktop":{"background-color":"","background-image":"","background-repeat":"repeat","background-position":"center center","background-size":"auto","background-attachment":"scroll","background-type":"","background-media":"","overlay-type":"","overlay-color":"","overlay-opacity":"","overlay-gradient":""},"tablet":{"background-color":"","background-image":"","background-repeat":"repeat","background-position":"center center","background-size":"auto","background-attachment":"scroll","background-type":"","background-media":"","overlay-type":"","overlay-color":"","overlay-opacity":"","overlay-gradient":""},"mobile":{"background-color":"","background-image":"","background-repeat":"repeat","background-position":"center center","background-size":"auto","background-attachment":"scroll","background-type":"","background-media":"","overlay-type":"","overlay-color":"","overlay-opacity":"","overlay-gradient":""}},"ast-content-background-meta":{"desktop":{"background-color":"var(--ast-global-color-5)","background-image":"","background-repeat":"repeat","background-position":"center center","background-size":"auto","background-attachment":"scroll","background-type":"","background-media":"","overlay-type":"","overlay-color":"","overlay-opacity":"","overlay-gradient":""},"tablet":{"background-color":"var(--ast-global-color-5)","background-image":"","background-repeat":"repeat","background-position":"center center","background-size":"auto","background-attachment":"scroll","background-type":"","background-media":"","overlay-type":"","overlay-color":"","overlay-opacity":"","overlay-gradient":""},"mobile":{"background-color":"var(--ast-global-color-5)","background-image":"","background-repeat":"repeat","background-position":"center center","background-size":"auto","background-attachment":"scroll","background-type":"","background-media":"","overlay-type":"","overlay-color":"","overlay-opacity":"","overlay-gradient":""}},"footnotes":""},"class_list":["post-1289","page","type-page","status-publish","hentry"],"_links":{"self":[{"href":"https:\/\/aevm.pt\/index.php\/wp-json\/wp\/v2\/pages\/1289","targetHints":{"allow":["GET"]}}],"collection":[{"href":"https:\/\/aevm.pt\/index.php\/wp-json\/wp\/v2\/pages"}],"about":[{"href":"https:\/\/aevm.pt\/index.php\/wp-json\/wp\/v2\/types\/page"}],"author":[{"embeddable":true,"href":"https:\/\/aevm.pt\/index.php\/wp-json\/wp\/v2\/users\/1"}],"replies":[{"embeddable":true,"href":"https:\/\/aevm.pt\/index.php\/wp-json\/wp\/v2\/comments?post=1289"}],"version-history":[{"count":0,"href":"https:\/\/aevm.pt\/index.php\/wp-json\/wp\/v2\/pages\/1289\/revisions"}],"wp:attachment":[{"href":"https:\/\/aevm.pt\/index.php\/wp-json\/wp\/v2\/media?parent=1289"}],"curies":[{"name":"wp","href":"https:\/\/api.w.org\/{rel}","templated":true}]}}