{"id":1370,"date":"2024-02-16T21:33:24","date_gmt":"2024-02-16T21:33:24","guid":{"rendered":"https:\/\/sitetemp.inforabreu.pt\/aevm\/?page_id=1370"},"modified":"2025-07-08T09:32:59","modified_gmt":"2025-07-08T09:32:59","slug":"manuais-escolares","status":"publish","type":"page","link":"https:\/\/aevm.pt\/index.php\/manuais-escolares\/","title":{"rendered":"Manuais Escolares"},"content":{"rendered":"\t\t<div data-elementor-type=\"wp-page\" data-elementor-id=\"1370\" class=\"elementor elementor-1370\" data-elementor-settings=\"{&quot;ha_cmc_init_switcher&quot;:&quot;no&quot;}\">\n\t\t\t\t<div class=\"elementor-element elementor-element-cc4f042 e-flex e-con-boxed e-con e-parent\" data-id=\"cc4f042\" data-element_type=\"container\" data-settings=\"{&quot;background_background&quot;:&quot;classic&quot;,&quot;_ha_eqh_enable&quot;:false}\">\n\t\t\t\t\t<div class=\"e-con-inner\">\n\t\t<div class=\"elementor-element elementor-element-414d6ef e-con-full e-flex e-con e-child\" data-id=\"414d6ef\" data-element_type=\"container\" data-settings=\"{&quot;_ha_eqh_enable&quot;:false}\">\n\t\t\t\t<div class=\"elementor-element elementor-element-45d7c59 elementor-widget elementor-widget-heading\" data-id=\"45d7c59\" data-element_type=\"widget\" data-widget_type=\"heading.default\">\n\t\t\t\t<div class=\"elementor-widget-container\">\n\t\t\t\t\t<h1 class=\"elementor-heading-title elementor-size-default\">Manuais Escolares<\/h1>\t\t\t\t<\/div>\n\t\t\t\t<\/div>\n\t\t\t\t<\/div>\n\t\t\t\t\t<\/div>\n\t\t\t\t<\/div>\n\t\t<div class=\"elementor-element elementor-element-29fd4e7 e-flex e-con-boxed e-con e-parent\" data-id=\"29fd4e7\" data-element_type=\"container\" data-settings=\"{&quot;background_background&quot;:&quot;classic&quot;,&quot;_ha_eqh_enable&quot;:false}\">\n\t\t\t\t\t<div class=\"e-con-inner\">\n\t\t<div class=\"elementor-element elementor-element-8722d1b e-flex e-con-boxed e-con e-child\" data-id=\"8722d1b\" data-element_type=\"container\" data-settings=\"{&quot;_ha_eqh_enable&quot;:false}\">\n\t\t\t\t\t<div class=\"e-con-inner\">\n\t\t\t\t<div class=\"elementor-element elementor-element-cef8d75 elementor-widget elementor-widget-heading\" data-id=\"cef8d75\" data-element_type=\"widget\" data-widget_type=\"heading.default\">\n\t\t\t\t<div class=\"elementor-widget-container\">\n\t\t\t\t\t<h6 class=\"elementor-heading-title elementor-size-default\">MANUAIS ESCOLARES ADOTADOS 2025\/2026<\/h6>\t\t\t\t<\/div>\n\t\t\t\t<\/div>\n\t\t\t\t<div class=\"elementor-element elementor-element-3ca254e elementor-widget elementor-widget-button\" data-id=\"3ca254e\" data-element_type=\"widget\" data-widget_type=\"button.default\">\n\t\t\t\t<div class=\"elementor-widget-container\">\n\t\t\t\t\t\t\t\t\t<div class=\"elementor-button-wrapper\">\n\t\t\t\t\t<a class=\"elementor-button elementor-button-link elementor-size-sm\" href=\"https:\/\/drive.google.com\/file\/d\/1Z44cs25eZnWt9Ad-50D93AlJOkCp7Uty\/view?usp=sharing\">\n\t\t\t\t\t\t<span class=\"elementor-button-content-wrapper\">\n\t\t\t\t\t\t\t\t\t<span class=\"elementor-button-text\">1.\u00ba Ciclo do Ensino B\u00e1sico<\/span>\n\t\t\t\t\t<\/span>\n\t\t\t\t\t<\/a>\n\t\t\t\t<\/div>\n\t\t\t\t\t\t\t\t<\/div>\n\t\t\t\t<\/div>\n\t\t\t\t<div class=\"elementor-element elementor-element-48262a0 elementor-widget elementor-widget-button\" data-id=\"48262a0\" data-element_type=\"widget\" data-widget_type=\"button.default\">\n\t\t\t\t<div class=\"elementor-widget-container\">\n\t\t\t\t\t\t\t\t\t<div class=\"elementor-button-wrapper\">\n\t\t\t\t\t<a class=\"elementor-button elementor-button-link elementor-size-sm\" href=\"https:\/\/drive.google.com\/file\/d\/1JwWvFC_btxvTSA7HnaWvHe2WPE_C2bZX\/view?usp=sharing\">\n\t\t\t\t\t\t<span class=\"elementor-button-content-wrapper\">\n\t\t\t\t\t\t\t\t\t<span class=\"elementor-button-text\">2.\u00ba e 3.\u00ba Ciclos do Ensino B\u00e1sico<\/span>\n\t\t\t\t\t<\/span>\n\t\t\t\t\t<\/a>\n\t\t\t\t<\/div>\n\t\t\t\t\t\t\t\t<\/div>\n\t\t\t\t<\/div>\n\t\t\t\t<div class=\"elementor-element elementor-element-a1ce43b elementor-widget elementor-widget-text-editor\" data-id=\"a1ce43b\" data-element_type=\"widget\" data-widget_type=\"text-editor.default\">\n\t\t\t\t<div class=\"elementor-widget-container\">\n\t\t\t\t\t\t\t\t\t<p><a href=\"https:\/\/drive.google.com\/file\/d\/1VeVwOrRLvb1OZWmBGhIfzg50stMGY9xy\/view?usp=sharing\">Circular sobre a ado\u00e7\u00e3o de manuais escolares com efeitos no ano letivo de 2024\/2025<\/a><\/p><div class=\"elementor-element elementor-element-b1c1f01 elementor-widget elementor-widget-text-editor\" data-id=\"b1c1f01\" data-element_type=\"widget\" data-widget_type=\"text-editor.default\"><div class=\"elementor-widget-container\"><p><a href=\"https:\/\/drive.google.com\/file\/d\/1xL7uFA_Q99vkQvxDzpjAeLNgsG1WlKpU\/view?usp=sharing\"><strong>Novas ado\u00e7\u00f5es (4.\u00ba ao 9.\u00ba):<\/strong><\/a><\/p><p>4.\u00ba ano de escolaridade \u2013 Todas as disciplinas;<\/p><p>6.\u00ba ano de escolaridade \u2013 Matem\u00e1tica;<\/p><p>8.\u00ba ano de escolaridade \u2013 Matem\u00e1tica;<\/p><p>9.\u00ba ano de escolaridade \u2013 Todas as disciplinas, exceto Matem\u00e1tica;<\/p><p><strong><a href=\"https:\/\/drive.google.com\/file\/d\/1qqf3ccWaJr2mc0tWYAM4xTH-6Vq4gyd4\/view?usp=sharing\">Mant\u00eam-se (1.\u00ba ao 3.\u00ba)<\/a><\/strong><\/p><p><a href=\"https:\/\/drive.google.com\/file\/d\/1KVMx4_flcgc9cJhkCaJfI3wqWbVUd8kU\/view?usp=sharing\">Mant\u00eam-se (5.\u00ba ao 8.\u00ba) e 9.\u00ba- matem\u00e1tica<\/a><\/p><\/div><\/div><div class=\"elementor-element elementor-element-3690d5f elementor-widget elementor-widget-heading\" data-id=\"3690d5f\" data-element_type=\"widget\" data-widget_type=\"heading.default\"><div class=\"elementor-widget-container\"><h6 class=\"elementor-heading-title elementor-size-default\">DEVOLU\u00c7\u00c3O DE MANUAIS ESCOLARES<\/h6><\/div><\/div><div class=\"elementor-element elementor-element-a623f0b elementor-widget elementor-widget-text-editor\" data-id=\"a623f0b\" data-element_type=\"widget\" data-widget_type=\"text-editor.default\"><div class=\"elementor-widget-container\"><p><a href=\"https:\/\/drive.google.com\/file\/d\/1j3Htzf8tQ8KOHbTlX_tu4F46Sgfvxwf6\/view?usp=drive_link\" target=\"_blank\" rel=\"noopener\">2.\u00ba CICLO<\/a><\/p><p><a href=\"https:\/\/drive.google.com\/file\/d\/1-16DU4P9DPQdU9bfMOt4JgyisflhCHT9\/view?usp=sharing\" target=\"_blank\" rel=\"noopener\">3.\u00ba CICLO<\/a><\/p><p>Contacto para esclarecimento de d\u00favidas: ase@aevm.pt \u2013 Telefone: 212548260<\/p><\/div><\/div><div class=\"elementor-element elementor-element-a89617a elementor-widget elementor-widget-text-editor\" data-id=\"a89617a\" data-element_type=\"widget\" data-widget_type=\"text-editor.default\"><div class=\"elementor-widget-container\"><p><a href=\"https:\/\/drive.google.com\/file\/d\/1mxhQolQK4xDgqX3g-ur8mIcq1MjgSeQK\/view\">INFORMA\u00c7\u00d5ES RELATIVAS AO PROCESSO DE ATRIBUI\u00c7\u00c3O DE MANUAIS ESCOLARES \u2013 2022\/2023<\/a><\/p><\/div><p>Poder\u00e1 consultar aqui v\u00e1rias liga\u00e7\u00f5es a documentos importantes:<\/p><ul><li><a href=\"https:\/\/drive.google.com\/open?id=18oKo3bXhNtwFfixJKblKPZPkvxhUEUlT\" target=\"_blank\" rel=\"noopener\">Perfil do Aluno<\/a><\/li><li><a href=\"https:\/\/drive.google.com\/open?id=1PO4i7dEElcQWy-lrPntV-Mou5xSYji-V\" target=\"_blank\" rel=\"noopener\">Estatuto do Aluno<\/a><\/li><li><a href=\"https:\/\/drive.google.com\/open?id=1g7o5UqGY6tkBAqfi83rynIVNqsSamJdz\" target=\"_blank\" rel=\"noopener\">Manuais escolares\u00a0(art\u00ba. 61 \u2013 gratuitidade dos manuais escolares)<\/a><\/li><li><a href=\"https:\/\/drive.google.com\/open?id=1h_HKkiie9ZKyGuLEgdaSXAOu9IeTKo1r\" target=\"_blank\" rel=\"noopener\">Manuais escolares adotados pelo Agrupamento<\/a><\/li><\/ul><\/div>\t\t\t\t\t\t\t\t<\/div>\n\t\t\t\t<\/div>\n\t\t\t\t\t<\/div>\n\t\t\t\t<\/div>\n\t\t\t\t\t<\/div>\n\t\t\t\t<\/div>\n\t\t<div class=\"elementor-element elementor-element-f5c679c e-flex e-con-boxed e-con e-parent\" data-id=\"f5c679c\" data-element_type=\"container\" data-settings=\"{&quot;background_background&quot;:&quot;classic&quot;,&quot;_ha_eqh_enable&quot;:false}\">\n\t\t\t\t\t<div class=\"e-con-inner\">\n\t\t<div class=\"elementor-element elementor-element-39f2ccf e-flex e-con-boxed e-con e-child\" data-id=\"39f2ccf\" data-element_type=\"container\" data-settings=\"{&quot;_ha_eqh_enable&quot;:false}\">\n\t\t\t\t\t<div class=\"e-con-inner\">\n\t\t\t\t<div class=\"elementor-element elementor-element-dd7e6d1 elementor-widget elementor-widget-image\" data-id=\"dd7e6d1\" data-element_type=\"widget\" data-widget_type=\"image.default\">\n\t\t\t\t<div class=\"elementor-widget-container\">\n\t\t\t\t\t\t\t\t\t\t\t\t\t\t\t<img fetchpriority=\"high\" decoding=\"async\" width=\"763\" height=\"583\" src=\"https:\/\/aevm.pt\/wp-content\/uploads\/2024\/03\/datas-manuais.jpg\" class=\"attachment-large size-large wp-image-1547\" alt=\"\" srcset=\"https:\/\/aevm.pt\/wp-content\/uploads\/2024\/03\/datas-manuais.jpg 763w, https:\/\/aevm.pt\/wp-content\/uploads\/2024\/03\/datas-manuais-300x229.jpg 300w\" sizes=\"(max-width: 763px) 100vw, 763px\" \/>\t\t\t\t\t\t\t\t\t\t\t\t\t\t\t<\/div>\n\t\t\t\t<\/div>\n\t\t\t\t\t<\/div>\n\t\t\t\t<\/div>\n\t\t\t\t\t<\/div>\n\t\t\t\t<\/div>\n\t\t<div class=\"elementor-element elementor-element-6d84769 e-flex e-con-boxed e-con e-parent\" data-id=\"6d84769\" data-element_type=\"container\" data-settings=\"{&quot;background_background&quot;:&quot;classic&quot;,&quot;_ha_eqh_enable&quot;:false}\">\n\t\t\t\t\t<div class=\"e-con-inner\">\n\t\t<div class=\"elementor-element elementor-element-1c8c5ea e-flex e-con-boxed e-con e-child\" data-id=\"1c8c5ea\" data-element_type=\"container\" data-settings=\"{&quot;_ha_eqh_enable&quot;:false}\">\n\t\t\t\t\t<div class=\"e-con-inner\">\n\t\t\t\t<div class=\"elementor-element elementor-element-5ab03a5 elementor-widget elementor-widget-text-editor\" data-id=\"5ab03a5\" data-element_type=\"widget\" data-widget_type=\"text-editor.default\">\n\t\t\t\t<div class=\"elementor-widget-container\">\n\t\t\t\t\t\t\t\t\t<div class=\"elementor-element elementor-element-a89617a elementor-widget elementor-widget-text-editor\" data-id=\"a89617a\" data-element_type=\"widget\" data-widget_type=\"text-editor.default\"><div class=\"elementor-element elementor-element-f792daa elementor-widget elementor-widget-heading\" data-id=\"f792daa\" data-element_type=\"widget\" data-widget_type=\"heading.default\"><div class=\"elementor-widget-container\"><div class=\"elementor-element elementor-element-1636acc elementor-widget elementor-widget-heading\" data-id=\"1636acc\" data-element_type=\"widget\" data-widget_type=\"heading.default\"><div class=\"elementor-widget-container\"><h5 class=\"elementor-heading-title elementor-size-default\">DEVOLU\u00c7\u00c3O E REUTILIZA\u00c7\u00c3O DOS MANUAIS ESCOLARES 2.\u00ba E 3.\u00ba CICLOS<\/h5><\/div><\/div><div class=\"elementor-element elementor-element-a7dbc98 elementor-widget elementor-widget-text-editor\" data-id=\"a7dbc98\" data-element_type=\"widget\" data-widget_type=\"text-editor.default\"><div class=\"elementor-widget-container\"><p><a href=\"https:\/\/aevm.pt\/wp-content\/uploads\/2020\/06\/manuais-escolares.pdf\">Despacho n.\u00ba 6352\/2020<\/a><\/p><p>Procede \u00e0 altera\u00e7\u00e3o, para vigorar no ano de 2020, ao Manual de Apoio \u00e0 Reutiliza\u00e7\u00e3o de Manuais Escolares.\u00a0<\/p><\/div><\/div><\/div><\/div><\/div>\t\t\t\t\t\t\t\t<\/div>\n\t\t\t\t<\/div>\n\t\t\t\t<div class=\"elementor-element elementor-element-5c57843 elementor-widget elementor-widget-image\" data-id=\"5c57843\" data-element_type=\"widget\" data-widget_type=\"image.default\">\n\t\t\t\t<div class=\"elementor-widget-container\">\n\t\t\t\t\t\t\t\t\t\t\t\t\t\t\t<img decoding=\"async\" width=\"494\" height=\"695\" src=\"https:\/\/aevm.pt\/wp-content\/uploads\/2024\/03\/104623281_10217175369352531_8432903691546741837_n.jpg\" class=\"attachment-large size-large wp-image-1548\" alt=\"\" srcset=\"https:\/\/aevm.pt\/wp-content\/uploads\/2024\/03\/104623281_10217175369352531_8432903691546741837_n.jpg 494w, https:\/\/aevm.pt\/wp-content\/uploads\/2024\/03\/104623281_10217175369352531_8432903691546741837_n-213x300.jpg 213w\" sizes=\"(max-width: 494px) 100vw, 494px\" \/>\t\t\t\t\t\t\t\t\t\t\t\t\t\t\t<\/div>\n\t\t\t\t<\/div>\n\t\t\t\t\t<\/div>\n\t\t\t\t<\/div>\n\t\t\t\t\t<\/div>\n\t\t\t\t<\/div>\n\t\t\t\t<\/div>\n\t\t","protected":false},"excerpt":{"rendered":"<p>Manuais Escolares MANUAIS ESCOLARES ADOTADOS 2025\/2026 1.\u00ba Ciclo do Ensino B\u00e1sico 2.\u00ba e 3.\u00ba Ciclos do Ensino B\u00e1sico Circular sobre a ado\u00e7\u00e3o de manuais escolares com efeitos no ano letivo de 2024\/2025 Novas ado\u00e7\u00f5es (4.\u00ba ao 9.\u00ba): 4.\u00ba ano de escolaridade \u2013 Todas as disciplinas; 6.\u00ba ano de escolaridade \u2013 Matem\u00e1tica; 8.\u00ba ano de escolaridade [&hellip;]<\/p>\n","protected":false},"author":1,"featured_media":0,"parent":0,"menu_order":0,"comment_status":"closed","ping_status":"closed","template":"","meta":{"_seopress_robots_primary_cat":"","_seopress_titles_title":"","_seopress_titles_desc":"","_seopress_robots_index":"","site-sidebar-layout":"no-sidebar","site-content-layout":"page-builder","ast-site-content-layout":"full-width-container","site-content-style":"unboxed","site-sidebar-style":"unboxed","ast-global-header-display":"","ast-banner-title-visibility":"","ast-main-header-display":"","ast-hfb-above-header-display":"","ast-hfb-below-header-display":"","ast-hfb-mobile-header-display":"","site-post-title":"disabled","ast-breadcrumbs-content":"disabled","ast-featured-img":"disabled","footer-sml-layout":"","theme-transparent-header-meta":"default","adv-header-id-meta":"","stick-header-meta":"","header-above-stick-meta":"","header-main-stick-meta":"","header-below-stick-meta":"","astra-migrate-meta-layouts":"set","ast-page-background-enabled":"default","ast-page-background-meta":{"desktop":{"background-color":"","background-image":"","background-repeat":"repeat","background-position":"center center","background-size":"auto","background-attachment":"scroll","background-type":"","background-media":"","overlay-type":"","overlay-color":"","overlay-opacity":"","overlay-gradient":""},"tablet":{"background-color":"","background-image":"","background-repeat":"repeat","background-position":"center center","background-size":"auto","background-attachment":"scroll","background-type":"","background-media":"","overlay-type":"","overlay-color":"","overlay-opacity":"","overlay-gradient":""},"mobile":{"background-color":"","background-image":"","background-repeat":"repeat","background-position":"center center","background-size":"auto","background-attachment":"scroll","background-type":"","background-media":"","overlay-type":"","overlay-color":"","overlay-opacity":"","overlay-gradient":""}},"ast-content-background-meta":{"desktop":{"background-color":"var(--ast-global-color-5)","background-image":"","background-repeat":"repeat","background-position":"center center","background-size":"auto","background-attachment":"scroll","background-type":"","background-media":"","overlay-type":"","overlay-color":"","overlay-opacity":"","overlay-gradient":""},"tablet":{"background-color":"var(--ast-global-color-5)","background-image":"","background-repeat":"repeat","background-position":"center center","background-size":"auto","background-attachment":"scroll","background-type":"","background-media":"","overlay-type":"","overlay-color":"","overlay-opacity":"","overlay-gradient":""},"mobile":{"background-color":"var(--ast-global-color-5)","background-image":"","background-repeat":"repeat","background-position":"center center","background-size":"auto","background-attachment":"scroll","background-type":"","background-media":"","overlay-type":"","overlay-color":"","overlay-opacity":"","overlay-gradient":""}},"footnotes":""},"class_list":["post-1370","page","type-page","status-publish","hentry"],"_links":{"self":[{"href":"https:\/\/aevm.pt\/index.php\/wp-json\/wp\/v2\/pages\/1370","targetHints":{"allow":["GET"]}}],"collection":[{"href":"https:\/\/aevm.pt\/index.php\/wp-json\/wp\/v2\/pages"}],"about":[{"href":"https:\/\/aevm.pt\/index.php\/wp-json\/wp\/v2\/types\/page"}],"author":[{"embeddable":true,"href":"https:\/\/aevm.pt\/index.php\/wp-json\/wp\/v2\/users\/1"}],"replies":[{"embeddable":true,"href":"https:\/\/aevm.pt\/index.php\/wp-json\/wp\/v2\/comments?post=1370"}],"version-history":[{"count":0,"href":"https:\/\/aevm.pt\/index.php\/wp-json\/wp\/v2\/pages\/1370\/revisions"}],"wp:attachment":[{"href":"https:\/\/aevm.pt\/index.php\/wp-json\/wp\/v2\/media?parent=1370"}],"curies":[{"name":"wp","href":"https:\/\/api.w.org\/{rel}","templated":true}]}}