{"id":1388,"date":"2024-02-16T21:35:21","date_gmt":"2024-02-16T21:35:21","guid":{"rendered":"https:\/\/sitetemp.inforabreu.pt\/aevm\/?page_id=1388"},"modified":"2024-03-18T15:51:32","modified_gmt":"2024-03-18T15:51:32","slug":"spo","status":"publish","type":"page","link":"https:\/\/aevm.pt\/index.php\/spo\/","title":{"rendered":"SPO"},"content":{"rendered":"\t\t<div data-elementor-type=\"wp-page\" data-elementor-id=\"1388\" class=\"elementor elementor-1388\" data-elementor-settings=\"{&quot;ha_cmc_init_switcher&quot;:&quot;no&quot;}\">\n\t\t\t\t<div class=\"elementor-element elementor-element-cc4f042 e-flex e-con-boxed e-con e-parent\" data-id=\"cc4f042\" data-element_type=\"container\" data-settings=\"{&quot;background_background&quot;:&quot;classic&quot;,&quot;_ha_eqh_enable&quot;:false}\">\n\t\t\t\t\t<div class=\"e-con-inner\">\n\t\t<div class=\"elementor-element elementor-element-414d6ef e-con-full e-flex e-con e-child\" data-id=\"414d6ef\" data-element_type=\"container\" data-settings=\"{&quot;_ha_eqh_enable&quot;:false}\">\n\t\t\t\t<div class=\"elementor-element elementor-element-45d7c59 elementor-widget elementor-widget-heading\" data-id=\"45d7c59\" data-element_type=\"widget\" data-widget_type=\"heading.default\">\n\t\t\t\t<div class=\"elementor-widget-container\">\n\t\t\t\t\t<h1 class=\"elementor-heading-title elementor-size-default\">SPO (Servi\u00e7o de Psicologia e Orienta\u00e7\u00e3o)<\/h1>\t\t\t\t<\/div>\n\t\t\t\t<\/div>\n\t\t\t\t<\/div>\n\t\t\t\t\t<\/div>\n\t\t\t\t<\/div>\n\t\t<div class=\"elementor-element elementor-element-29fd4e7 e-flex e-con-boxed e-con e-parent\" data-id=\"29fd4e7\" data-element_type=\"container\" data-settings=\"{&quot;background_background&quot;:&quot;classic&quot;,&quot;_ha_eqh_enable&quot;:false}\">\n\t\t\t\t\t<div class=\"e-con-inner\">\n\t\t<div class=\"elementor-element elementor-element-8722d1b e-flex e-con-boxed e-con e-child\" data-id=\"8722d1b\" data-element_type=\"container\" data-settings=\"{&quot;_ha_eqh_enable&quot;:false}\">\n\t\t\t\t\t<div class=\"e-con-inner\">\n\t\t\t\t<div class=\"elementor-element elementor-element-daec614 elementor-widget elementor-widget-text-editor\" data-id=\"daec614\" data-element_type=\"widget\" data-widget_type=\"text-editor.default\">\n\t\t\t\t<div class=\"elementor-widget-container\">\n\t\t\t\t\t\t\t\t\t<section class=\"elementor-section elementor-top-section elementor-element elementor-element-e563d34 elementor-section-boxed elementor-section-height-default elementor-section-height-default\" data-id=\"e563d34\" data-element_type=\"section\"><div class=\"elementor-container elementor-column-gap-default\"><div class=\"elementor-column elementor-col-100 elementor-top-column elementor-element elementor-element-5f0dd37\" data-id=\"5f0dd37\" data-element_type=\"column\"><div class=\"elementor-widget-wrap elementor-element-populated\"><div class=\"elementor-element elementor-element-e9d06ca elementor-widget elementor-widget-heading\" data-id=\"e9d06ca\" data-element_type=\"widget\" data-widget_type=\"heading.default\"><div class=\"elementor-widget-container\"><h6 class=\"elementor-heading-title elementor-size-default\">Servi\u00e7o de Psicologia e Orienta\u00e7\u00e3o do Agrupamento de Escolas de Vale de Milha\u00e7os<\/h6><\/div><\/div><\/div><\/div><\/div><\/section><section class=\"elementor-section elementor-top-section elementor-element elementor-element-30698cb elementor-section-boxed elementor-section-height-default elementor-section-height-default\" data-id=\"30698cb\" data-element_type=\"section\"><div class=\"elementor-container elementor-column-gap-default\"><div class=\"elementor-column elementor-col-100 elementor-top-column elementor-element elementor-element-ec6863d\" data-id=\"ec6863d\" data-element_type=\"column\"><div class=\"elementor-widget-wrap elementor-element-populated\"><div class=\"elementor-element elementor-element-d49a6e1 elementor-widget elementor-widget-text-editor\" data-id=\"d49a6e1\" data-element_type=\"widget\" data-widget_type=\"text-editor.default\"><div class=\"elementor-widget-container\"><p>O Servi\u00e7o de Psicologia e Orienta\u00e7\u00e3o do Agrupamento de Escolas de Vale de Milha\u00e7os,\u00a0criado no \u00e2mbito do Minist\u00e9rio de Educa\u00e7\u00e3o (<b>Decreto-Lei n\u00ba 190\/91, de 17 de maio<\/b>), \u00e9 uma unidade especializada de apoio educativo, integrada na rede escolar, que assegura\u00a0o acompanhamento dos alunos ao longo do processo educativo, bem como o apoio ao desenvolvimento do sistema de rela\u00e7\u00f5es interpessoais no interior da escola e entre esta e a comunidade.<\/p><p>Publica-se informa\u00e7\u00e3o \u00fatil para consulta:<\/p><div>Servi\u00e7o de Aconselhamento Psicol\u00f3gico por Telefone<\/div><div>O servi\u00e7o de aconselhamento psicol\u00f3gico est\u00e1 integrado na linha telef\u00f3nica do SNS 24\u00a0e pretende dar apoio \u00e0s preocupa\u00e7\u00f5es e desafios psicol\u00f3gicos dos utentes e profissionais de sa\u00fade (que se encontrem a prestar cuidados de sa\u00fade).<\/div><div>O n\u00famero para onde deve ligar \u00e9 o do SNS 24 \u2013\u00a0<a href=\"tel:%20808%2024%2024%2024\" target=\"_blank\" rel=\"noopener\">808 24 24 24<\/a>. Depois deve selecionar a op\u00e7\u00e3o 4 (aconselhamento psicol\u00f3gico).<br clear=\"all\" \/><div><u><a href=\"https:\/\/www.sns24.gov.pt\/guia\/aconselhamento-psicologico-no-sns-24\/\" target=\"_blank\" rel=\"noopener\" data-saferedirecturl=\"https:\/\/www.google.com\/url?q=https:\/\/www.sns24.gov.pt\/guia\/aconselhamento-psicologico-no-sns-24\/&amp;source=gmail&amp;ust=1590516504240000&amp;usg=AFQjCNH7E4A49pw_OHnJpRpa6FMX6f7hBA\">https:\/\/www.sns24.gov.pt\/guia\/<wbr \/>aconselhamento-psicologico-no-<wbr \/>sns-24\/<\/a><\/u><\/div><\/div><p>\u00a0<\/p><ul><li><a href=\"https:\/\/aevm.pt\/wp-content\/uploads\/2020\/04\/COVID-19_Pela-Sa%C3%BAde-Mental-das-Crian%C3%A7as-em-Isolamento.pdf\">COVID-19_Pela Sa\u00fade Mental das Crian\u00e7as em Isolamento<\/a><\/li><li><a href=\"https:\/\/aevm.pt\/wp-content\/uploads\/2020\/04\/COVID-19_Como-lidar-com-uma-Situa%C3%A7%C3%A3o-de-Isolamento.pdf\">COVID-19_Como lidar com uma Situa\u00e7\u00e3o de Isolamento<\/a><\/li><li><a href=\"https:\/\/aevm.pt\/wp-content\/uploads\/2020\/04\/COVID-19_Recomenda%C3%A7%C3%B5es-para-Pais-Divorciados-ou-Separados.pdf\">COVID-19_<\/a><a href=\"https:\/\/aevm.pt\/wp-content\/uploads\/2020\/04\/COVID-19_Recomenda%C3%A7%C3%B5es-para-Pais-Divorciados-ou-Separados.pdf\">Recomenda\u00e7\u00f5es para Pais Divorciados ou Separados<\/a><\/li><li><a href=\"http:\/\/https\/\/www.dgs.pt\/documentos-e-publicacoes\/cuidados-alimentares-e-atividades-para-criancas-em-tempos-de-covid-19.aspx\">Alimenta\u00e7\u00e3o saud\u00e1vel em casa<\/a><\/li><li><a href=\"https:\/\/drive.google.com\/file\/d\/1tR6XmmBa5ehqOHj1X4bknb_2pjgHRms_\/view?usp=sharing\">Manual para Adultos \u201cComo Sorrir em Tempos de Isaolamento Social?\u201d<\/a><\/li><\/ul><p><strong><u>Tempo em casa\u2026 Propostas de Leituras e Atividades<\/u><\/strong>:<\/p><p><a href=\"https:\/\/www.publico.pt\/2020\/03\/13\/opiniao\/opiniao\/isolamento-quarentena-criancas-devido-covid19-notas-familias-1907335\" data-saferedirecturl=\"https:\/\/www.google.com\/url?q=https:\/\/www.publico.pt\/2020\/03\/13\/opiniao\/opiniao\/isolamento-quarentena-criancas-devido-covid19-notas-familias-1907335&amp;source=gmail&amp;ust=1587204341572000&amp;usg=AFQjCNHxJx3UV1h-IJN6ZgfHApTml-a_DA\">https:\/\/www.publico.pt\/2020\/03\/13\/opiniao\/opiniao\/isolamento-quarentena-criancas-devido-covid19-notas-familias-1907335<\/a><\/p><p><a href=\"https:\/\/www.tempojunto.com\/\" data-saferedirecturl=\"https:\/\/www.google.com\/url?q=https:\/\/www.tempojunto.com\/&amp;source=gmail&amp;ust=1587204341572000&amp;usg=AFQjCNGz35Kdo6wdX_PPKmluM7DcUZECAg\">https:\/\/www.tempojunto.com\/<\/a><\/p><p><a href=\"https:\/\/contadoresdestorias.wordpress.com\/\" data-saferedirecturl=\"https:\/\/www.google.com\/url?q=https:\/\/contadoresdestorias.wordpress.com\/&amp;source=gmail&amp;ust=1587204341572000&amp;usg=AFQjCNHmGD3rSR2b9TcDIpaMZJVd4WVLNQ\">https:\/\/contadoresdestorias.wordpress.com\/<\/a><\/p><p><a href=\"https:\/\/historiasparaosmaispequeninos.wordpress.com\/\" data-saferedirecturl=\"https:\/\/www.google.com\/url?q=https:\/\/historiasparaosmaispequeninos.wordpress.com\/&amp;source=gmail&amp;ust=1587204341572000&amp;usg=AFQjCNGQ-2bHNLq22g65WIGotghD9r56Tw\">https:\/\/historiasparaosmaispequeninos.wordpress.com\/<\/a><\/p><p><a href=\"https:\/\/lisboasecreta.co\/25-museus-virtuais-visitar-sofa\/\" data-saferedirecturl=\"https:\/\/www.google.com\/url?q=https:\/\/lisboasecreta.co\/25-museus-virtuais-visitar-sofa\/&amp;source=gmail&amp;ust=1587204341572000&amp;usg=AFQjCNHspEdO2rarpplOpqkVBaD5osq5qg\">https:\/\/lisboasecreta.co\/25-museus-virtuais-visitar-sofa\/<\/a><\/p><p>Era uma vez\u2026\u00a0<a href=\"https:\/\/www.youtube.com\/channel\/UCoujti21qMtpLxqpAlbGkUQ\" data-saferedirecturl=\"https:\/\/www.google.com\/url?q=https:\/\/www.youtube.com\/channel\/UCoujti21qMtpLxqpAlbGkUQ&amp;source=gmail&amp;ust=1587204341572000&amp;usg=AFQjCNF6nLCjKVAR0845LTNL9e-6sCHGYg\">https:\/\/www.youtube.com\/channel\/UCoujti21qMtpLxqpAlbGkUQ<\/a>\u00a0 \u00a0\u00a0<\/p><p><a href=\"https:\/\/drive.google.com\/file\/d\/1lyni_Jf41qjpCHEcDTdbXY3qGWxC3oA3\/view?usp=sharing\">Livro: \u201cQuando a escola abrir\u2026\u201d<\/a><\/p><\/div><\/div><\/div><\/div><\/div><\/section>\t\t\t\t\t\t\t\t<\/div>\n\t\t\t\t<\/div>\n\t\t\t\t\t<\/div>\n\t\t\t\t<\/div>\n\t\t\t\t\t<\/div>\n\t\t\t\t<\/div>\n\t\t\t\t<\/div>\n\t\t","protected":false},"excerpt":{"rendered":"<p>SPO (Servi\u00e7o de Psicologia e Orienta\u00e7\u00e3o) Servi\u00e7o de Psicologia e Orienta\u00e7\u00e3o do Agrupamento de Escolas de Vale de Milha\u00e7os O Servi\u00e7o de Psicologia e Orienta\u00e7\u00e3o do Agrupamento de Escolas de Vale de Milha\u00e7os,\u00a0criado no \u00e2mbito do Minist\u00e9rio de Educa\u00e7\u00e3o (Decreto-Lei n\u00ba 190\/91, de 17 de maio), \u00e9 uma unidade especializada de apoio educativo, integrada na [&hellip;]<\/p>\n","protected":false},"author":1,"featured_media":0,"parent":0,"menu_order":0,"comment_status":"closed","ping_status":"closed","template":"","meta":{"_seopress_robots_primary_cat":"","_seopress_titles_title":"","_seopress_titles_desc":"","_seopress_robots_index":"","site-sidebar-layout":"no-sidebar","site-content-layout":"page-builder","ast-site-content-layout":"full-width-container","site-content-style":"unboxed","site-sidebar-style":"unboxed","ast-global-header-display":"","ast-banner-title-visibility":"","ast-main-header-display":"","ast-hfb-above-header-display":"","ast-hfb-below-header-display":"","ast-hfb-mobile-header-display":"","site-post-title":"disabled","ast-breadcrumbs-content":"disabled","ast-featured-img":"disabled","footer-sml-layout":"","theme-transparent-header-meta":"default","adv-header-id-meta":"","stick-header-meta":"","header-above-stick-meta":"","header-main-stick-meta":"","header-below-stick-meta":"","astra-migrate-meta-layouts":"set","ast-page-background-enabled":"default","ast-page-background-meta":{"desktop":{"background-color":"","background-image":"","background-repeat":"repeat","background-position":"center center","background-size":"auto","background-attachment":"scroll","background-type":"","background-media":"","overlay-type":"","overlay-color":"","overlay-opacity":"","overlay-gradient":""},"tablet":{"background-color":"","background-image":"","background-repeat":"repeat","background-position":"center center","background-size":"auto","background-attachment":"scroll","background-type":"","background-media":"","overlay-type":"","overlay-color":"","overlay-opacity":"","overlay-gradient":""},"mobile":{"background-color":"","background-image":"","background-repeat":"repeat","background-position":"center center","background-size":"auto","background-attachment":"scroll","background-type":"","background-media":"","overlay-type":"","overlay-color":"","overlay-opacity":"","overlay-gradient":""}},"ast-content-background-meta":{"desktop":{"background-color":"var(--ast-global-color-5)","background-image":"","background-repeat":"repeat","background-position":"center center","background-size":"auto","background-attachment":"scroll","background-type":"","background-media":"","overlay-type":"","overlay-color":"","overlay-opacity":"","overlay-gradient":""},"tablet":{"background-color":"var(--ast-global-color-5)","background-image":"","background-repeat":"repeat","background-position":"center center","background-size":"auto","background-attachment":"scroll","background-type":"","background-media":"","overlay-type":"","overlay-color":"","overlay-opacity":"","overlay-gradient":""},"mobile":{"background-color":"var(--ast-global-color-5)","background-image":"","background-repeat":"repeat","background-position":"center center","background-size":"auto","background-attachment":"scroll","background-type":"","background-media":"","overlay-type":"","overlay-color":"","overlay-opacity":"","overlay-gradient":""}},"footnotes":""},"class_list":["post-1388","page","type-page","status-publish","hentry"],"_links":{"self":[{"href":"https:\/\/aevm.pt\/index.php\/wp-json\/wp\/v2\/pages\/1388","targetHints":{"allow":["GET"]}}],"collection":[{"href":"https:\/\/aevm.pt\/index.php\/wp-json\/wp\/v2\/pages"}],"about":[{"href":"https:\/\/aevm.pt\/index.php\/wp-json\/wp\/v2\/types\/page"}],"author":[{"embeddable":true,"href":"https:\/\/aevm.pt\/index.php\/wp-json\/wp\/v2\/users\/1"}],"replies":[{"embeddable":true,"href":"https:\/\/aevm.pt\/index.php\/wp-json\/wp\/v2\/comments?post=1388"}],"version-history":[{"count":0,"href":"https:\/\/aevm.pt\/index.php\/wp-json\/wp\/v2\/pages\/1388\/revisions"}],"wp:attachment":[{"href":"https:\/\/aevm.pt\/index.php\/wp-json\/wp\/v2\/media?parent=1388"}],"curies":[{"name":"wp","href":"https:\/\/api.w.org\/{rel}","templated":true}]}}