{"id":1408,"date":"2024-02-16T21:41:13","date_gmt":"2024-02-16T21:41:13","guid":{"rendered":"https:\/\/sitetemp.inforabreu.pt\/aevm\/?page_id=1408"},"modified":"2026-03-26T12:23:06","modified_gmt":"2026-03-26T12:23:06","slug":"orgaos","status":"publish","type":"page","link":"https:\/\/aevm.pt\/index.php\/orgaos\/","title":{"rendered":"\u00d3rg\u00e3os"},"content":{"rendered":"\t\t<div data-elementor-type=\"wp-page\" data-elementor-id=\"1408\" class=\"elementor elementor-1408\" data-elementor-settings=\"{&quot;ha_cmc_init_switcher&quot;:&quot;no&quot;}\">\n\t\t\t\t<div class=\"elementor-element elementor-element-cc4f042 e-flex e-con-boxed e-con e-parent\" data-id=\"cc4f042\" data-element_type=\"container\" data-settings=\"{&quot;background_background&quot;:&quot;classic&quot;,&quot;_ha_eqh_enable&quot;:false}\">\n\t\t\t\t\t<div class=\"e-con-inner\">\n\t\t<div class=\"elementor-element elementor-element-414d6ef e-con-full e-flex e-con e-child\" data-id=\"414d6ef\" data-element_type=\"container\" data-settings=\"{&quot;_ha_eqh_enable&quot;:false}\">\n\t\t\t\t<div class=\"elementor-element elementor-element-45d7c59 elementor-widget elementor-widget-heading\" data-id=\"45d7c59\" data-element_type=\"widget\" data-widget_type=\"heading.default\">\n\t\t\t\t<div class=\"elementor-widget-container\">\n\t\t\t\t\t<h1 class=\"elementor-heading-title elementor-size-default\">\u00d3rg\u00e3os de Gest\u00e3o<\/h1>\t\t\t\t<\/div>\n\t\t\t\t<\/div>\n\t\t\t\t<\/div>\n\t\t\t\t\t<\/div>\n\t\t\t\t<\/div>\n\t\t<div class=\"elementor-element elementor-element-29fd4e7 e-flex e-con-boxed e-con e-parent\" data-id=\"29fd4e7\" data-element_type=\"container\" data-settings=\"{&quot;background_background&quot;:&quot;classic&quot;,&quot;_ha_eqh_enable&quot;:false}\">\n\t\t\t\t\t<div class=\"e-con-inner\">\n\t\t<div class=\"elementor-element elementor-element-8722d1b e-flex e-con-boxed e-con e-child\" data-id=\"8722d1b\" data-element_type=\"container\" data-settings=\"{&quot;_ha_eqh_enable&quot;:false}\">\n\t\t\t\t\t<div class=\"e-con-inner\">\n\t\t\t\t<div class=\"elementor-element elementor-element-9422d67 elementor-widget elementor-widget-toggle\" data-id=\"9422d67\" data-element_type=\"widget\" data-widget_type=\"toggle.default\">\n\t\t\t\t<div class=\"elementor-widget-container\">\n\t\t\t\t\t\t\t<div class=\"elementor-toggle\">\n\t\t\t\t\t\t\t<div class=\"elementor-toggle-item\">\n\t\t\t\t\t<div id=\"elementor-tab-title-1551\" class=\"elementor-tab-title\" data-tab=\"1\" role=\"button\" aria-controls=\"elementor-tab-content-1551\" aria-expanded=\"false\">\n\t\t\t\t\t\t\t\t\t\t\t\t<span class=\"elementor-toggle-icon elementor-toggle-icon-left\" aria-hidden=\"true\">\n\t\t\t\t\t\t\t\t\t\t\t\t\t\t\t<span class=\"elementor-toggle-icon-closed\"><svg class=\"e-font-icon-svg e-fas-caret-right\" viewBox=\"0 0 192 512\" xmlns=\"http:\/\/www.w3.org\/2000\/svg\"><path d=\"M0 384.662V127.338c0-17.818 21.543-26.741 34.142-14.142l128.662 128.662c7.81 7.81 7.81 20.474 0 28.284L34.142 398.804C21.543 411.404 0 402.48 0 384.662z\"><\/path><\/svg><\/span>\n\t\t\t\t\t\t\t\t<span class=\"elementor-toggle-icon-opened\"><svg class=\"elementor-toggle-icon-opened e-font-icon-svg e-fas-caret-up\" viewBox=\"0 0 320 512\" xmlns=\"http:\/\/www.w3.org\/2000\/svg\"><path d=\"M288.662 352H31.338c-17.818 0-26.741-21.543-14.142-34.142l128.662-128.662c7.81-7.81 20.474-7.81 28.284 0l128.662 128.662c12.6 12.599 3.676 34.142-14.142 34.142z\"><\/path><\/svg><\/span>\n\t\t\t\t\t\t\t\t\t\t\t\t\t<\/span>\n\t\t\t\t\t\t\t\t\t\t\t\t<a class=\"elementor-toggle-title\" tabindex=\"0\">Comiss\u00e3o Administrativa Provis\u00f3ria<\/a>\n\t\t\t\t\t<\/div>\n\n\t\t\t\t\t<div id=\"elementor-tab-content-1551\" class=\"elementor-tab-content elementor-clearfix\" data-tab=\"1\" role=\"region\" aria-labelledby=\"elementor-tab-title-1551\"><table><tbody><tr><td class=\"cursor-hover\"><b>Presidente<\/b><\/td><td class=\"cursor-hover\">S\u00e9rgio Eduardo Raposo Paes<\/td><\/tr><tr><td><strong>Vice-Presidente<\/strong><\/td><td class=\"cursor-hover\">Gabriel Jorge Garrido Pereira Coelho<\/td><\/tr><tr><td><strong>Vogais<\/strong><\/td><td>Ana Cristina Marques Brioso<br \/>Maria F\u00e1tima Sim\u00e3o Ferreira Valente<br \/>S\u00f3nia Maria Pereira da Silva Henriques Pisa<\/td><\/tr><\/tbody><\/table><\/div>\n\t\t\t\t<\/div>\n\t\t\t\t\t\t\t\t<\/div>\n\t\t\t\t\t\t<\/div>\n\t\t\t\t<\/div>\n\t\t\t\t<div class=\"elementor-element elementor-element-dac46ef elementor-widget elementor-widget-toggle\" data-id=\"dac46ef\" data-element_type=\"widget\" data-widget_type=\"toggle.default\">\n\t\t\t\t<div class=\"elementor-widget-container\">\n\t\t\t\t\t\t\t<div class=\"elementor-toggle\">\n\t\t\t\t\t\t\t<div class=\"elementor-toggle-item\">\n\t\t\t\t\t<div id=\"elementor-tab-title-2291\" class=\"elementor-tab-title\" data-tab=\"1\" role=\"button\" aria-controls=\"elementor-tab-content-2291\" aria-expanded=\"false\">\n\t\t\t\t\t\t\t\t\t\t\t\t<span class=\"elementor-toggle-icon elementor-toggle-icon-left\" aria-hidden=\"true\">\n\t\t\t\t\t\t\t\t\t\t\t\t\t\t\t<span class=\"elementor-toggle-icon-closed\"><svg class=\"e-font-icon-svg e-fas-caret-right\" viewBox=\"0 0 192 512\" xmlns=\"http:\/\/www.w3.org\/2000\/svg\"><path d=\"M0 384.662V127.338c0-17.818 21.543-26.741 34.142-14.142l128.662 128.662c7.81 7.81 7.81 20.474 0 28.284L34.142 398.804C21.543 411.404 0 402.48 0 384.662z\"><\/path><\/svg><\/span>\n\t\t\t\t\t\t\t\t<span class=\"elementor-toggle-icon-opened\"><svg class=\"elementor-toggle-icon-opened e-font-icon-svg e-fas-caret-up\" viewBox=\"0 0 320 512\" xmlns=\"http:\/\/www.w3.org\/2000\/svg\"><path d=\"M288.662 352H31.338c-17.818 0-26.741-21.543-14.142-34.142l128.662-128.662c7.81-7.81 20.474-7.81 28.284 0l128.662 128.662c12.6 12.599 3.676 34.142-14.142 34.142z\"><\/path><\/svg><\/span>\n\t\t\t\t\t\t\t\t\t\t\t\t\t<\/span>\n\t\t\t\t\t\t\t\t\t\t\t\t<a class=\"elementor-toggle-title\" tabindex=\"0\">Conselho Geral <\/a>\n\t\t\t\t\t<\/div>\n\n\t\t\t\t\t<div id=\"elementor-tab-content-2291\" class=\"elementor-tab-content elementor-clearfix\" data-tab=\"1\" role=\"region\" aria-labelledby=\"elementor-tab-title-2291\"><table><tbody><tr><td class=\"cursor-hover\"><strong class=\"cursor-hover\">Presidente<\/strong><\/td><\/tr><tr><td class=\"cursor-hover\">Ant\u00f3nio Barreiras<\/td><\/tr><\/tbody><\/table><table><tbody><tr><td class=\"cursor-hover\"><strong>Docentes<\/strong><\/td><\/tr><tr><td class=\"cursor-hover\">Ant\u00f3nio Barreiras<\/td><\/tr><tr><td class=\"cursor-hover\">Valentina Pereira<\/td><\/tr><tr><td class=\"cursor-hover\">Helena Rato<\/td><\/tr><tr><td class=\"cursor-hover\">Rute Marques<\/td><\/tr><tr><td class=\"cursor-hover\">Teresa Lopes<\/td><\/tr><tr><td class=\"cursor-hover\">Carmen Pinto<\/td><\/tr><tr><td class=\"cursor-hover\">Vanda Barreiras<\/td><\/tr><tr><td class=\"cursor-hover\">Madalena Gon\u00e7alves<\/td><\/tr><tr><td class=\"cursor-hover\">S\u00e9rgio Paes (inerente)<\/td><\/tr><\/tbody><\/table><table><tbody><tr><td class=\"cursor-hover\"><strong class=\"cursor-hover\">Representantes dos Pais e E. Educa\u00e7\u00e3o:\u00a0<\/strong><\/td><\/tr><\/tbody><\/table><table><tbody><tr><td class=\"cursor-hover\"><p>\u00a0Efetivos<\/p><table><tbody><tr><td>Alexandra Antunes<\/td><\/tr><tr><td>Ana Isabel Fernandes<\/td><\/tr><tr><td>Eliana Louren\u00e7o do Carmo<\/td><\/tr><tr><td>Luc\u00edlia Maria Ara\u00fajo<\/td><\/tr><tr><td>Margarida Sofia Azevedo<\/td><\/tr><tr><td>Sandra Sofia Martins<\/td><\/tr><\/tbody><\/table><\/td><td class=\"cursor-hover\"><p>Suplentes<\/p><table><tbody><tr><td>Ana Paula Alves<\/td><\/tr><tr><td>Jandira Yolanda Fernandes<\/td><\/tr><tr><td>Gisele Cabral Correia<\/td><\/tr><tr><td>Tiago Costa Seco<\/td><\/tr><tr><td>S\u00f3nia Bento Castro<\/td><\/tr><tr><td>Patr\u00edcia Isabel Louren\u00e7o<\/td><\/tr><\/tbody><\/table><\/td><\/tr><\/tbody><\/table><table><tbody><tr><td><strong>N\u00e3o Docentes<\/strong><\/td><\/tr><tr><td class=\"cursor-hover\">Clara Pires<\/td><\/tr><tr><td class=\"cursor-hover\">Jo\u00e3o Carlos Dimas<\/td><\/tr><\/tbody><\/table><table><tbody><tr><td class=\"cursor-hover\"><strong>Representantes da autarquia<\/strong><\/td><\/tr><tr><td class=\"cursor-hover\">Liliana Cunha (C.M.S.)<\/td><\/tr><tr><td>Maria Jo\u00e3o Macau (Vereadora C.M.S.)<\/td><\/tr><tr><td>Hugo Constantino (J.F.C.)<\/td><\/tr><\/tbody><\/table><table><tbody><tr><td><strong>Representantes da comunidade<\/strong><\/td><\/tr><tr><td>Lu\u00eds Bas\u00edlio (PSP Escola Segura)<\/td><\/tr><tr><td>Cl\u00e1udia Martins (Associa\u00e7\u00e3o de Moradores de St. Marta do Pinhal)<\/td><\/tr><\/tbody><\/table><\/div>\n\t\t\t\t<\/div>\n\t\t\t\t\t\t\t\t<\/div>\n\t\t\t\t\t\t<\/div>\n\t\t\t\t<\/div>\n\t\t\t\t<div class=\"elementor-element elementor-element-8f402bc elementor-widget elementor-widget-toggle\" data-id=\"8f402bc\" data-element_type=\"widget\" data-widget_type=\"toggle.default\">\n\t\t\t\t<div class=\"elementor-widget-container\">\n\t\t\t\t\t\t\t<div class=\"elementor-toggle\">\n\t\t\t\t\t\t\t<div class=\"elementor-toggle-item\">\n\t\t\t\t\t<div id=\"elementor-tab-title-1501\" class=\"elementor-tab-title\" data-tab=\"1\" role=\"button\" aria-controls=\"elementor-tab-content-1501\" aria-expanded=\"false\">\n\t\t\t\t\t\t\t\t\t\t\t\t<span class=\"elementor-toggle-icon elementor-toggle-icon-left\" aria-hidden=\"true\">\n\t\t\t\t\t\t\t\t\t\t\t\t\t\t\t<span class=\"elementor-toggle-icon-closed\"><svg class=\"e-font-icon-svg e-fas-caret-right\" viewBox=\"0 0 192 512\" xmlns=\"http:\/\/www.w3.org\/2000\/svg\"><path d=\"M0 384.662V127.338c0-17.818 21.543-26.741 34.142-14.142l128.662 128.662c7.81 7.81 7.81 20.474 0 28.284L34.142 398.804C21.543 411.404 0 402.48 0 384.662z\"><\/path><\/svg><\/span>\n\t\t\t\t\t\t\t\t<span class=\"elementor-toggle-icon-opened\"><svg class=\"elementor-toggle-icon-opened e-font-icon-svg e-fas-caret-up\" viewBox=\"0 0 320 512\" xmlns=\"http:\/\/www.w3.org\/2000\/svg\"><path d=\"M288.662 352H31.338c-17.818 0-26.741-21.543-14.142-34.142l128.662-128.662c7.81-7.81 20.474-7.81 28.284 0l128.662 128.662c12.6 12.599 3.676 34.142-14.142 34.142z\"><\/path><\/svg><\/span>\n\t\t\t\t\t\t\t\t\t\t\t\t\t<\/span>\n\t\t\t\t\t\t\t\t\t\t\t\t<a class=\"elementor-toggle-title\" tabindex=\"0\">Conselho Administrativo <\/a>\n\t\t\t\t\t<\/div>\n\n\t\t\t\t\t<div id=\"elementor-tab-content-1501\" class=\"elementor-tab-content elementor-clearfix\" data-tab=\"1\" role=\"region\" aria-labelledby=\"elementor-tab-title-1501\"><table><tbody><tr><td><strong>Presidente de CAP<\/strong><\/td><td>S\u00e9rgio Paes<\/td><\/tr><tr><td><strong>Vice-Presidente de CAP<\/strong><\/td><td>Gabriel Coelho<\/td><\/tr><tr><td><strong>Coordenadora T\u00e9cnica<\/strong><\/td><td>Sandra Cristina Rosa<\/td><\/tr><\/tbody><\/table><\/div>\n\t\t\t\t<\/div>\n\t\t\t\t\t\t\t<div class=\"elementor-toggle-item\">\n\t\t\t\t\t<div id=\"elementor-tab-title-1502\" class=\"elementor-tab-title\" data-tab=\"2\" role=\"button\" aria-controls=\"elementor-tab-content-1502\" aria-expanded=\"false\">\n\t\t\t\t\t\t\t\t\t\t\t\t<span class=\"elementor-toggle-icon elementor-toggle-icon-left\" aria-hidden=\"true\">\n\t\t\t\t\t\t\t\t\t\t\t\t\t\t\t<span class=\"elementor-toggle-icon-closed\"><svg class=\"e-font-icon-svg e-fas-caret-right\" viewBox=\"0 0 192 512\" xmlns=\"http:\/\/www.w3.org\/2000\/svg\"><path d=\"M0 384.662V127.338c0-17.818 21.543-26.741 34.142-14.142l128.662 128.662c7.81 7.81 7.81 20.474 0 28.284L34.142 398.804C21.543 411.404 0 402.48 0 384.662z\"><\/path><\/svg><\/span>\n\t\t\t\t\t\t\t\t<span class=\"elementor-toggle-icon-opened\"><svg class=\"elementor-toggle-icon-opened e-font-icon-svg e-fas-caret-up\" viewBox=\"0 0 320 512\" xmlns=\"http:\/\/www.w3.org\/2000\/svg\"><path d=\"M288.662 352H31.338c-17.818 0-26.741-21.543-14.142-34.142l128.662-128.662c7.81-7.81 20.474-7.81 28.284 0l128.662 128.662c12.6 12.599 3.676 34.142-14.142 34.142z\"><\/path><\/svg><\/span>\n\t\t\t\t\t\t\t\t\t\t\t\t\t<\/span>\n\t\t\t\t\t\t\t\t\t\t\t\t<a class=\"elementor-toggle-title\" tabindex=\"0\">Conselho Pedag\u00f3gico <\/a>\n\t\t\t\t\t<\/div>\n\n\t\t\t\t\t<div id=\"elementor-tab-content-1502\" class=\"elementor-tab-content elementor-clearfix\" data-tab=\"2\" role=\"region\" aria-labelledby=\"elementor-tab-title-1502\"><table width=\"690\"><tbody><tr><td><p><strong>Conselheiros<\/strong><\/p><\/td><td><p><strong>Nome<\/strong><\/p><\/td><\/tr><tr><td><p>Presidente de CAP<\/p><\/td><td><p>S\u00e9rgio Paes<\/p><\/td><\/tr><tr><td><p>Elemento da Dire\u00e7\u00e3o representante do 1.\u00ba ciclo<\/p><\/td><td><p>Ana Brioso<\/p><\/td><\/tr><tr><td><p>Elemento da Dire\u00e7\u00e3o representante do 2.\u00ba ciclo<\/p><\/td><td><p>S\u00f3nia Pisa<\/p><\/td><\/tr><tr><td><p>Coordenadora do Departamento de L\u00ednguas<\/p><\/td><td><p>Vit\u00f3ria Veiga<\/p><\/td><\/tr><tr><td><p>Coordenadora do Departamento C. Sociais e Humanas<\/p><\/td><td><p>Patr\u00edcia Martins<\/p><\/td><\/tr><tr><td><p>Coordenadora do Departamento Matem\u00e1tica e C. Experimentais<\/p><\/td><td><p>Ana Sofia Dias<\/p><\/td><\/tr><tr><td><p>Coordenadora do Departamento de Express\u00f5es<\/p><\/td><td><p>Lu\u00eds Genebra<\/p><\/td><\/tr><tr><td><p>Coordenadora do Departamento do Pr\u00e9-Escolar<\/p><\/td><td class=\"cursor-hover\"><p class=\"cursor-hover\">Isabel Pereira<\/p><\/td><\/tr><tr><td><p>Coordenadora do Departamento do 1\u00ba Ciclo<\/p><\/td><td><p>F\u00e1tima Soares<\/p><\/td><\/tr><tr><td><p>Coordenadora do 1.\u00ba ano<\/p><\/td><td><p>Teresa Pereira<\/p><\/td><\/tr><tr><td><p>Coordenadora do 2.\u00ba ano<\/p><\/td><td><p>T\u00e2nia Marrana<\/p><\/td><\/tr><tr><td><p>Coordenadora da Educa\u00e7\u00e3o Especial<\/p><\/td><td><p>Elisabete Salgueiro<\/p><\/td><\/tr><tr><td><p>Coordenador de Ciclo<\/p><\/td><td><p>Carlos Guerreiro<\/p><\/td><\/tr><tr><td><p>Coordenadora das Bibliotecas Escolares<\/p><\/td><td><p>Neuza In\u00e1cio<\/p><\/td><\/tr><tr><td><p>Coordenadora do PTE<\/p><\/td><td><p>F\u00e1tima Valente<\/p><\/td><\/tr><\/tbody><\/table><\/div>\n\t\t\t\t<\/div>\n\t\t\t\t\t\t\t<div class=\"elementor-toggle-item\">\n\t\t\t\t\t<div id=\"elementor-tab-title-1503\" class=\"elementor-tab-title\" data-tab=\"3\" role=\"button\" aria-controls=\"elementor-tab-content-1503\" aria-expanded=\"false\">\n\t\t\t\t\t\t\t\t\t\t\t\t<span class=\"elementor-toggle-icon elementor-toggle-icon-left\" aria-hidden=\"true\">\n\t\t\t\t\t\t\t\t\t\t\t\t\t\t\t<span class=\"elementor-toggle-icon-closed\"><svg class=\"e-font-icon-svg e-fas-caret-right\" viewBox=\"0 0 192 512\" xmlns=\"http:\/\/www.w3.org\/2000\/svg\"><path d=\"M0 384.662V127.338c0-17.818 21.543-26.741 34.142-14.142l128.662 128.662c7.81 7.81 7.81 20.474 0 28.284L34.142 398.804C21.543 411.404 0 402.48 0 384.662z\"><\/path><\/svg><\/span>\n\t\t\t\t\t\t\t\t<span class=\"elementor-toggle-icon-opened\"><svg class=\"elementor-toggle-icon-opened e-font-icon-svg e-fas-caret-up\" viewBox=\"0 0 320 512\" xmlns=\"http:\/\/www.w3.org\/2000\/svg\"><path d=\"M288.662 352H31.338c-17.818 0-26.741-21.543-14.142-34.142l128.662-128.662c7.81-7.81 20.474-7.81 28.284 0l128.662 128.662c12.6 12.599 3.676 34.142-14.142 34.142z\"><\/path><\/svg><\/span>\n\t\t\t\t\t\t\t\t\t\t\t\t\t<\/span>\n\t\t\t\t\t\t\t\t\t\t\t\t<a class=\"elementor-toggle-title\" tabindex=\"0\">Coordenadores de Estabelecimento <\/a>\n\t\t\t\t\t<\/div>\n\n\t\t\t\t\t<div id=\"elementor-tab-content-1503\" class=\"elementor-tab-content elementor-clearfix\" data-tab=\"3\" role=\"region\" aria-labelledby=\"elementor-tab-title-1503\"><p>\u00a0<\/p><table><tbody><tr><td><strong>Estabelecimento de Ensino do Agrupamento<\/strong><\/td><td>Coordenador de Estabelecimento<\/td><\/tr><tr><td><strong>J.I. de S\u00e3o Nicolau<\/strong><\/td><td>Elisabete Ferro<\/td><\/tr><tr><td><strong>E.B. de Santa Marta do Pinhal<\/strong><\/td><td>M\u00aa F\u00e1tima Soares<\/td><\/tr><tr><td><strong>E.B. do Alto do Moinho<\/strong><\/td><td>Maria de Jesus Navalhas<\/td><\/tr><tr><td><strong>E.B. Quinta da Cabouca<\/strong><\/td><td class=\"cursor-hover\"><p class=\"cursor-hover\">Maria da Concei\u00e7\u00e3o\u00a0 Grancho<\/p><\/td><\/tr><tr><td><strong>E.B. Quinta do Campo<\/strong><\/td><td>Maria Raquel Mendes<\/td><\/tr><tr><td><p><strong>E.B. Quinta de Santa Marta de Corroios\u00a0<\/strong><\/p><p><strong>J.I. de Vale de Milha\u00e7os<\/strong><\/p><\/td><td>Ana Guiomar<\/td><\/tr><tr><td><strong>E.B. n.\u00ba 1 de Corroios<\/strong><\/td><td>Teresa Alexandra Carneiro<\/td><\/tr><tr><td><strong>J.I. de Corroios<\/strong><\/td><td>Maria Jo\u00e3o Fonseca<\/td><\/tr><tr><td><strong>E.B. de Vale de Milha\u00e7os<\/strong><\/td><td>S\u00e9rgio Paes<\/td><\/tr><\/tbody><\/table><\/div>\n\t\t\t\t<\/div>\n\t\t\t\t\t\t\t<div class=\"elementor-toggle-item\">\n\t\t\t\t\t<div id=\"elementor-tab-title-1504\" class=\"elementor-tab-title\" data-tab=\"4\" role=\"button\" aria-controls=\"elementor-tab-content-1504\" aria-expanded=\"false\">\n\t\t\t\t\t\t\t\t\t\t\t\t<span class=\"elementor-toggle-icon elementor-toggle-icon-left\" aria-hidden=\"true\">\n\t\t\t\t\t\t\t\t\t\t\t\t\t\t\t<span class=\"elementor-toggle-icon-closed\"><svg class=\"e-font-icon-svg e-fas-caret-right\" viewBox=\"0 0 192 512\" xmlns=\"http:\/\/www.w3.org\/2000\/svg\"><path d=\"M0 384.662V127.338c0-17.818 21.543-26.741 34.142-14.142l128.662 128.662c7.81 7.81 7.81 20.474 0 28.284L34.142 398.804C21.543 411.404 0 402.48 0 384.662z\"><\/path><\/svg><\/span>\n\t\t\t\t\t\t\t\t<span class=\"elementor-toggle-icon-opened\"><svg class=\"elementor-toggle-icon-opened e-font-icon-svg e-fas-caret-up\" viewBox=\"0 0 320 512\" xmlns=\"http:\/\/www.w3.org\/2000\/svg\"><path d=\"M288.662 352H31.338c-17.818 0-26.741-21.543-14.142-34.142l128.662-128.662c7.81-7.81 20.474-7.81 28.284 0l128.662 128.662c12.6 12.599 3.676 34.142-14.142 34.142z\"><\/path><\/svg><\/span>\n\t\t\t\t\t\t\t\t\t\t\t\t\t<\/span>\n\t\t\t\t\t\t\t\t\t\t\t\t<a class=\"elementor-toggle-title\" tabindex=\"0\">Estruturas de Coordena\u00e7\u00e3o Pedag\u00f3gica<\/a>\n\t\t\t\t\t<\/div>\n\n\t\t\t\t\t<div id=\"elementor-tab-content-1504\" class=\"elementor-tab-content elementor-clearfix\" data-tab=\"4\" role=\"region\" aria-labelledby=\"elementor-tab-title-1504\"><p>Consulte todas as estruturas de Coordena\u00e7\u00e3o Pedag\u00f3gica <a href=\"https:\/\/drive.google.com\/file\/d\/1Ycy0v17g3peG_S8XT35GlT2347_tSomF\/view?usp=drive_link\">aqui<\/a>.<\/p><\/div>\n\t\t\t\t<\/div>\n\t\t\t\t\t\t\t\t<\/div>\n\t\t\t\t\t\t<\/div>\n\t\t\t\t<\/div>\n\t\t<div class=\"elementor-element elementor-element-0759ddb e-con-full e-flex e-con e-child\" data-id=\"0759ddb\" data-element_type=\"container\" data-settings=\"{&quot;_ha_eqh_enable&quot;:false}\">\n\t\t\t\t<\/div>\n\t\t\t\t\t<\/div>\n\t\t\t\t<\/div>\n\t\t\t\t\t<\/div>\n\t\t\t\t<\/div>\n\t\t\t\t<\/div>\n\t\t","protected":false},"excerpt":{"rendered":"<p>\u00d3rg\u00e3os de Gest\u00e3o Comiss\u00e3o Administrativa Provis\u00f3ria Presidente S\u00e9rgio Eduardo Raposo Paes Vice-Presidente Gabriel Jorge Garrido Pereira Coelho Vogais Ana Cristina Marques BriosoMaria F\u00e1tima Sim\u00e3o Ferreira ValenteS\u00f3nia Maria Pereira da Silva Henriques Pisa Conselho Geral Presidente Ant\u00f3nio Barreiras Docentes Ant\u00f3nio Barreiras Valentina Pereira Helena Rato Rute Marques Teresa Lopes Carmen Pinto Vanda Barreiras Madalena Gon\u00e7alves S\u00e9rgio [&hellip;]<\/p>\n","protected":false},"author":1,"featured_media":0,"parent":0,"menu_order":0,"comment_status":"closed","ping_status":"closed","template":"","meta":{"_seopress_robots_primary_cat":"","_seopress_titles_title":"","_seopress_titles_desc":"","_seopress_robots_index":"","site-sidebar-layout":"no-sidebar","site-content-layout":"page-builder","ast-site-content-layout":"full-width-container","site-content-style":"unboxed","site-sidebar-style":"unboxed","ast-global-header-display":"","ast-banner-title-visibility":"","ast-main-header-display":"","ast-hfb-above-header-display":"","ast-hfb-below-header-display":"","ast-hfb-mobile-header-display":"","site-post-title":"disabled","ast-breadcrumbs-content":"disabled","ast-featured-img":"disabled","footer-sml-layout":"","theme-transparent-header-meta":"default","adv-header-id-meta":"","stick-header-meta":"","header-above-stick-meta":"","header-main-stick-meta":"","header-below-stick-meta":"","astra-migrate-meta-layouts":"set","ast-page-background-enabled":"default","ast-page-background-meta":{"desktop":{"background-color":"","background-image":"","background-repeat":"repeat","background-position":"center center","background-size":"auto","background-attachment":"scroll","background-type":"","background-media":"","overlay-type":"","overlay-color":"","overlay-opacity":"","overlay-gradient":""},"tablet":{"background-color":"","background-image":"","background-repeat":"repeat","background-position":"center center","background-size":"auto","background-attachment":"scroll","background-type":"","background-media":"","overlay-type":"","overlay-color":"","overlay-opacity":"","overlay-gradient":""},"mobile":{"background-color":"","background-image":"","background-repeat":"repeat","background-position":"center center","background-size":"auto","background-attachment":"scroll","background-type":"","background-media":"","overlay-type":"","overlay-color":"","overlay-opacity":"","overlay-gradient":""}},"ast-content-background-meta":{"desktop":{"background-color":"var(--ast-global-color-5)","background-image":"","background-repeat":"repeat","background-position":"center center","background-size":"auto","background-attachment":"scroll","background-type":"","background-media":"","overlay-type":"","overlay-color":"","overlay-opacity":"","overlay-gradient":""},"tablet":{"background-color":"var(--ast-global-color-5)","background-image":"","background-repeat":"repeat","background-position":"center center","background-size":"auto","background-attachment":"scroll","background-type":"","background-media":"","overlay-type":"","overlay-color":"","overlay-opacity":"","overlay-gradient":""},"mobile":{"background-color":"var(--ast-global-color-5)","background-image":"","background-repeat":"repeat","background-position":"center center","background-size":"auto","background-attachment":"scroll","background-type":"","background-media":"","overlay-type":"","overlay-color":"","overlay-opacity":"","overlay-gradient":""}},"footnotes":""},"class_list":["post-1408","page","type-page","status-publish","hentry"],"_links":{"self":[{"href":"https:\/\/aevm.pt\/index.php\/wp-json\/wp\/v2\/pages\/1408","targetHints":{"allow":["GET"]}}],"collection":[{"href":"https:\/\/aevm.pt\/index.php\/wp-json\/wp\/v2\/pages"}],"about":[{"href":"https:\/\/aevm.pt\/index.php\/wp-json\/wp\/v2\/types\/page"}],"author":[{"embeddable":true,"href":"https:\/\/aevm.pt\/index.php\/wp-json\/wp\/v2\/users\/1"}],"replies":[{"embeddable":true,"href":"https:\/\/aevm.pt\/index.php\/wp-json\/wp\/v2\/comments?post=1408"}],"version-history":[{"count":51,"href":"https:\/\/aevm.pt\/index.php\/wp-json\/wp\/v2\/pages\/1408\/revisions"}],"predecessor-version":[{"id":5187,"href":"https:\/\/aevm.pt\/index.php\/wp-json\/wp\/v2\/pages\/1408\/revisions\/5187"}],"wp:attachment":[{"href":"https:\/\/aevm.pt\/index.php\/wp-json\/wp\/v2\/media?parent=1408"}],"curies":[{"name":"wp","href":"https:\/\/api.w.org\/{rel}","templated":true}]}}