{"id":1507,"date":"2024-03-18T15:04:24","date_gmt":"2024-03-18T15:04:24","guid":{"rendered":"https:\/\/sitetemp.inforabreu.pt\/aevm\/?page_id=1507"},"modified":"2026-03-25T16:45:56","modified_gmt":"2026-03-25T16:45:56","slug":"provas-de-afericao-e-finais-de-ciclo","status":"publish","type":"page","link":"https:\/\/aevm.pt\/index.php\/provas-de-afericao-e-finais-de-ciclo\/","title":{"rendered":"Avalia\u00e7\u00e3o Externa 2025\/2026"},"content":{"rendered":"\t\t<div data-elementor-type=\"wp-page\" data-elementor-id=\"1507\" class=\"elementor elementor-1507\" data-elementor-settings=\"{&quot;ha_cmc_init_switcher&quot;:&quot;no&quot;}\">\n\t\t\t\t<div class=\"elementor-element elementor-element-cc4f042 e-flex e-con-boxed e-con e-parent\" data-id=\"cc4f042\" data-element_type=\"container\" data-settings=\"{&quot;background_background&quot;:&quot;classic&quot;,&quot;_ha_eqh_enable&quot;:false}\">\n\t\t\t\t\t<div class=\"e-con-inner\">\n\t\t<div class=\"elementor-element elementor-element-414d6ef e-con-full e-flex e-con e-child\" data-id=\"414d6ef\" data-element_type=\"container\" data-settings=\"{&quot;_ha_eqh_enable&quot;:false}\">\n\t\t\t\t<div class=\"elementor-element elementor-element-45d7c59 elementor-widget elementor-widget-heading\" data-id=\"45d7c59\" data-element_type=\"widget\" data-widget_type=\"heading.default\">\n\t\t\t\t<div class=\"elementor-widget-container\">\n\t\t\t\t\t<h1 class=\"elementor-heading-title elementor-size-default\">Provas de Avalia\u00e7\u00e3o Externa 2025 \/2026<\/h1>\t\t\t\t<\/div>\n\t\t\t\t<\/div>\n\t\t\t\t<\/div>\n\t\t\t\t\t<\/div>\n\t\t\t\t<\/div>\n\t\t<div class=\"elementor-element elementor-element-7c47ff9 e-flex e-con-boxed e-con e-parent\" data-id=\"7c47ff9\" data-element_type=\"container\" data-settings=\"{&quot;background_background&quot;:&quot;classic&quot;,&quot;_ha_eqh_enable&quot;:false}\">\n\t\t\t\t\t<div class=\"e-con-inner\">\n\t\t\t\t<div class=\"elementor-element elementor-element-4bb8f42 elementor-widget elementor-widget-heading\" data-id=\"4bb8f42\" data-element_type=\"widget\" data-widget_type=\"heading.default\">\n\t\t\t\t<div class=\"elementor-widget-container\">\n\t\t\t\t\t<h4 class=\"elementor-heading-title elementor-size-default\"><a href=\"https:\/\/iave.pt\/wp-content\/uploads\/2025\/12\/IP-Geral-2026_29nov.pdf\">INFORMA\u00c7\u00d5ES GERAIS - Provas de Avalia\u00e7\u00e3o Externa <\/a><\/h4>\t\t\t\t<\/div>\n\t\t\t\t<\/div>\n\t\t\t\t<div class=\"elementor-element elementor-element-02ccfec elementor-widget elementor-widget-heading\" data-id=\"02ccfec\" data-element_type=\"widget\" data-widget_type=\"heading.default\">\n\t\t\t\t<div class=\"elementor-widget-container\">\n\t\t\t\t\t<h5 class=\"elementor-heading-title elementor-size-default\">Provas - Ensaio de Monitoriza\u00e7\u00e3o da Aprendizagem (ModA) - 4.\u00ba e 6.\u00ba anos <\/h5>\t\t\t\t<\/div>\n\t\t\t\t<\/div>\n\t\t\t\t<div class=\"elementor-element elementor-element-b086364 elementor-widget elementor-widget-heading\" data-id=\"b086364\" data-element_type=\"widget\" data-widget_type=\"heading.default\">\n\t\t\t\t<div class=\"elementor-widget-container\">\n\t\t\t\t\t<h6 class=\"elementor-heading-title elementor-size-default\">Calend\u00e1rio<\/h6>\t\t\t\t<\/div>\n\t\t\t\t<\/div>\n\t\t\t\t<div class=\"elementor-element elementor-element-9a5b821 elementor-widget elementor-widget-image\" data-id=\"9a5b821\" data-element_type=\"widget\" data-widget_type=\"image.default\">\n\t\t\t\t<div class=\"elementor-widget-container\">\n\t\t\t\t\t\t\t\t\t\t\t\t\t\t\t<img fetchpriority=\"high\" decoding=\"async\" width=\"668\" height=\"270\" src=\"https:\/\/aevm.pt\/wp-content\/uploads\/2026\/03\/data-ensaio.png\" class=\"attachment-medium_large size-medium_large wp-image-5081\" alt=\"\" srcset=\"https:\/\/aevm.pt\/wp-content\/uploads\/2026\/03\/data-ensaio.png 668w, https:\/\/aevm.pt\/wp-content\/uploads\/2026\/03\/data-ensaio-300x121.png 300w\" sizes=\"(max-width: 668px) 100vw, 668px\" \/>\t\t\t\t\t\t\t\t\t\t\t\t\t\t\t<\/div>\n\t\t\t\t<\/div>\n\t\t\t\t<div class=\"elementor-element elementor-element-8e77f36 elementor-widget elementor-widget-text-editor\" data-id=\"8e77f36\" data-element_type=\"widget\" data-widget_type=\"text-editor.default\">\n\t\t\t\t<div class=\"elementor-widget-container\">\n\t\t\t\t\t\t\t\t\t<p><span style=\"font-size: 16px; font-style: normal; font-weight: 400;\">Informa\u00e7\u00e3o relativa \u00e0s provas-ensaio a aplicar no ano letivo 2025\/2026<\/span><a href=\"https:\/\/iave.pt\/wp-content\/uploads\/2026\/01\/Provas-Ensaio-2026_Comunicacao-as-escolas_Final.pdf\" target=\"_blank\" rel=\"noopener\"><strong>\u00a0 \u00a0 ver aqui<\/strong><\/a>\u00a0<\/p>\t\t\t\t\t\t\t\t<\/div>\n\t\t\t\t<\/div>\n\t\t\t\t<div class=\"elementor-element elementor-element-334e78c elementor-widget elementor-widget-heading\" data-id=\"334e78c\" data-element_type=\"widget\" data-widget_type=\"heading.default\">\n\t\t\t\t<div class=\"elementor-widget-container\">\n\t\t\t\t\t<h5 class=\"elementor-heading-title elementor-size-default\">Provas de Monitoriza\u00e7\u00e3o da Aprendizagem (ModA) - 4.\u00ba e 6.\u00ba anos <\/h5>\t\t\t\t<\/div>\n\t\t\t\t<\/div>\n\t\t\t\t<div class=\"elementor-element elementor-element-43e13bf elementor-widget elementor-widget-image\" data-id=\"43e13bf\" data-element_type=\"widget\" data-widget_type=\"image.default\">\n\t\t\t\t<div class=\"elementor-widget-container\">\n\t\t\t\t\t\t\t\t\t\t\t\t\t\t\t<img decoding=\"async\" width=\"842\" height=\"383\" src=\"https:\/\/aevm.pt\/wp-content\/uploads\/2026\/03\/calendario-moda.png\" class=\"attachment-large size-large wp-image-5088\" alt=\"\" srcset=\"https:\/\/aevm.pt\/wp-content\/uploads\/2026\/03\/calendario-moda.png 842w, https:\/\/aevm.pt\/wp-content\/uploads\/2026\/03\/calendario-moda-300x136.png 300w, https:\/\/aevm.pt\/wp-content\/uploads\/2026\/03\/calendario-moda-768x349.png 768w\" sizes=\"(max-width: 842px) 100vw, 842px\" \/>\t\t\t\t\t\t\t\t\t\t\t\t\t\t\t<\/div>\n\t\t\t\t<\/div>\n\t\t\t\t<div class=\"elementor-element elementor-element-0913613 elementor-widget elementor-widget-heading\" data-id=\"0913613\" data-element_type=\"widget\" data-widget_type=\"heading.default\">\n\t\t\t\t<div class=\"elementor-widget-container\">\n\t\t\t\t\t<h5 class=\"elementor-heading-title elementor-size-default\">Provas finais do ensino b\u00e1sico - 9.\u00ba ano <\/h5>\t\t\t\t<\/div>\n\t\t\t\t<\/div>\n\t\t\t\t<div class=\"elementor-element elementor-element-b9cb1a4 elementor-widget elementor-widget-image\" data-id=\"b9cb1a4\" data-element_type=\"widget\" data-widget_type=\"image.default\">\n\t\t\t\t<div class=\"elementor-widget-container\">\n\t\t\t\t\t\t\t\t\t\t\t\t\t\t\t<img decoding=\"async\" width=\"895\" height=\"488\" src=\"https:\/\/aevm.pt\/wp-content\/uploads\/2026\/03\/calendario-finais-1af.png\" class=\"attachment-large size-large wp-image-5091\" alt=\"\" srcset=\"https:\/\/aevm.pt\/wp-content\/uploads\/2026\/03\/calendario-finais-1af.png 895w, https:\/\/aevm.pt\/wp-content\/uploads\/2026\/03\/calendario-finais-1af-300x164.png 300w, https:\/\/aevm.pt\/wp-content\/uploads\/2026\/03\/calendario-finais-1af-768x419.png 768w\" sizes=\"(max-width: 895px) 100vw, 895px\" \/>\t\t\t\t\t\t\t\t\t\t\t\t\t\t\t<\/div>\n\t\t\t\t<\/div>\n\t\t\t\t<div class=\"elementor-element elementor-element-ad0c1f4 elementor-widget elementor-widget-image\" data-id=\"ad0c1f4\" data-element_type=\"widget\" data-widget_type=\"image.default\">\n\t\t\t\t<div class=\"elementor-widget-container\">\n\t\t\t\t\t\t\t\t\t\t\t\t\t\t\t<img loading=\"lazy\" decoding=\"async\" width=\"1024\" height=\"366\" src=\"https:\/\/aevm.pt\/wp-content\/uploads\/2026\/03\/calendario-finais-2af-1024x366.jpg\" class=\"attachment-large size-large wp-image-5103\" alt=\"\" srcset=\"https:\/\/aevm.pt\/wp-content\/uploads\/2026\/03\/calendario-finais-2af-1024x366.jpg 1024w, https:\/\/aevm.pt\/wp-content\/uploads\/2026\/03\/calendario-finais-2af-300x107.jpg 300w, https:\/\/aevm.pt\/wp-content\/uploads\/2026\/03\/calendario-finais-2af-768x274.jpg 768w, https:\/\/aevm.pt\/wp-content\/uploads\/2026\/03\/calendario-finais-2af.jpg 1092w\" sizes=\"(max-width: 1024px) 100vw, 1024px\" \/>\t\t\t\t\t\t\t\t\t\t\t\t\t\t\t<\/div>\n\t\t\t\t<\/div>\n\t\t\t\t<div class=\"elementor-element elementor-element-5cc7148 elementor-widget elementor-widget-text-editor\" data-id=\"5cc7148\" data-element_type=\"widget\" data-widget_type=\"text-editor.default\">\n\t\t\t\t<div class=\"elementor-widget-container\">\n\t\t\t\t\t\t\t\t\t<p><a href=\"https:\/\/www.dge.mec.pt\/sites\/default\/files\/JNE\/norma_01_2026_inscricoes.pdf\" target=\"_blank\" rel=\"noopener\"><strong>NORMA 01\/JNE\/2026 \u2013 Instru\u00e7\u00f5es para a Inscri\u00e7\u00e3o nas Provas e Exames do Ensino B\u00e1sico e do Ensino Secund\u00e1rio<\/strong><\/a><\/p><p><a href=\"https:\/\/www.dge.mec.pt\/sites\/default\/files\/JNE\/norma_02_2026.pdf\"><strong>NORMA 02\/JNE\/2026 \u2013 Instru\u00e7\u00f5es para a Inscri\u00e7\u00e3o nas Provas e Exames do Ensino B\u00e1sico e do Ensino Secund\u00e1rio<\/strong><\/a><\/p><p><a href=\"https:\/\/www.dge.mec.pt\/sites\/default\/files\/JNE\/despacho_3_2026_de_23_de_fev_2026_regulamento.pdf\" target=\"_blank\" rel=\"noopener\"><strong>Despacho Normativo n.\u00ba 3\/2026, de 23 de fevereiro<\/strong><\/a>\u00a0&#8211;\u00a0Aprova o Regulamento das Provas de Avalia\u00e7\u00e3o Externa e das Provas de Equival\u00eancia \u00e0 Frequ\u00eancia dos Ensinos B\u00e1sico e Secund\u00e1rio para os anos letivos de 2025-2026 a 2027-2028<\/p>\t\t\t\t\t\t\t\t<\/div>\n\t\t\t\t<\/div>\n\t\t\t\t<div class=\"elementor-element elementor-element-c9cc856 elementor-button-info elementor-align-center elementor-widget__width-auto elementor-widget elementor-widget-button\" data-id=\"c9cc856\" data-element_type=\"widget\" data-widget_type=\"button.default\">\n\t\t\t\t<div class=\"elementor-widget-container\">\n\t\t\t\t\t\t\t\t\t<div class=\"elementor-button-wrapper\">\n\t\t\t\t\t<a class=\"elementor-button elementor-button-link elementor-size-sm\" href=\"https:\/\/iave.pt\/wp-content\/uploads\/2025\/12\/IP-Geral-2026_29nov.pdf\">\n\t\t\t\t\t\t<span class=\"elementor-button-content-wrapper\">\n\t\t\t\t\t\t<span class=\"elementor-button-icon\">\n\t\t\t\t<svg aria-hidden=\"true\" class=\"e-font-icon-svg e-far-arrow-alt-circle-right\" viewBox=\"0 0 512 512\" xmlns=\"http:\/\/www.w3.org\/2000\/svg\"><path d=\"M504 256C504 119 393 8 256 8S8 119 8 256s111 248 248 248 248-111 248-248zm-448 0c0-110.5 89.5-200 200-200s200 89.5 200 200-89.5 200-200 200S56 366.5 56 256zm72 20v-40c0-6.6 5.4-12 12-12h116v-67c0-10.7 12.9-16 20.5-8.5l99 99c4.7 4.7 4.7 12.3 0 17l-99 99c-7.6 7.6-20.5 2.2-20.5-8.5v-67H140c-6.6 0-12-5.4-12-12z\"><\/path><\/svg>\t\t\t<\/span>\n\t\t\t\t\t\t\t\t\t<span class=\"elementor-button-text\">Informa\u00e7\u00f5es Provas de Avalia\u00e7\u00e3o Externa <\/span>\n\t\t\t\t\t<\/span>\n\t\t\t\t\t<\/a>\n\t\t\t\t<\/div>\n\t\t\t\t\t\t\t\t<\/div>\n\t\t\t\t<\/div>\n\t\t\t\t<div class=\"elementor-element elementor-element-df8fad2 elementor-widget elementor-widget-text-editor\" data-id=\"df8fad2\" data-element_type=\"widget\" data-widget_type=\"text-editor.default\">\n\t\t\t\t<div class=\"elementor-widget-container\">\n\t\t\t\t\t\t\t\t\t<p>O presente documento divulga informa\u00e7\u00e3o relativa \u00e0s provas de avalia\u00e7\u00e3o externa das aprendizagens dos alunos dos ensinos b\u00e1sico e secund\u00e1rio, nomeadamente:<br \/>a) Provas de Monitoriza\u00e7\u00e3o da Aprendizagem (ModA), nos 4.\u00ba e 6.\u00ba anos de escolaridade;<br \/>b) Provas finais do ensino b\u00e1sico, no 9.\u00ba ano de escolaridade;<br \/>c) Exames finais nacionais do ensino secund\u00e1rio.<\/p>\t\t\t\t\t\t\t\t<\/div>\n\t\t\t\t<\/div>\n\t\t\t\t<div class=\"elementor-element elementor-element-e3ce2fa elementor-widget elementor-widget-heading\" data-id=\"e3ce2fa\" data-element_type=\"widget\" data-widget_type=\"heading.default\">\n\t\t\t\t<div class=\"elementor-widget-container\">\n\t\t\t\t\t<h6 class=\"elementor-heading-title elementor-size-default\">Calend\u00e1rio  das Inscri\u00e7\u00f5es PIEPE<\/h6>\t\t\t\t<\/div>\n\t\t\t\t<\/div>\n\t\t\t\t<div class=\"elementor-element elementor-element-f95c1b1 elementor-widget elementor-widget-text-editor\" data-id=\"f95c1b1\" data-element_type=\"widget\" data-widget_type=\"text-editor.default\">\n\t\t\t\t<div class=\"elementor-widget-container\">\n\t\t\t\t\t\t\t\t\t<p>A inscri\u00e7\u00e3o nas Provas e Exames do ensino b\u00e1sico e do ensino secund\u00e1rio \u00e9 realizada na Plataforma de Inscri\u00e7\u00e3o Eletr\u00f3nica em Provas e Exames do Ensino B\u00e1sico e Secund\u00e1rio (PIEPE), dispon\u00edvel em\u00a0<a href=\"https:\/\/jnepiepe.dge.mec.pt\/\">https:\/\/jnepiepe.dge.mec.pt\/<\/a><\/p><p>Os <strong>alunos internos<\/strong>, que frequentam o 9.\u00ba ano do ensino b\u00e1sico, est\u00e3o automaticamente inscritos para a realiza\u00e7\u00e3o das provas finais de Portugu\u00eas (91), Portugu\u00eas L\u00edngua N\u00e3o Materna (93 e 94), e Matem\u00e1tica (92) e das provas a n\u00edvel de escola de Portugu\u00eas (81), e Matem\u00e1tica (82).<br \/>Os <strong>alunos autopropostos<\/strong> inscrevem-se para as provas finais e provas de equival\u00eancia \u00e0 frequ\u00eancia na na plataforma <a href=\"https:\/\/jnepiepe.dge.mec.pt\/site\/lo\">PIEPE<\/a>.<\/p><p>Alunos <strong>autopropostos<\/strong> s\u00e3o aqueles que:<\/p><p>&#8211; estiveram a frequentar o ensino individual ou dom\u00e9stico;<\/p><p>&#8211; n\u00e3o reuniram condi\u00e7\u00f5es de aprova\u00e7\u00e3o na avalia\u00e7\u00e3o interna do 2.\u00ba semestre;<\/p><p>&#8211; anularam a matr\u00edcula at\u00e9 ao 5.\u00ba dia \u00fatil do 2.\u00ba semestre;\u00a0<\/p><p>&#8211; ficaram retidos por faltas.<\/p>\t\t\t\t\t\t\t\t<\/div>\n\t\t\t\t<\/div>\n\t\t\t\t<div class=\"elementor-element elementor-element-efde38b elementor-widget elementor-widget-image\" data-id=\"efde38b\" data-element_type=\"widget\" data-widget_type=\"image.default\">\n\t\t\t\t<div class=\"elementor-widget-container\">\n\t\t\t\t\t\t\t\t\t\t\t\t\t\t\t<img loading=\"lazy\" decoding=\"async\" width=\"621\" height=\"411\" src=\"https:\/\/aevm.pt\/wp-content\/uploads\/2026\/03\/prazos-insc.jpg\" class=\"attachment-medium_large size-medium_large wp-image-4998\" alt=\"\" srcset=\"https:\/\/aevm.pt\/wp-content\/uploads\/2026\/03\/prazos-insc.jpg 621w, https:\/\/aevm.pt\/wp-content\/uploads\/2026\/03\/prazos-insc-300x199.jpg 300w\" sizes=\"(max-width: 621px) 100vw, 621px\" \/>\t\t\t\t\t\t\t\t\t\t\t\t\t\t\t<\/div>\n\t\t\t\t<\/div>\n\t\t\t\t<div class=\"elementor-element elementor-element-cdb47b0 elementor-widget elementor-widget-image\" data-id=\"cdb47b0\" data-element_type=\"widget\" data-widget_type=\"image.default\">\n\t\t\t\t<div class=\"elementor-widget-container\">\n\t\t\t\t\t\t\t\t\t\t\t\t\t\t\t<img loading=\"lazy\" decoding=\"async\" width=\"768\" height=\"470\" src=\"https:\/\/aevm.pt\/wp-content\/uploads\/2026\/03\/image-2-768x470.png\" class=\"attachment-medium_large size-medium_large wp-image-5009\" alt=\"\" srcset=\"https:\/\/aevm.pt\/wp-content\/uploads\/2026\/03\/image-2-768x470.png 768w, https:\/\/aevm.pt\/wp-content\/uploads\/2026\/03\/image-2-300x184.png 300w, https:\/\/aevm.pt\/wp-content\/uploads\/2026\/03\/image-2.png 987w\" sizes=\"(max-width: 768px) 100vw, 768px\" \/>\t\t\t\t\t\t\t\t\t\t\t\t\t\t\t<\/div>\n\t\t\t\t<\/div>\n\t\t\t\t<div class=\"elementor-element elementor-element-3fe0957 elementor-widget elementor-widget-heading\" data-id=\"3fe0957\" data-element_type=\"widget\" data-widget_type=\"heading.default\">\n\t\t\t\t<div class=\"elementor-widget-container\">\n\t\t\t\t\t<h6 class=\"elementor-heading-title elementor-size-default\">Apoio \u00e0 instala\u00e7\u00e3o da aplica\u00e7\u00e3o Provas IAVE (Intuitivo)<\/h6>\t\t\t\t<\/div>\n\t\t\t\t<\/div>\n\t\t\t\t<div class=\"elementor-element elementor-element-2efd3e0 elementor-widget elementor-widget-text-editor\" data-id=\"2efd3e0\" data-element_type=\"widget\" data-widget_type=\"text-editor.default\">\n\t\t\t\t<div class=\"elementor-widget-container\">\n\t\t\t\t\t\t\t\t\t<p>\u00c9 obrigat\u00f3ria a instala\u00e7\u00e3o da aplica\u00e7\u00e3o Provas IAVE (tamb\u00e9m conhecida por Intuitivo) nos computadores dos alunos que ir\u00e3o realizar provas escritas em formato digital no presente ano letivo. Assim, de acordo com os diversos sistemas operativos, deixamos os links para facilitar a respetiva instala\u00e7\u00e3o:<\/p><ul><li class=\"cursor-hover\">Requisitos m\u00ednimos<br \/>\u2022 Liga\u00e7\u00e3o \u00e0 Internet (para instala\u00e7\u00e3o e atualiza\u00e7\u00e3o da aplica\u00e7\u00e3o ou realiza\u00e7\u00e3o das provas na modalidade online);<br \/>\u2022 Fazer a transfer\u00eancia da aplica\u00e7\u00e3o Provas IAVE (de acordo com o sistema operativo), em:<br \/>o Windows: https:\/\/assets.iave.pt\/production\/apps\/intuitivo-app\/v0.0.11\/Provas+IAVE0.0.11.exe (Tamanho: 176 MB)<br \/>o Linux: https:\/\/assets.iave.pt\/production\/apps\/intuitivo-app\/v0.0.11\/Provas+IAVE0.0.11.AppImage (Tamanho: 185 MB)<br \/>o macOS: https:\/\/assets.iave.pt\/production\/apps\/intuitivo-app\/v0.0.11\/Provas+IAVE0.0.11.dmg (Tamanho: 192 MB)<br \/>o iOS: https:\/\/apps.apple.com\/pt\/app\/intuitivo\/id6449191657<br \/>o Android:<br \/>https:\/\/play.google.com\/store\/apps\/details?id=pt.intuititvo.mobileApp&amp;hl=pt_PT&amp;gl=US<\/li><\/ul>\t\t\t\t\t\t\t\t<\/div>\n\t\t\t\t<\/div>\n\t\t\t\t\t<\/div>\n\t\t\t\t<\/div>\n\t\t\t\t<\/div>\n\t\t","protected":false},"excerpt":{"rendered":"<p>Provas de Avalia\u00e7\u00e3o Externa 2025 \/2026 INFORMA\u00c7\u00d5ES GERAIS &#8211; Provas de Avalia\u00e7\u00e3o Externa Provas &#8211; Ensaio de Monitoriza\u00e7\u00e3o da Aprendizagem (ModA) &#8211; 4.\u00ba e 6.\u00ba anos Calend\u00e1rio Informa\u00e7\u00e3o relativa \u00e0s provas-ensaio a aplicar no ano letivo 2025\/2026\u00a0 \u00a0 ver aqui\u00a0 Provas de Monitoriza\u00e7\u00e3o da Aprendizagem (ModA) &#8211; 4.\u00ba e 6.\u00ba anos Provas finais do ensino [&hellip;]<\/p>\n","protected":false},"author":1,"featured_media":0,"parent":0,"menu_order":0,"comment_status":"closed","ping_status":"closed","template":"","meta":{"_seopress_robots_primary_cat":"","_seopress_titles_title":"","_seopress_titles_desc":"","_seopress_robots_index":"","site-sidebar-layout":"no-sidebar","site-content-layout":"page-builder","ast-site-content-layout":"full-width-container","site-content-style":"unboxed","site-sidebar-style":"unboxed","ast-global-header-display":"","ast-banner-title-visibility":"","ast-main-header-display":"","ast-hfb-above-header-display":"","ast-hfb-below-header-display":"","ast-hfb-mobile-header-display":"","site-post-title":"disabled","ast-breadcrumbs-content":"disabled","ast-featured-img":"disabled","footer-sml-layout":"","theme-transparent-header-meta":"default","adv-header-id-meta":"","stick-header-meta":"","header-above-stick-meta":"","header-main-stick-meta":"","header-below-stick-meta":"","astra-migrate-meta-layouts":"set","ast-page-background-enabled":"default","ast-page-background-meta":{"desktop":{"background-color":"","background-image":"","background-repeat":"repeat","background-position":"center center","background-size":"auto","background-attachment":"scroll","background-type":"","background-media":"","overlay-type":"","overlay-color":"","overlay-opacity":"","overlay-gradient":""},"tablet":{"background-color":"","background-image":"","background-repeat":"repeat","background-position":"center center","background-size":"auto","background-attachment":"scroll","background-type":"","background-media":"","overlay-type":"","overlay-color":"","overlay-opacity":"","overlay-gradient":""},"mobile":{"background-color":"","background-image":"","background-repeat":"repeat","background-position":"center center","background-size":"auto","background-attachment":"scroll","background-type":"","background-media":"","overlay-type":"","overlay-color":"","overlay-opacity":"","overlay-gradient":""}},"ast-content-background-meta":{"desktop":{"background-color":"var(--ast-global-color-5)","background-image":"","background-repeat":"repeat","background-position":"center center","background-size":"auto","background-attachment":"scroll","background-type":"","background-media":"","overlay-type":"","overlay-color":"","overlay-opacity":"","overlay-gradient":""},"tablet":{"background-color":"var(--ast-global-color-5)","background-image":"","background-repeat":"repeat","background-position":"center center","background-size":"auto","background-attachment":"scroll","background-type":"","background-media":"","overlay-type":"","overlay-color":"","overlay-opacity":"","overlay-gradient":""},"mobile":{"background-color":"var(--ast-global-color-5)","background-image":"","background-repeat":"repeat","background-position":"center center","background-size":"auto","background-attachment":"scroll","background-type":"","background-media":"","overlay-type":"","overlay-color":"","overlay-opacity":"","overlay-gradient":""}},"footnotes":""},"class_list":["post-1507","page","type-page","status-publish","hentry"],"_links":{"self":[{"href":"https:\/\/aevm.pt\/index.php\/wp-json\/wp\/v2\/pages\/1507","targetHints":{"allow":["GET"]}}],"collection":[{"href":"https:\/\/aevm.pt\/index.php\/wp-json\/wp\/v2\/pages"}],"about":[{"href":"https:\/\/aevm.pt\/index.php\/wp-json\/wp\/v2\/types\/page"}],"author":[{"embeddable":true,"href":"https:\/\/aevm.pt\/index.php\/wp-json\/wp\/v2\/users\/1"}],"replies":[{"embeddable":true,"href":"https:\/\/aevm.pt\/index.php\/wp-json\/wp\/v2\/comments?post=1507"}],"version-history":[{"count":151,"href":"https:\/\/aevm.pt\/index.php\/wp-json\/wp\/v2\/pages\/1507\/revisions"}],"predecessor-version":[{"id":5174,"href":"https:\/\/aevm.pt\/index.php\/wp-json\/wp\/v2\/pages\/1507\/revisions\/5174"}],"wp:attachment":[{"href":"https:\/\/aevm.pt\/index.php\/wp-json\/wp\/v2\/media?parent=1507"}],"curies":[{"name":"wp","href":"https:\/\/api.w.org\/{rel}","templated":true}]}}