{"id":152,"date":"2021-05-18T01:54:43","date_gmt":"2021-05-18T01:54:43","guid":{"rendered":"https:\/\/sitetemp.inforabreu.pt\/aevm\/index.php\/about\/"},"modified":"2025-09-08T13:01:14","modified_gmt":"2025-09-08T13:01:14","slug":"calendario-escolar-2025-2026","status":"publish","type":"page","link":"https:\/\/aevm.pt\/index.php\/calendario-escolar-2025-2026\/","title":{"rendered":"Calend\u00e1rio Escolar 2025\/2026"},"content":{"rendered":"\t\t<div data-elementor-type=\"wp-page\" data-elementor-id=\"152\" class=\"elementor elementor-152\" data-elementor-settings=\"{&quot;ha_cmc_init_switcher&quot;:&quot;no&quot;}\">\n\t\t\t\t<div class=\"elementor-element elementor-element-716489f e-flex e-con-boxed e-con e-parent\" data-id=\"716489f\" data-element_type=\"container\" data-settings=\"{&quot;background_background&quot;:&quot;classic&quot;,&quot;_ha_eqh_enable&quot;:false}\">\n\t\t\t\t\t<div class=\"e-con-inner\">\n\t\t<div class=\"elementor-element elementor-element-b44ea08 e-con-full e-flex e-con e-child\" data-id=\"b44ea08\" data-element_type=\"container\" data-settings=\"{&quot;_ha_eqh_enable&quot;:false}\">\n\t\t\t\t<div class=\"elementor-element elementor-element-84101e8 elementor-widget elementor-widget-heading\" data-id=\"84101e8\" data-element_type=\"widget\" data-widget_type=\"heading.default\">\n\t\t\t\t<div class=\"elementor-widget-container\">\n\t\t\t\t\t<h1 class=\"elementor-heading-title elementor-size-default\">Calend\u00e1rio Escolar 2025\/2026<\/h1>\t\t\t\t<\/div>\n\t\t\t\t<\/div>\n\t\t\t\t<\/div>\n\t\t\t\t\t<\/div>\n\t\t\t\t<\/div>\n\t\t<div class=\"elementor-element elementor-element-e1265c3 e-flex e-con-boxed e-con e-parent\" data-id=\"e1265c3\" data-element_type=\"container\" data-settings=\"{&quot;_ha_eqh_enable&quot;:false}\">\n\t\t\t\t\t<div class=\"e-con-inner\">\n\t\t\t\t<div class=\"elementor-element elementor-element-6d754d1 elementor-widget elementor-widget-image\" data-id=\"6d754d1\" data-element_type=\"widget\" data-widget_type=\"image.default\">\n\t\t\t\t<div class=\"elementor-widget-container\">\n\t\t\t\t\t\t\t\t\t\t\t\t\t\t\t<img fetchpriority=\"high\" decoding=\"async\" width=\"687\" height=\"553\" src=\"https:\/\/aevm.pt\/wp-content\/uploads\/2025\/09\/calendario-escolar-AEVM-2025_2026.png\" class=\"attachment-large size-large wp-image-4129\" alt=\"\" srcset=\"https:\/\/aevm.pt\/wp-content\/uploads\/2025\/09\/calendario-escolar-AEVM-2025_2026.png 687w, https:\/\/aevm.pt\/wp-content\/uploads\/2025\/09\/calendario-escolar-AEVM-2025_2026-300x241.png 300w\" sizes=\"(max-width: 687px) 100vw, 687px\" \/>\t\t\t\t\t\t\t\t\t\t\t\t\t\t\t<\/div>\n\t\t\t\t<\/div>\n\t\t\t\t\t<\/div>\n\t\t\t\t<\/div>\n\t\t<div class=\"elementor-element elementor-element-f941339 e-flex e-con-boxed e-con e-parent\" data-id=\"f941339\" data-element_type=\"container\" data-settings=\"{&quot;_ha_eqh_enable&quot;:false}\">\n\t\t\t\t\t<div class=\"e-con-inner\">\n\t\t\t\t<div class=\"elementor-element elementor-element-e3e06de elementor-widget elementor-widget-text-editor\" data-id=\"e3e06de\" data-element_type=\"widget\" data-widget_type=\"text-editor.default\">\n\t\t\t\t<div class=\"elementor-widget-container\">\n\t\t\t\t\t\t\t\t\t<p class=\"cursor-hover\">O AEVM disponibiliza um calend\u00e1rio escolar 2025\/2026 aos seus alunos. Pode descarreg\u00e1-lo <a href=\"https:\/\/drive.google.com\/file\/d\/1vwPJfCGjVkQS-KKsq2X2HHoC0qn2MARH\/view?usp=drive_link\" target=\"_blank\" rel=\"noopener\">aqui<\/a> ou <a href=\"https:\/\/drive.google.com\/file\/d\/1811IIKGzVHb_SAKzVt6PtsznL_JuWGpH\/view?usp=drive_link\">aqui<\/a>.\u00a0 \u00a0 \u00a0 \u00a0 \u00a0 \u00a0\u00a0<\/p>\t\t\t\t\t\t\t\t<\/div>\n\t\t\t\t<\/div>\n\t\t\t\t\t<\/div>\n\t\t\t\t<\/div>\n\t\t<div class=\"elementor-element elementor-element-d4a5447 e-flex e-con-boxed e-con e-parent\" data-id=\"d4a5447\" data-element_type=\"container\" data-settings=\"{&quot;_ha_eqh_enable&quot;:false}\">\n\t\t\t\t\t<div class=\"e-con-inner\">\n\t\t\t\t<div class=\"elementor-element elementor-element-4de5bb1 elementor-widget elementor-widget-text-editor\" data-id=\"4de5bb1\" data-element_type=\"widget\" data-widget_type=\"text-editor.default\">\n\t\t\t\t<div class=\"elementor-widget-container\">\n\t\t\t\t\t\t\t\t\t<p>Para mais informa\u00e7\u00f5es, por favor consulte o <a href=\"https:\/\/diariodarepublica.pt\/dr\/detalhe\/despacho\/8368-2024-873447631\" target=\"_blank\" rel=\"noopener\">Despacho n.\u00ba 8368\/2024, de 25 de julho<\/a>.<\/p>\t\t\t\t\t\t\t\t<\/div>\n\t\t\t\t<\/div>\n\t\t\t\t\t<\/div>\n\t\t\t\t<\/div>\n\t\t<div class=\"elementor-element elementor-element-6055941 e-flex e-con-boxed e-con e-parent\" data-id=\"6055941\" data-element_type=\"container\" data-settings=\"{&quot;_ha_eqh_enable&quot;:false}\">\n\t\t\t\t\t<div class=\"e-con-inner\">\n\t\t\t\t<div class=\"elementor-element elementor-element-3cd9cae elementor-widget-tablet__width-initial elementor-widget elementor-widget-text-editor\" data-id=\"3cd9cae\" data-element_type=\"widget\" data-widget_type=\"text-editor.default\">\n\t\t\t\t<div class=\"elementor-widget-container\">\n\t\t\t\t\t\t\t\t\t<h6 class=\"cursor-hover\"><strong>Informa\u00e7\u00e3o sobre reuni\u00f5es de Encarregados de Educa\u00e7\u00e3o e Pais do Pr\u00e9-Escolar e do 1.\u00ba C.E.B.<\/strong><\/h6>\t\t\t\t\t\t\t\t<\/div>\n\t\t\t\t<\/div>\n\t\t\t\t\t<\/div>\n\t\t\t\t<\/div>\n\t\t<div class=\"elementor-element elementor-element-3c2bde0 e-flex e-con-boxed e-con e-parent\" data-id=\"3c2bde0\" data-element_type=\"container\" data-settings=\"{&quot;_ha_eqh_enable&quot;:false}\">\n\t\t\t\t\t<div class=\"e-con-inner\">\n\t\t\t\t<div class=\"elementor-element elementor-element-b8c8f39 elementor-widget-tablet__width-initial elementor-widget elementor-widget-image\" data-id=\"b8c8f39\" data-element_type=\"widget\" data-widget_type=\"image.default\">\n\t\t\t\t<div class=\"elementor-widget-container\">\n\t\t\t\t\t\t\t\t\t\t\t\t\t\t\t<img decoding=\"async\" width=\"525\" height=\"565\" src=\"https:\/\/aevm.pt\/wp-content\/uploads\/2025\/09\/Captura-de-Ecra-14.png\" class=\"attachment-large size-large wp-image-4205\" alt=\"\" srcset=\"https:\/\/aevm.pt\/wp-content\/uploads\/2025\/09\/Captura-de-Ecra-14.png 525w, https:\/\/aevm.pt\/wp-content\/uploads\/2025\/09\/Captura-de-Ecra-14-279x300.png 279w\" sizes=\"(max-width: 525px) 100vw, 525px\" \/>\t\t\t\t\t\t\t\t\t\t\t\t\t\t\t<\/div>\n\t\t\t\t<\/div>\n\t\t\t\t<div class=\"elementor-element elementor-element-062cb2b elementor-widget elementor-widget-image\" data-id=\"062cb2b\" data-element_type=\"widget\" data-widget_type=\"image.default\">\n\t\t\t\t<div class=\"elementor-widget-container\">\n\t\t\t\t\t\t\t\t\t\t\t\t\t\t\t<img decoding=\"async\" width=\"522\" height=\"498\" src=\"https:\/\/aevm.pt\/wp-content\/uploads\/2025\/09\/Captura-de-Ecra-13.png\" class=\"attachment-large size-large wp-image-4197\" alt=\"\" srcset=\"https:\/\/aevm.pt\/wp-content\/uploads\/2025\/09\/Captura-de-Ecra-13.png 522w, https:\/\/aevm.pt\/wp-content\/uploads\/2025\/09\/Captura-de-Ecra-13-300x286.png 300w\" sizes=\"(max-width: 522px) 100vw, 522px\" \/>\t\t\t\t\t\t\t\t\t\t\t\t\t\t\t<\/div>\n\t\t\t\t<\/div>\n\t\t\t\t\t<\/div>\n\t\t\t\t<\/div>\n\t\t<div class=\"elementor-element elementor-element-8dcaa77 e-flex e-con-boxed e-con e-parent\" data-id=\"8dcaa77\" data-element_type=\"container\" data-settings=\"{&quot;_ha_eqh_enable&quot;:false}\">\n\t\t\t\t\t<div class=\"e-con-inner\">\n\t\t\t\t<div class=\"elementor-element elementor-element-74563b6 elementor-widget-tablet__width-initial elementor-widget elementor-widget-text-editor\" data-id=\"74563b6\" data-element_type=\"widget\" data-widget_type=\"text-editor.default\">\n\t\t\t\t<div class=\"elementor-widget-container\">\n\t\t\t\t\t\t\t\t\t<h6 class=\"cursor-hover\"><strong class=\"cursor-hover\">Informa\u00e7\u00e3o sobre reuni\u00f5es de Encarregados de Educa\u00e7\u00e3o e Pais do 2.\u00ba C.E.B. e do 3.\u00ba C.E.B.<\/strong><\/h6>\t\t\t\t\t\t\t\t<\/div>\n\t\t\t\t<\/div>\n\t\t\t\t\t<\/div>\n\t\t\t\t<\/div>\n\t\t<div class=\"elementor-element elementor-element-59d6f20 e-flex e-con-boxed e-con e-parent\" data-id=\"59d6f20\" data-element_type=\"container\" data-settings=\"{&quot;_ha_eqh_enable&quot;:false}\">\n\t\t\t\t\t<div class=\"e-con-inner\">\n\t\t<div class=\"elementor-element elementor-element-ebcc767 e-con-full e-flex e-con e-child\" data-id=\"ebcc767\" data-element_type=\"container\" data-settings=\"{&quot;_ha_eqh_enable&quot;:false}\">\n\t\t\t\t<div class=\"elementor-element elementor-element-129c632 elementor-widget elementor-widget-image\" data-id=\"129c632\" data-element_type=\"widget\" data-widget_type=\"image.default\">\n\t\t\t\t<div class=\"elementor-widget-container\">\n\t\t\t\t\t\t\t\t\t\t\t\t\t\t\t<img loading=\"lazy\" decoding=\"async\" width=\"768\" height=\"443\" src=\"https:\/\/aevm.pt\/wp-content\/uploads\/2025\/09\/Captura-de-Ecra-15-768x443.png\" class=\"attachment-medium_large size-medium_large wp-image-4212\" alt=\"\" srcset=\"https:\/\/aevm.pt\/wp-content\/uploads\/2025\/09\/Captura-de-Ecra-15-768x443.png 768w, https:\/\/aevm.pt\/wp-content\/uploads\/2025\/09\/Captura-de-Ecra-15-300x173.png 300w, https:\/\/aevm.pt\/wp-content\/uploads\/2025\/09\/Captura-de-Ecra-15.png 937w\" sizes=\"(max-width: 768px) 100vw, 768px\" \/>\t\t\t\t\t\t\t\t\t\t\t\t\t\t\t<\/div>\n\t\t\t\t<\/div>\n\t\t\t\t<\/div>\n\t\t\t\t<div class=\"elementor-element elementor-element-4d32ae2 elementor-widget elementor-widget-image\" data-id=\"4d32ae2\" data-element_type=\"widget\" data-widget_type=\"image.default\">\n\t\t\t\t<div class=\"elementor-widget-container\">\n\t\t\t\t\t\t\t\t\t\t\t\t\t\t\t<img loading=\"lazy\" decoding=\"async\" width=\"768\" height=\"506\" src=\"https:\/\/aevm.pt\/wp-content\/uploads\/2025\/09\/Captura-de-Ecra-16-768x506.png\" class=\"attachment-medium_large size-medium_large wp-image-4213\" alt=\"\" srcset=\"https:\/\/aevm.pt\/wp-content\/uploads\/2025\/09\/Captura-de-Ecra-16-768x506.png 768w, https:\/\/aevm.pt\/wp-content\/uploads\/2025\/09\/Captura-de-Ecra-16-300x198.png 300w, https:\/\/aevm.pt\/wp-content\/uploads\/2025\/09\/Captura-de-Ecra-16.png 870w\" sizes=\"(max-width: 768px) 100vw, 768px\" \/>\t\t\t\t\t\t\t\t\t\t\t\t\t\t\t<\/div>\n\t\t\t\t<\/div>\n\t\t\t\t\t<\/div>\n\t\t\t\t<\/div>\n\t\t<div class=\"elementor-element elementor-element-cc4f042 e-flex e-con-boxed e-con e-parent\" data-id=\"cc4f042\" data-element_type=\"container\" data-settings=\"{&quot;background_background&quot;:&quot;classic&quot;,&quot;_ha_eqh_enable&quot;:false}\">\n\t\t\t\t\t<div class=\"e-con-inner\">\n\t\t<div class=\"elementor-element elementor-element-414d6ef e-con-full e-flex e-con e-child\" data-id=\"414d6ef\" data-element_type=\"container\" data-settings=\"{&quot;_ha_eqh_enable&quot;:false}\">\n\t\t\t\t<div class=\"elementor-element elementor-element-45d7c59 elementor-widget elementor-widget-heading\" data-id=\"45d7c59\" data-element_type=\"widget\" data-widget_type=\"heading.default\">\n\t\t\t\t<div class=\"elementor-widget-container\">\n\t\t\t\t\t<h1 class=\"elementor-heading-title elementor-size-default\">Calend\u00e1rio Escolar 2024\/2025<\/h1>\t\t\t\t<\/div>\n\t\t\t\t<\/div>\n\t\t\t\t<\/div>\n\t\t\t\t\t<\/div>\n\t\t\t\t<\/div>\n\t\t<div class=\"elementor-element elementor-element-60f4278 e-flex e-con-boxed e-con e-parent\" data-id=\"60f4278\" data-element_type=\"container\" data-settings=\"{&quot;background_background&quot;:&quot;classic&quot;,&quot;_ha_eqh_enable&quot;:false}\">\n\t\t\t\t\t<div class=\"e-con-inner\">\n\t\t\t\t<div class=\"elementor-element elementor-element-ad52d94 elementor-widget elementor-widget-image\" data-id=\"ad52d94\" data-element_type=\"widget\" data-widget_type=\"image.default\">\n\t\t\t\t<div class=\"elementor-widget-container\">\n\t\t\t\t\t\t\t\t\t\t\t\t\t\t\t<img loading=\"lazy\" decoding=\"async\" width=\"768\" height=\"761\" src=\"https:\/\/aevm.pt\/wp-content\/uploads\/2024\/10\/Captura-de-ecra-2024-09-02-095438-768x761.png\" class=\"attachment-medium_large size-medium_large wp-image-2021\" alt=\"\" srcset=\"https:\/\/aevm.pt\/wp-content\/uploads\/2024\/10\/Captura-de-ecra-2024-09-02-095438-768x761.png 768w, https:\/\/aevm.pt\/wp-content\/uploads\/2024\/10\/Captura-de-ecra-2024-09-02-095438-300x297.png 300w, https:\/\/aevm.pt\/wp-content\/uploads\/2024\/10\/Captura-de-ecra-2024-09-02-095438-150x150.png 150w, https:\/\/aevm.pt\/wp-content\/uploads\/2024\/10\/Captura-de-ecra-2024-09-02-095438.png 779w\" sizes=\"(max-width: 768px) 100vw, 768px\" \/>\t\t\t\t\t\t\t\t\t\t\t\t\t\t\t<\/div>\n\t\t\t\t<\/div>\n\t\t\t\t\t<\/div>\n\t\t\t\t<\/div>\n\t\t<div class=\"elementor-element elementor-element-124526c e-flex e-con-boxed e-con e-parent\" data-id=\"124526c\" data-element_type=\"container\" data-settings=\"{&quot;_ha_eqh_enable&quot;:false}\">\n\t\t\t\t\t<div class=\"e-con-inner\">\n\t\t\t\t<div class=\"elementor-element elementor-element-e8a014e elementor-widget elementor-widget-text-editor\" data-id=\"e8a014e\" data-element_type=\"widget\" data-widget_type=\"text-editor.default\">\n\t\t\t\t<div class=\"elementor-widget-container\">\n\t\t\t\t\t\t\t\t\t<p>Para mais informa\u00e7\u00f5es, por favor consulte o <a href=\"https:\/\/diariodarepublica.pt\/dr\/detalhe\/despacho\/8368-2024-873447631\" target=\"_blank\" rel=\"noopener\">Despacho n.\u00ba 8368\/2024, de 25 de julho<\/a>.<\/p>\t\t\t\t\t\t\t\t<\/div>\n\t\t\t\t<\/div>\n\t\t\t\t\t<\/div>\n\t\t\t\t<\/div>\n\t\t<div class=\"elementor-element elementor-element-5df0e37 e-flex e-con-boxed e-con e-parent\" data-id=\"5df0e37\" data-element_type=\"container\" data-settings=\"{&quot;background_background&quot;:&quot;classic&quot;,&quot;_ha_eqh_enable&quot;:false}\">\n\t\t\t\t\t<div class=\"e-con-inner\">\n\t\t\t\t<div class=\"elementor-element elementor-element-a9f4af8 elementor-widget elementor-widget-text-editor\" data-id=\"a9f4af8\" data-element_type=\"widget\" data-widget_type=\"text-editor.default\">\n\t\t\t\t<div class=\"elementor-widget-container\">\n\t\t\t\t\t\t\t\t\t<p>O AEVM disponibiliza um calend\u00e1rio escolar aos seus alunos. Pode descarreg\u00e1-lo <a href=\"https:\/\/drive.google.com\/file\/d\/1rKcQbDCGy0iCEvfrkhWRYuyYjl4TcgOd\/view?usp=drive_link\" target=\"_blank\" rel=\"noopener\">aqui<\/a>.\u00a0 \u00a0 \u00a0 \u00a0 \u00a0 \u00a0\u00a0<\/p>\t\t\t\t\t\t\t\t<\/div>\n\t\t\t\t<\/div>\n\t\t\t\t\t<\/div>\n\t\t\t\t<\/div>\n\t\t\t\t<\/div>\n\t\t","protected":false},"excerpt":{"rendered":"<p>Calend\u00e1rio Escolar 2025\/2026 O AEVM disponibiliza um calend\u00e1rio escolar 2025\/2026 aos seus alunos. Pode descarreg\u00e1-lo aqui ou aqui.\u00a0 \u00a0 \u00a0 \u00a0 \u00a0 \u00a0\u00a0 Para mais informa\u00e7\u00f5es, por favor consulte o Despacho n.\u00ba 8368\/2024, de 25 de julho. Informa\u00e7\u00e3o sobre reuni\u00f5es de Encarregados de Educa\u00e7\u00e3o e Pais do Pr\u00e9-Escolar e do 1.\u00ba C.E.B. Informa\u00e7\u00e3o sobre reuni\u00f5es [&hellip;]<\/p>\n","protected":false},"author":1,"featured_media":0,"parent":0,"menu_order":0,"comment_status":"closed","ping_status":"closed","template":"","meta":{"_seopress_robots_primary_cat":"","_seopress_titles_title":"Calend\u00e1rio Escolar 2024\/2025 - AE de Vale de Milha\u00e7os","_seopress_titles_desc":"","_seopress_robots_index":"","site-sidebar-layout":"no-sidebar","site-content-layout":"page-builder","ast-site-content-layout":"full-width-container","site-content-style":"unboxed","site-sidebar-style":"unboxed","ast-global-header-display":"","ast-banner-title-visibility":"","ast-main-header-display":"","ast-hfb-above-header-display":"","ast-hfb-below-header-display":"","ast-hfb-mobile-header-display":"","site-post-title":"disabled","ast-breadcrumbs-content":"disabled","ast-featured-img":"disabled","footer-sml-layout":"","theme-transparent-header-meta":"default","adv-header-id-meta":"","stick-header-meta":"","header-above-stick-meta":"","header-main-stick-meta":"","header-below-stick-meta":"","astra-migrate-meta-layouts":"set","ast-page-background-enabled":"default","ast-page-background-meta":{"desktop":{"background-color":"","background-image":"","background-repeat":"repeat","background-position":"center center","background-size":"auto","background-attachment":"scroll","background-type":"","background-media":"","overlay-type":"","overlay-color":"","overlay-opacity":"","overlay-gradient":""},"tablet":{"background-color":"","background-image":"","background-repeat":"repeat","background-position":"center center","background-size":"auto","background-attachment":"scroll","background-type":"","background-media":"","overlay-type":"","overlay-color":"","overlay-opacity":"","overlay-gradient":""},"mobile":{"background-color":"","background-image":"","background-repeat":"repeat","background-position":"center center","background-size":"auto","background-attachment":"scroll","background-type":"","background-media":"","overlay-type":"","overlay-color":"","overlay-opacity":"","overlay-gradient":""}},"ast-content-background-meta":{"desktop":{"background-color":"var(--ast-global-color-5)","background-image":"","background-repeat":"repeat","background-position":"center center","background-size":"auto","background-attachment":"scroll","background-type":"","background-media":"","overlay-type":"","overlay-color":"","overlay-opacity":"","overlay-gradient":""},"tablet":{"background-color":"var(--ast-global-color-5)","background-image":"","background-repeat":"repeat","background-position":"center center","background-size":"auto","background-attachment":"scroll","background-type":"","background-media":"","overlay-type":"","overlay-color":"","overlay-opacity":"","overlay-gradient":""},"mobile":{"background-color":"var(--ast-global-color-5)","background-image":"","background-repeat":"repeat","background-position":"center center","background-size":"auto","background-attachment":"scroll","background-type":"","background-media":"","overlay-type":"","overlay-color":"","overlay-opacity":"","overlay-gradient":""}},"footnotes":""},"class_list":["post-152","page","type-page","status-publish","hentry"],"_links":{"self":[{"href":"https:\/\/aevm.pt\/index.php\/wp-json\/wp\/v2\/pages\/152","targetHints":{"allow":["GET"]}}],"collection":[{"href":"https:\/\/aevm.pt\/index.php\/wp-json\/wp\/v2\/pages"}],"about":[{"href":"https:\/\/aevm.pt\/index.php\/wp-json\/wp\/v2\/types\/page"}],"author":[{"embeddable":true,"href":"https:\/\/aevm.pt\/index.php\/wp-json\/wp\/v2\/users\/1"}],"replies":[{"embeddable":true,"href":"https:\/\/aevm.pt\/index.php\/wp-json\/wp\/v2\/comments?post=152"}],"version-history":[{"count":0,"href":"https:\/\/aevm.pt\/index.php\/wp-json\/wp\/v2\/pages\/152\/revisions"}],"wp:attachment":[{"href":"https:\/\/aevm.pt\/index.php\/wp-json\/wp\/v2\/media?parent=152"}],"curies":[{"name":"wp","href":"https:\/\/api.w.org\/{rel}","templated":true}]}}