{"id":2346,"date":"2024-11-08T19:27:40","date_gmt":"2024-11-08T19:27:40","guid":{"rendered":"https:\/\/aevm.pt\/?page_id=2346"},"modified":"2024-12-10T21:21:16","modified_gmt":"2024-12-10T21:21:16","slug":"biblioteca-escolar","status":"publish","type":"page","link":"https:\/\/aevm.pt\/index.php\/biblioteca-escolar\/","title":{"rendered":"Biblioteca Escolar"},"content":{"rendered":"\t\t<div data-elementor-type=\"wp-page\" data-elementor-id=\"2346\" class=\"elementor elementor-2346\" data-elementor-settings=\"{&quot;ha_cmc_init_switcher&quot;:&quot;no&quot;}\">\n\t\t\t\t<div class=\"elementor-element elementor-element-cc4f042 e-flex e-con-boxed e-con e-parent\" data-id=\"cc4f042\" data-element_type=\"container\" data-settings=\"{&quot;background_background&quot;:&quot;classic&quot;,&quot;_ha_eqh_enable&quot;:false}\">\n\t\t\t\t\t<div class=\"e-con-inner\">\n\t\t<div class=\"elementor-element elementor-element-414d6ef e-con-full e-flex e-con e-child\" data-id=\"414d6ef\" data-element_type=\"container\" data-settings=\"{&quot;_ha_eqh_enable&quot;:false}\">\n\t\t\t\t<div class=\"elementor-element elementor-element-45d7c59 elementor-widget elementor-widget-heading\" data-id=\"45d7c59\" data-element_type=\"widget\" data-widget_type=\"heading.default\">\n\t\t\t\t<div class=\"elementor-widget-container\">\n\t\t\t\t\t<h1 class=\"elementor-heading-title elementor-size-default\">Biblioteca Escolar<\/h1>\t\t\t\t<\/div>\n\t\t\t\t<\/div>\n\t\t\t\t<\/div>\n\t\t\t\t\t<\/div>\n\t\t\t\t<\/div>\n\t\t<div class=\"elementor-element elementor-element-d91fc7d e-flex e-con-boxed e-con e-parent\" data-id=\"d91fc7d\" data-element_type=\"container\" data-settings=\"{&quot;_ha_eqh_enable&quot;:false}\">\n\t\t\t\t\t<div class=\"e-con-inner\">\n\t\t\t\t<div class=\"elementor-element elementor-element-901a1b9 elementor-widget elementor-widget-heading\" data-id=\"901a1b9\" data-element_type=\"widget\" data-widget_type=\"heading.default\">\n\t\t\t\t<div class=\"elementor-widget-container\">\n\t\t\t\t\t<h2 class=\"elementor-heading-title elementor-size-default\">Liga\u00e7\u00f5es com hist\u00f3ria<\/h2>\t\t\t\t<\/div>\n\t\t\t\t<\/div>\n\t\t\t\t\t<\/div>\n\t\t\t\t<\/div>\n\t\t<div class=\"elementor-element elementor-element-03b469c e-flex e-con-boxed e-con e-parent\" data-id=\"03b469c\" data-element_type=\"container\" data-settings=\"{&quot;_ha_eqh_enable&quot;:false}\">\n\t\t\t\t\t<div class=\"e-con-inner\">\n\t\t\t\t<div class=\"elementor-element elementor-element-1929190 elementor-widget elementor-widget-text-editor\" data-id=\"1929190\" data-element_type=\"widget\" data-widget_type=\"text-editor.default\">\n\t\t\t\t<div class=\"elementor-widget-container\">\n\t\t\t\t\t\t\t\t\t<div><div class=\"gmail_default\">BLOG<\/div><div class=\"gmail_default\"><a href=\"https:\/\/bibliotecasdecorroiosaler.blogspot.com\/\" target=\"_blank\" rel=\"noopener\" data-saferedirecturl=\"https:\/\/www.google.com\/url?q=https:\/\/bibliotecasdecorroiosaler.blogspot.com\/&amp;source=gmail&amp;ust=1733951815951000&amp;usg=AOvVaw3l1sQRjSXH4eh8I8is1kt6\">https:\/\/<wbr \/>bibliotecasdecorroiosaler.<wbr \/>blogspot.com\/<\/a><\/div><div>\u00a0<\/div><div class=\"gmail_default\">PADLET &#8211; \u00c0 volta dos livros&#8230;<\/div><div class=\"gmail_default\"><a href=\"https:\/\/padlet.com\/corroiosaler\/aler-volta-dos-livros-crescemos-a-ler-y14avuqxmzhvq5lc\" target=\"_blank\" rel=\"noopener\" data-saferedirecturl=\"https:\/\/www.google.com\/url?q=https:\/\/padlet.com\/corroiosaler\/aler-volta-dos-livros-crescemos-a-ler-y14avuqxmzhvq5lc&amp;source=gmail&amp;ust=1733951815951000&amp;usg=AOvVaw3QUYMvRZwaulWYgoi5qRS2\">https:\/\/padlet.com\/<wbr \/>corroiosaler\/aler-volta-dos-<wbr \/>livros-crescemos-a-ler-<wbr \/>y14avuqxmzhvq5lc<\/a><\/div><\/div><div><div>\u00a0<\/div><div class=\"gmail_default\">PADLET &#8211; A ler vamos<\/div><div class=\"gmail_default\"><a href=\"https:\/\/padlet.com\/corroiosaler\/padlet-leituras-a-ler-vamos-2v4ei5zsk66n6uqx\" target=\"_blank\" rel=\"noopener\" data-saferedirecturl=\"https:\/\/www.google.com\/url?q=https:\/\/padlet.com\/corroiosaler\/padlet-leituras-a-ler-vamos-2v4ei5zsk66n6uqx&amp;source=gmail&amp;ust=1733951815951000&amp;usg=AOvVaw0582V8zVfoMMo14yOZOndD\">https:\/\/padlet.com\/<wbr \/>corroiosaler\/padlet-leituras-<wbr \/>a-ler-vamos-2v4ei5zsk66n6uqx<\/a><\/div><\/div>\t\t\t\t\t\t\t\t<\/div>\n\t\t\t\t<\/div>\n\t\t\t\t\t<\/div>\n\t\t\t\t<\/div>\n\t\t<div class=\"elementor-element elementor-element-226b451 e-flex e-con-boxed e-con e-parent\" data-id=\"226b451\" data-element_type=\"container\" data-settings=\"{&quot;background_background&quot;:&quot;classic&quot;,&quot;_ha_eqh_enable&quot;:false}\">\n\t\t\t\t\t<div class=\"e-con-inner\">\n\t\t\t\t<div class=\"elementor-element elementor-element-3427b40 elementor-widget elementor-widget-heading\" data-id=\"3427b40\" data-element_type=\"widget\" data-widget_type=\"heading.default\">\n\t\t\t\t<div class=\"elementor-widget-container\">\n\t\t\t\t\t<h2 class=\"elementor-heading-title elementor-size-default\">Hist\u00f3rias \u00e0 sexta<\/h2>\t\t\t\t<\/div>\n\t\t\t\t<\/div>\n\t\t\t\t\t<\/div>\n\t\t\t\t<\/div>\n\t\t<div class=\"elementor-element elementor-element-327882f e-flex e-con-boxed e-con e-parent\" data-id=\"327882f\" data-element_type=\"container\" data-settings=\"{&quot;_ha_eqh_enable&quot;:false}\">\n\t\t\t\t\t<div class=\"e-con-inner\">\n\t\t<div class=\"elementor-element elementor-element-296a0b1 e-con-full e-flex e-con e-child\" data-id=\"296a0b1\" data-element_type=\"container\" data-settings=\"{&quot;_ha_eqh_enable&quot;:false}\">\n\t\t\t\t<div class=\"elementor-element elementor-element-0a16b19 elementor-widget elementor-widget-image\" data-id=\"0a16b19\" data-element_type=\"widget\" data-widget_type=\"image.default\">\n\t\t\t\t<div class=\"elementor-widget-container\">\n\t\t\t\t\t\t\t\t\t\t\t\t\t\t\t\t<a href=\"https:\/\/youtu.be\/72A6s9zEBV8\" target=\"_blank\">\n\t\t\t\t\t\t\t<img fetchpriority=\"high\" decoding=\"async\" width=\"300\" height=\"202\" src=\"https:\/\/aevm.pt\/wp-content\/uploads\/2024\/11\/Historias_sexta_01-300x202.png\" class=\"elementor-animation-shrink attachment-medium size-medium wp-image-2348\" alt=\"\" srcset=\"https:\/\/aevm.pt\/wp-content\/uploads\/2024\/11\/Historias_sexta_01-300x202.png 300w, https:\/\/aevm.pt\/wp-content\/uploads\/2024\/11\/Historias_sexta_01.png 500w\" sizes=\"(max-width: 300px) 100vw, 300px\" \/>\t\t\t\t\t\t\t\t<\/a>\n\t\t\t\t\t\t\t\t\t\t\t\t\t\t\t<\/div>\n\t\t\t\t<\/div>\n\t\t\t\t<\/div>\n\t\t<div class=\"elementor-element elementor-element-4fc564a e-con-full e-flex e-con e-child\" data-id=\"4fc564a\" data-element_type=\"container\" data-settings=\"{&quot;background_background&quot;:&quot;classic&quot;,&quot;_ha_eqh_enable&quot;:false}\">\n\t\t<div class=\"elementor-element elementor-element-c625409 e-con-full e-flex e-con e-child\" data-id=\"c625409\" data-element_type=\"container\" data-settings=\"{&quot;_ha_eqh_enable&quot;:false}\">\n\t\t\t\t<div class=\"elementor-element elementor-element-46a67fa elementor-widget elementor-widget-image\" data-id=\"46a67fa\" data-element_type=\"widget\" data-widget_type=\"image.default\">\n\t\t\t\t<div class=\"elementor-widget-container\">\n\t\t\t\t\t\t\t\t\t\t\t\t\t\t\t\t<a href=\"https:\/\/youtu.be\/18_FBTywPnw?feature=shared\" target=\"_blank\">\n\t\t\t\t\t\t\t<img decoding=\"async\" width=\"300\" height=\"225\" src=\"https:\/\/aevm.pt\/wp-content\/uploads\/2024\/11\/image-2-300x225.png\" class=\"elementor-animation-shrink attachment-medium size-medium wp-image-2356\" alt=\"\" srcset=\"https:\/\/aevm.pt\/wp-content\/uploads\/2024\/11\/image-2-300x225.png 300w, https:\/\/aevm.pt\/wp-content\/uploads\/2024\/11\/image-2-1024x768.png 1024w, https:\/\/aevm.pt\/wp-content\/uploads\/2024\/11\/image-2-768x576.png 768w, https:\/\/aevm.pt\/wp-content\/uploads\/2024\/11\/image-2.png 1140w\" sizes=\"(max-width: 300px) 100vw, 300px\" \/>\t\t\t\t\t\t\t\t<\/a>\n\t\t\t\t\t\t\t\t\t\t\t\t\t\t\t<\/div>\n\t\t\t\t<\/div>\n\t\t\t\t<\/div>\n\t\t\t\t<\/div>\n\t\t<div class=\"elementor-element elementor-element-ea84ed1 e-con-full e-flex e-con e-child\" data-id=\"ea84ed1\" data-element_type=\"container\" data-settings=\"{&quot;_ha_eqh_enable&quot;:false}\">\n\t\t\t\t<div class=\"elementor-element elementor-element-b862d14 elementor-widget elementor-widget-image\" data-id=\"b862d14\" data-element_type=\"widget\" data-widget_type=\"image.default\">\n\t\t\t\t<div class=\"elementor-widget-container\">\n\t\t\t\t\t\t\t\t\t\t\t\t\t\t\t\t<a href=\"https:\/\/youtu.be\/nVGZDL8DKZw\" target=\"_blank\">\n\t\t\t\t\t\t\t<img decoding=\"async\" width=\"300\" height=\"234\" src=\"https:\/\/aevm.pt\/wp-content\/uploads\/2024\/11\/capuchinho-vermelho-300x234.png\" class=\"elementor-animation-shrink attachment-medium size-medium wp-image-2365\" alt=\"\" srcset=\"https:\/\/aevm.pt\/wp-content\/uploads\/2024\/11\/capuchinho-vermelho-300x234.png 300w, https:\/\/aevm.pt\/wp-content\/uploads\/2024\/11\/capuchinho-vermelho.png 319w\" sizes=\"(max-width: 300px) 100vw, 300px\" \/>\t\t\t\t\t\t\t\t<\/a>\n\t\t\t\t\t\t\t\t\t\t\t\t\t\t\t<\/div>\n\t\t\t\t<\/div>\n\t\t\t\t<\/div>\n\t\t<div class=\"elementor-element elementor-element-036a1d4 e-con-full e-flex e-con e-child\" data-id=\"036a1d4\" data-element_type=\"container\" data-settings=\"{&quot;_ha_eqh_enable&quot;:false}\">\n\t\t\t\t<div class=\"elementor-element elementor-element-5210c1e elementor-widget elementor-widget-image\" data-id=\"5210c1e\" data-element_type=\"widget\" data-widget_type=\"image.default\">\n\t\t\t\t<div class=\"elementor-widget-container\">\n\t\t\t\t\t\t\t\t\t\t\t\t\t\t\t\t<a href=\"https:\/\/youtu.be\/ab3QT01K7mA\" target=\"_blank\">\n\t\t\t\t\t\t\t<img loading=\"lazy\" decoding=\"async\" width=\"300\" height=\"300\" src=\"https:\/\/aevm.pt\/wp-content\/uploads\/2024\/11\/image-3-300x300.png\" class=\"elementor-animation-shrink attachment-medium size-medium wp-image-2378\" alt=\"\" srcset=\"https:\/\/aevm.pt\/wp-content\/uploads\/2024\/11\/image-3-300x300.png 300w, https:\/\/aevm.pt\/wp-content\/uploads\/2024\/11\/image-3-150x150.png 150w, https:\/\/aevm.pt\/wp-content\/uploads\/2024\/11\/image-3.png 340w\" sizes=\"(max-width: 300px) 100vw, 300px\" \/>\t\t\t\t\t\t\t\t<\/a>\n\t\t\t\t\t\t\t\t\t\t\t\t\t\t\t<\/div>\n\t\t\t\t<\/div>\n\t\t\t\t<\/div>\n\t\t<div class=\"elementor-element elementor-element-ddca186 e-con-full e-flex e-con e-child\" data-id=\"ddca186\" data-element_type=\"container\" data-settings=\"{&quot;_ha_eqh_enable&quot;:false}\">\n\t\t\t\t<div class=\"elementor-element elementor-element-cdcce0e elementor-widget elementor-widget-image\" data-id=\"cdcce0e\" data-element_type=\"widget\" data-widget_type=\"image.default\">\n\t\t\t\t<div class=\"elementor-widget-container\">\n\t\t\t\t\t\t\t\t\t\t\t\t\t\t\t\t<a href=\"https:\/\/youtu.be\/JcPV_sgwmMI\" target=\"_blank\">\n\t\t\t\t\t\t\t<img loading=\"lazy\" decoding=\"async\" width=\"300\" height=\"172\" src=\"https:\/\/aevm.pt\/wp-content\/uploads\/2024\/11\/Sem-titulo-300x172.png\" class=\"elementor-animation-shrink attachment-medium size-medium wp-image-2383\" alt=\"\" srcset=\"https:\/\/aevm.pt\/wp-content\/uploads\/2024\/11\/Sem-titulo-300x172.png 300w, https:\/\/aevm.pt\/wp-content\/uploads\/2024\/11\/Sem-titulo.png 475w\" sizes=\"(max-width: 300px) 100vw, 300px\" \/>\t\t\t\t\t\t\t\t<\/a>\n\t\t\t\t\t\t\t\t\t\t\t\t\t\t\t<\/div>\n\t\t\t\t<\/div>\n\t\t\t\t<\/div>\n\t\t<div class=\"elementor-element elementor-element-44b3633 e-con-full e-flex e-con e-child\" data-id=\"44b3633\" data-element_type=\"container\" data-settings=\"{&quot;_ha_eqh_enable&quot;:false}\">\n\t\t\t\t<div class=\"elementor-element elementor-element-7df6a3b elementor-widget elementor-widget-image\" data-id=\"7df6a3b\" data-element_type=\"widget\" data-widget_type=\"image.default\">\n\t\t\t\t<div class=\"elementor-widget-container\">\n\t\t\t\t\t\t\t\t\t\t\t\t\t\t\t\t<a href=\"https:\/\/youtu.be\/oIr8xR4KBXw\" target=\"_blank\">\n\t\t\t\t\t\t\t<img loading=\"lazy\" decoding=\"async\" width=\"273\" height=\"300\" src=\"https:\/\/aevm.pt\/wp-content\/uploads\/2024\/11\/coelho-g-273x300.jpg\" class=\"elementor-animation-shrink attachment-medium size-medium wp-image-2388\" alt=\"\" srcset=\"https:\/\/aevm.pt\/wp-content\/uploads\/2024\/11\/coelho-g-273x300.jpg 273w, https:\/\/aevm.pt\/wp-content\/uploads\/2024\/11\/coelho-g.jpg 291w\" sizes=\"(max-width: 273px) 100vw, 273px\" \/>\t\t\t\t\t\t\t\t<\/a>\n\t\t\t\t\t\t\t\t\t\t\t\t\t\t\t<\/div>\n\t\t\t\t<\/div>\n\t\t\t\t<\/div>\n\t\t\t\t\t<\/div>\n\t\t\t\t<\/div>\n\t\t\t\t<\/div>\n\t\t","protected":false},"excerpt":{"rendered":"<p>Biblioteca Escolar Liga\u00e7\u00f5es com hist\u00f3ria BLOGhttps:\/\/bibliotecasdecorroiosaler.blogspot.com\/\u00a0PADLET &#8211; \u00c0 volta dos livros&#8230;https:\/\/padlet.com\/corroiosaler\/aler-volta-dos-livros-crescemos-a-ler-y14avuqxmzhvq5lc\u00a0PADLET &#8211; A ler vamoshttps:\/\/padlet.com\/corroiosaler\/padlet-leituras-a-ler-vamos-2v4ei5zsk66n6uqx Hist\u00f3rias \u00e0 sexta<\/p>\n","protected":false},"author":2,"featured_media":0,"parent":0,"menu_order":0,"comment_status":"closed","ping_status":"closed","template":"","meta":{"_seopress_robots_primary_cat":"","_seopress_titles_title":"","_seopress_titles_desc":"","_seopress_robots_index":"","site-sidebar-layout":"no-sidebar","site-content-layout":"page-builder","ast-site-content-layout":"full-width-container","site-content-style":"unboxed","site-sidebar-style":"unboxed","ast-global-header-display":"","ast-banner-title-visibility":"","ast-main-header-display":"","ast-hfb-above-header-display":"","ast-hfb-below-header-display":"","ast-hfb-mobile-header-display":"","site-post-title":"disabled","ast-breadcrumbs-content":"disabled","ast-featured-img":"disabled","footer-sml-layout":"","theme-transparent-header-meta":"default","adv-header-id-meta":"","stick-header-meta":"","header-above-stick-meta":"","header-main-stick-meta":"","header-below-stick-meta":"","astra-migrate-meta-layouts":"set","ast-page-background-enabled":"default","ast-page-background-meta":{"desktop":{"background-color":"","background-image":"","background-repeat":"repeat","background-position":"center center","background-size":"auto","background-attachment":"scroll","background-type":"","background-media":"","overlay-type":"","overlay-color":"","overlay-opacity":"","overlay-gradient":""},"tablet":{"background-color":"","background-image":"","background-repeat":"repeat","background-position":"center center","background-size":"auto","background-attachment":"scroll","background-type":"","background-media":"","overlay-type":"","overlay-color":"","overlay-opacity":"","overlay-gradient":""},"mobile":{"background-color":"","background-image":"","background-repeat":"repeat","background-position":"center center","background-size":"auto","background-attachment":"scroll","background-type":"","background-media":"","overlay-type":"","overlay-color":"","overlay-opacity":"","overlay-gradient":""}},"ast-content-background-meta":{"desktop":{"background-color":"var(--ast-global-color-5)","background-image":"","background-repeat":"repeat","background-position":"center center","background-size":"auto","background-attachment":"scroll","background-type":"","background-media":"","overlay-type":"","overlay-color":"","overlay-opacity":"","overlay-gradient":""},"tablet":{"background-color":"var(--ast-global-color-5)","background-image":"","background-repeat":"repeat","background-position":"center center","background-size":"auto","background-attachment":"scroll","background-type":"","background-media":"","overlay-type":"","overlay-color":"","overlay-opacity":"","overlay-gradient":""},"mobile":{"background-color":"var(--ast-global-color-5)","background-image":"","background-repeat":"repeat","background-position":"center center","background-size":"auto","background-attachment":"scroll","background-type":"","background-media":"","overlay-type":"","overlay-color":"","overlay-opacity":"","overlay-gradient":""}},"footnotes":""},"class_list":["post-2346","page","type-page","status-publish","hentry"],"_links":{"self":[{"href":"https:\/\/aevm.pt\/index.php\/wp-json\/wp\/v2\/pages\/2346","targetHints":{"allow":["GET"]}}],"collection":[{"href":"https:\/\/aevm.pt\/index.php\/wp-json\/wp\/v2\/pages"}],"about":[{"href":"https:\/\/aevm.pt\/index.php\/wp-json\/wp\/v2\/types\/page"}],"author":[{"embeddable":true,"href":"https:\/\/aevm.pt\/index.php\/wp-json\/wp\/v2\/users\/2"}],"replies":[{"embeddable":true,"href":"https:\/\/aevm.pt\/index.php\/wp-json\/wp\/v2\/comments?post=2346"}],"version-history":[{"count":0,"href":"https:\/\/aevm.pt\/index.php\/wp-json\/wp\/v2\/pages\/2346\/revisions"}],"wp:attachment":[{"href":"https:\/\/aevm.pt\/index.php\/wp-json\/wp\/v2\/media?parent=2346"}],"curies":[{"name":"wp","href":"https:\/\/api.w.org\/{rel}","templated":true}]}}