{"id":3677,"date":"2025-05-28T07:52:18","date_gmt":"2025-05-28T07:52:18","guid":{"rendered":"https:\/\/aevm.pt\/?page_id=3677"},"modified":"2026-05-13T16:49:35","modified_gmt":"2026-05-13T16:49:35","slug":"provas-de-equivalencia-a-frequencia-2025-2026","status":"publish","type":"page","link":"https:\/\/aevm.pt\/index.php\/provas-de-equivalencia-a-frequencia-2025-2026\/","title":{"rendered":"Provas de Equival\u00eancia \u00e0 Frequ\u00eancia 2025\/2026"},"content":{"rendered":"\t\t<div data-elementor-type=\"wp-page\" data-elementor-id=\"3677\" class=\"elementor elementor-3677\" data-elementor-settings=\"{&quot;ha_cmc_init_switcher&quot;:&quot;no&quot;}\">\n\t\t\t\t<div class=\"elementor-element elementor-element-cc4f042 e-flex e-con-boxed e-con e-parent\" data-id=\"cc4f042\" data-element_type=\"container\" data-settings=\"{&quot;background_background&quot;:&quot;classic&quot;,&quot;_ha_eqh_enable&quot;:false}\">\n\t\t\t\t\t<div class=\"e-con-inner\">\n\t\t\t\t<div class=\"elementor-element elementor-element-03ceada elementor-widget-divider--view-line elementor-widget elementor-widget-divider\" data-id=\"03ceada\" data-element_type=\"widget\" data-widget_type=\"divider.default\">\n\t\t\t\t<div class=\"elementor-widget-container\">\n\t\t\t\t\t\t\t<div class=\"elementor-divider\">\n\t\t\t<span class=\"elementor-divider-separator\">\n\t\t\t\t\t\t<\/span>\n\t\t<\/div>\n\t\t\t\t\t\t<\/div>\n\t\t\t\t<\/div>\n\t\t<div class=\"elementor-element elementor-element-414d6ef e-con-full e-flex e-con e-child\" data-id=\"414d6ef\" data-element_type=\"container\" data-settings=\"{&quot;_ha_eqh_enable&quot;:false}\">\n\t\t\t\t<div class=\"elementor-element elementor-element-45d7c59 elementor-widget elementor-widget-heading\" data-id=\"45d7c59\" data-element_type=\"widget\" data-widget_type=\"heading.default\">\n\t\t\t\t<div class=\"elementor-widget-container\">\n\t\t\t\t\t<h1 class=\"elementor-heading-title elementor-size-default\">Provas de Equival\u00eancia \u00e0 Frequ\u00eancia<\/h1>\t\t\t\t<\/div>\n\t\t\t\t<\/div>\n\t\t\t\t<div class=\"elementor-element elementor-element-36750af elementor-icon-list--layout-traditional elementor-list-item-link-full_width elementor-widget elementor-widget-icon-list\" data-id=\"36750af\" data-element_type=\"widget\" data-widget_type=\"icon-list.default\">\n\t\t\t\t<div class=\"elementor-widget-container\">\n\t\t\t\t\t\t\t<ul class=\"elementor-icon-list-items\">\n\t\t\t\t\t\t\t<li class=\"elementor-icon-list-item\">\n\t\t\t\t\t\t\t\t\t\t\t<a href=\"https:\/\/jnepiepe.dge.mec.pt\/site\/login\">\n\n\t\t\t\t\t\t\t\t\t\t\t\t<span class=\"elementor-icon-list-icon\">\n\t\t\t\t\t\t\t<svg aria-hidden=\"true\" class=\"e-font-icon-svg e-fas-check\" viewBox=\"0 0 512 512\" xmlns=\"http:\/\/www.w3.org\/2000\/svg\"><path d=\"M173.898 439.404l-166.4-166.4c-9.997-9.997-9.997-26.206 0-36.204l36.203-36.204c9.997-9.998 26.207-9.998 36.204 0L192 312.69 432.095 72.596c9.997-9.997 26.207-9.997 36.204 0l36.203 36.204c9.997 9.997 9.997 26.206 0 36.204l-294.4 294.401c-9.998 9.997-26.207 9.997-36.204-.001z\"><\/path><\/svg>\t\t\t\t\t\t<\/span>\n\t\t\t\t\t\t\t\t\t\t<span class=\"elementor-icon-list-text\">Inscri\u00e7\u00e3o nas Provas e Exames do ensino b\u00e1sico e do ensino - Plataforma de Inscri\u00e7\u00e3o Eletr\u00f3nica em Provas e Exames do Ensino B\u00e1sico e Secund\u00e1rio (PIEPE),<\/span>\n\t\t\t\t\t\t\t\t\t\t\t<\/a>\n\t\t\t\t\t\t\t\t\t<\/li>\n\t\t\t\t\t\t<\/ul>\n\t\t\t\t\t\t<\/div>\n\t\t\t\t<\/div>\n\t\t\t\t<div class=\"elementor-element elementor-element-37111f8 elementor-widget elementor-widget-heading\" data-id=\"37111f8\" data-element_type=\"widget\" data-widget_type=\"heading.default\">\n\t\t\t\t<div class=\"elementor-widget-container\">\n\t\t\t\t\t<h5 class=\"elementor-heading-title elementor-size-default\">Calend\u00e1rio 2025\/2026<\/h5>\t\t\t\t<\/div>\n\t\t\t\t<\/div>\n\t\t\t\t<div class=\"elementor-element elementor-element-7172fbf elementor-widget elementor-widget-image\" data-id=\"7172fbf\" data-element_type=\"widget\" data-widget_type=\"image.default\">\n\t\t\t\t<div class=\"elementor-widget-container\">\n\t\t\t\t\t\t\t\t\t\t\t\t\t\t\t<img fetchpriority=\"high\" decoding=\"async\" width=\"877\" height=\"539\" src=\"https:\/\/aevm.pt\/wp-content\/uploads\/2026\/05\/calendario.jpg\" class=\"attachment-large size-large wp-image-5486\" alt=\"\" srcset=\"https:\/\/aevm.pt\/wp-content\/uploads\/2026\/05\/calendario.jpg 877w, https:\/\/aevm.pt\/wp-content\/uploads\/2026\/05\/calendario-300x184.jpg 300w, https:\/\/aevm.pt\/wp-content\/uploads\/2026\/05\/calendario-768x472.jpg 768w\" sizes=\"(max-width: 877px) 100vw, 877px\" \/>\t\t\t\t\t\t\t\t\t\t\t\t\t\t\t<\/div>\n\t\t\t\t<\/div>\n\t\t\t\t<div class=\"elementor-element elementor-element-5b22484 elementor-widget elementor-widget-image\" data-id=\"5b22484\" data-element_type=\"widget\" data-widget_type=\"image.default\">\n\t\t\t\t<div class=\"elementor-widget-container\">\n\t\t\t\t\t\t\t\t\t\t\t\t\t\t\t<img decoding=\"async\" width=\"568\" height=\"907\" src=\"https:\/\/aevm.pt\/wp-content\/uploads\/2026\/05\/6ano.jpg\" class=\"attachment-large size-large wp-image-5484\" alt=\"\" srcset=\"https:\/\/aevm.pt\/wp-content\/uploads\/2026\/05\/6ano.jpg 568w, https:\/\/aevm.pt\/wp-content\/uploads\/2026\/05\/6ano-188x300.jpg 188w\" sizes=\"(max-width: 568px) 100vw, 568px\" \/>\t\t\t\t\t\t\t\t\t\t\t\t\t\t\t<\/div>\n\t\t\t\t<\/div>\n\t\t\t\t<div class=\"elementor-element elementor-element-53b8f1b elementor-widget elementor-widget-image\" data-id=\"53b8f1b\" data-element_type=\"widget\" data-widget_type=\"image.default\">\n\t\t\t\t<div class=\"elementor-widget-container\">\n\t\t\t\t\t\t\t\t\t\t\t\t\t\t\t<img decoding=\"async\" width=\"576\" height=\"929\" src=\"https:\/\/aevm.pt\/wp-content\/uploads\/2026\/05\/9ano.jpg\" class=\"attachment-large size-large wp-image-5485\" alt=\"\" srcset=\"https:\/\/aevm.pt\/wp-content\/uploads\/2026\/05\/9ano.jpg 576w, https:\/\/aevm.pt\/wp-content\/uploads\/2026\/05\/9ano-186x300.jpg 186w\" sizes=\"(max-width: 576px) 100vw, 576px\" \/>\t\t\t\t\t\t\t\t\t\t\t\t\t\t\t<\/div>\n\t\t\t\t<\/div>\n\t\t\t\t<div class=\"elementor-element elementor-element-1e6eb9e elementor-widget elementor-widget-heading\" data-id=\"1e6eb9e\" data-element_type=\"widget\" data-widget_type=\"heading.default\">\n\t\t\t\t<div class=\"elementor-widget-container\">\n\t\t\t\t\t<h6 class=\"elementor-heading-title elementor-size-default\"><a href=\"https:\/\/iave.pt\/wp-content\/uploads\/2025\/12\/IP-Geral-2026_29nov.pdf\">Informa\u00e7\u00e3o prova por disciplina\n2025\/26 - 6.\u00ba ano - 1.\u00aa fase<\/a><\/h6>\t\t\t\t<\/div>\n\t\t\t\t<\/div>\n\t\t<div class=\"elementor-element elementor-element-766e0b3 e-grid e-con-boxed e-con e-child\" data-id=\"766e0b3\" data-element_type=\"container\" data-settings=\"{&quot;_ha_eqh_enable&quot;:false}\">\n\t\t\t\t\t<div class=\"e-con-inner\">\n\t\t\t\t<div class=\"elementor-element elementor-element-c7fc83a elementor-widget elementor-widget-text-editor\" data-id=\"c7fc83a\" data-element_type=\"widget\" data-widget_type=\"text-editor.default\">\n\t\t\t\t<div class=\"elementor-widget-container\">\n\t\t\t\t\t\t\t\t\t<p><a href=\"https:\/\/drive.google.com\/file\/d\/1uRuXj8NoPsBfT7ne5Jfe6JN0onXXfXpK\/view?usp=sharing\">Cidadania e Desenvolvimento (Informa\u00e7\u00e3o prova)<\/a><\/p>\t\t\t\t\t\t\t\t<\/div>\n\t\t\t\t<\/div>\n\t\t\t\t<div class=\"elementor-element elementor-element-b9096ef elementor-widget elementor-widget-text-editor\" data-id=\"b9096ef\" data-element_type=\"widget\" data-widget_type=\"text-editor.default\">\n\t\t\t\t<div class=\"elementor-widget-container\">\n\t\t\t\t\t\t\t\t\t<p><a href=\"https:\/\/drive.google.com\/file\/d\/1txs1NWpA4PO1sKhJur3J-6iOuVOh6leW\/view?usp=sharing\">Ingl\u00eas &#8211; Escrita (Informa\u00e7\u00e3o prova)\u00a0<\/a><\/p><p><a href=\"https:\/\/drive.google.com\/file\/d\/1vSxZipubZheFUH6GVV7__da3oFacxLpL\/view?usp=sharing\">Ingl\u00eas &#8211; Oral (Informa\u00e7\u00e3o prova)<\/a><\/p>\t\t\t\t\t\t\t\t<\/div>\n\t\t\t\t<\/div>\n\t\t\t\t<div class=\"elementor-element elementor-element-ec51e33 elementor-widget elementor-widget-text-editor\" data-id=\"ec51e33\" data-element_type=\"widget\" data-widget_type=\"text-editor.default\">\n\t\t\t\t<div class=\"elementor-widget-container\">\n\t\t\t\t\t\t\t\t\t<p><a href=\"https:\/\/drive.google.com\/file\/d\/12FNypbLhp6aYGFtYwBc2Z79LbDLBaVRI\/view?usp=sharing\">Educa\u00e7\u00e3o Musical (Informa\u00e7\u00e3o prova)\u00a0<\/a><\/p>\t\t\t\t\t\t\t\t<\/div>\n\t\t\t\t<\/div>\n\t\t\t\t<div class=\"elementor-element elementor-element-3055bd5 elementor-widget elementor-widget-text-editor\" data-id=\"3055bd5\" data-element_type=\"widget\" data-widget_type=\"text-editor.default\">\n\t\t\t\t<div class=\"elementor-widget-container\">\n\t\t\t\t\t\t\t\t\t<p><a href=\"https:\/\/drive.google.com\/file\/d\/1iJp16Ew3jcj74HTJiFnlU2krwlCXGZ3G\/view?usp=sharing\">Ci\u00eancias Naturais (Informa\u00e7\u00e3o prova)\u00a0<\/a><\/p>\t\t\t\t\t\t\t\t<\/div>\n\t\t\t\t<\/div>\n\t\t\t\t<div class=\"elementor-element elementor-element-5b1ccd9 elementor-widget elementor-widget-text-editor\" data-id=\"5b1ccd9\" data-element_type=\"widget\" data-widget_type=\"text-editor.default\">\n\t\t\t\t<div class=\"elementor-widget-container\">\n\t\t\t\t\t\t\t\t\t<p><a href=\"https:\/\/drive.google.com\/file\/d\/1CQAn3-AyljEZ7FAdBo3hfzoC8iobyae3\/view?usp=sharing\">Matem\u00e1tica (Informa\u00e7\u00e3o prova)\u00a0\u00a0<\/a><\/p>\t\t\t\t\t\t\t\t<\/div>\n\t\t\t\t<\/div>\n\t\t\t\t<div class=\"elementor-element elementor-element-dbb6f44 elementor-widget elementor-widget-text-editor\" data-id=\"dbb6f44\" data-element_type=\"widget\" data-widget_type=\"text-editor.default\">\n\t\t\t\t<div class=\"elementor-widget-container\">\n\t\t\t\t\t\t\t\t\t<p><a href=\"https:\/\/drive.google.com\/file\/d\/1_-zybWq3ycY_bQz9SlTJJ8KslUoPMpS3\/view?usp=sharing\">Portugu\u00eas\u00a0 (Informa\u00e7\u00e3o prova)<\/a><\/p><p><a href=\"https:\/\/drive.google.com\/file\/d\/1LeAQcADZ0UpB06JdHiDZMJYTBxq8QiQc\/view?usp=sharing\">Portugu\u00eas &#8211; Oral (Informa\u00e7\u00e3o prova)<\/a><\/p>\t\t\t\t\t\t\t\t<\/div>\n\t\t\t\t<\/div>\n\t\t\t\t<div class=\"elementor-element elementor-element-308fb96 elementor-widget elementor-widget-text-editor\" data-id=\"308fb96\" data-element_type=\"widget\" data-widget_type=\"text-editor.default\">\n\t\t\t\t<div class=\"elementor-widget-container\">\n\t\t\t\t\t\t\t\t\t<p><a href=\"https:\/\/drive.google.com\/drive\/folders\/1pgcWEuYc7jue47KXLfQ2VISEqcOGPXvL?usp=sharing\">Educa\u00e7\u00e3o F\u00edsica (Informa\u00e7\u00e3o prova)<\/a><\/p>\t\t\t\t\t\t\t\t<\/div>\n\t\t\t\t<\/div>\n\t\t\t\t<div class=\"elementor-element elementor-element-4dcfd48 elementor-widget elementor-widget-text-editor\" data-id=\"4dcfd48\" data-element_type=\"widget\" data-widget_type=\"text-editor.default\">\n\t\t\t\t<div class=\"elementor-widget-container\">\n\t\t\t\t\t\t\t\t\t<p><a href=\"https:\/\/drive.google.com\/file\/d\/13QXJYSlca2pLQlbdnYSbIJRHb8M80_f3\/view?usp=sharing\">TIC (Informa\u00e7\u00e3o prova)\u00a0<\/a><\/p>\t\t\t\t\t\t\t\t<\/div>\n\t\t\t\t<\/div>\n\t\t\t\t<div class=\"elementor-element elementor-element-83b868b elementor-widget elementor-widget-text-editor\" data-id=\"83b868b\" data-element_type=\"widget\" data-widget_type=\"text-editor.default\">\n\t\t\t\t<div class=\"elementor-widget-container\">\n\t\t\t\t\t\t\t\t\t<p><a href=\"https:\/\/drive.google.com\/file\/d\/1YqfMz3wjnmSlZExEEiNg2wky7KgMr3Ng\/view?usp=sharing\">Educa\u00e7\u00e3o Tecnol\u00f3gica (Informa\u00e7\u00e3o prova) <\/a><\/p>\t\t\t\t\t\t\t\t<\/div>\n\t\t\t\t<\/div>\n\t\t\t\t<div class=\"elementor-element elementor-element-bf9a775 elementor-widget elementor-widget-text-editor\" data-id=\"bf9a775\" data-element_type=\"widget\" data-widget_type=\"text-editor.default\">\n\t\t\t\t<div class=\"elementor-widget-container\">\n\t\t\t\t\t\t\t\t\t<p><a href=\"https:\/\/drive.google.com\/file\/d\/1Aqx_B3yArOt3CsjpdFoK_MY0fOl4Lzrn\/view?usp=sharing\">Hist\u00f3ria e Geografia de Portugal (Informa\u00e7\u00e3o prova)<\/a><\/p>\t\t\t\t\t\t\t\t<\/div>\n\t\t\t\t<\/div>\n\t\t\t\t<div class=\"elementor-element elementor-element-728caf6 elementor-widget elementor-widget-text-editor\" data-id=\"728caf6\" data-element_type=\"widget\" data-widget_type=\"text-editor.default\">\n\t\t\t\t<div class=\"elementor-widget-container\">\n\t\t\t\t\t\t\t\t\t<p><a href=\"https:\/\/drive.google.com\/file\/d\/1bk-CvW4P8tb21UTE1FD1uFLf9tVlH2sa\/view?usp=sharing\">Educa\u00e7\u00e3o Visual (Informa\u00e7\u00e3o prova)<\/a><\/p>\t\t\t\t\t\t\t\t<\/div>\n\t\t\t\t<\/div>\n\t\t\t\t<div class=\"elementor-element elementor-element-40508c2 elementor-widget elementor-widget-text-editor\" data-id=\"40508c2\" data-element_type=\"widget\" data-widget_type=\"text-editor.default\">\n\t\t\t\t<div class=\"elementor-widget-container\">\n\t\t\t\t\t\t\t\t\t<p><a href=\"https:\/\/drive.google.com\/file\/d\/1X5UVyoAYsQktjnIUI0OSputI_ptC4-L2\/view?usp=sharing\">PLNM (Informa\u00e7\u00e3o prova)<\/a><\/p>\t\t\t\t\t\t\t\t<\/div>\n\t\t\t\t<\/div>\n\t\t\t\t\t<\/div>\n\t\t\t\t<\/div>\n\t\t\t\t<div class=\"elementor-element elementor-element-6bdd617 elementor-widget-divider--view-line elementor-widget elementor-widget-divider\" data-id=\"6bdd617\" data-element_type=\"widget\" data-widget_type=\"divider.default\">\n\t\t\t\t<div class=\"elementor-widget-container\">\n\t\t\t\t\t\t\t<div class=\"elementor-divider\">\n\t\t\t<span class=\"elementor-divider-separator\">\n\t\t\t\t\t\t<\/span>\n\t\t<\/div>\n\t\t\t\t\t\t<\/div>\n\t\t\t\t<\/div>\n\t\t\t\t<div class=\"elementor-element elementor-element-4e94adc elementor-widget elementor-widget-heading\" data-id=\"4e94adc\" data-element_type=\"widget\" data-widget_type=\"heading.default\">\n\t\t\t\t<div class=\"elementor-widget-container\">\n\t\t\t\t\t<h6 class=\"elementor-heading-title elementor-size-default\">Informa\u00e7\u00e3o prova por disciplina\n2025\/26 - 9.\u00ba ano - 1.\u00aa fase<\/h6>\t\t\t\t<\/div>\n\t\t\t\t<\/div>\n\t\t<div class=\"elementor-element elementor-element-5052167 e-grid e-con-full e-con e-child\" data-id=\"5052167\" data-element_type=\"container\" data-settings=\"{&quot;_ha_eqh_enable&quot;:false}\">\n\t\t\t\t<div class=\"elementor-element elementor-element-36af250 elementor-widget elementor-widget-text-editor\" data-id=\"36af250\" data-element_type=\"widget\" data-widget_type=\"text-editor.default\">\n\t\t\t\t<div class=\"elementor-widget-container\">\n\t\t\t\t\t\t\t\t\t<p><a href=\"https:\/\/drive.google.com\/file\/d\/1XnfXqXRDYN4X4lEAW7_iOAleKeol0qKr\/view?usp=sharing\">Ingl\u00eas &#8211; Escrita (Informa\u00e7\u00e3o prova)<\/a><\/p><p><a href=\"https:\/\/drive.google.com\/file\/d\/11URhdZjp2IPnNpO34JX5PpncvN1jmmKb\/view?usp=sharing\">Ingl\u00eas &#8211; Oral (Informa\u00e7\u00e3o prova)<\/a><\/p>\t\t\t\t\t\t\t\t<\/div>\n\t\t\t\t<\/div>\n\t\t\t\t<div class=\"elementor-element elementor-element-6700334 elementor-widget elementor-widget-text-editor\" data-id=\"6700334\" data-element_type=\"widget\" data-widget_type=\"text-editor.default\">\n\t\t\t\t<div class=\"elementor-widget-container\">\n\t\t\t\t\t\t\t\t\t<p>Portugu\u00eas ao N\u00edvel de Escola<\/p><p>(Informa\u00e7\u00e3o prova)<\/p><p>Portugu\u00eas &#8211; Oral (Informa\u00e7\u00e3o prova)<\/p>\t\t\t\t\t\t\t\t<\/div>\n\t\t\t\t<\/div>\n\t\t\t\t<div class=\"elementor-element elementor-element-c4a0af3 elementor-widget elementor-widget-text-editor\" data-id=\"c4a0af3\" data-element_type=\"widget\" data-widget_type=\"text-editor.default\">\n\t\t\t\t<div class=\"elementor-widget-container\">\n\t\t\t\t\t\t\t\t\t<p>Portugu\u00eas L\u00edngua N\u00e3o Materna\u00a0&#8211; Oral (Informa\u00e7\u00e3o prova)<\/p>\t\t\t\t\t\t\t\t<\/div>\n\t\t\t\t<\/div>\n\t\t\t\t<div class=\"elementor-element elementor-element-edb37ad elementor-widget elementor-widget-text-editor\" data-id=\"edb37ad\" data-element_type=\"widget\" data-widget_type=\"text-editor.default\">\n\t\t\t\t<div class=\"elementor-widget-container\">\n\t\t\t\t\t\t\t\t\t<p><a href=\"https:\/\/drive.google.com\/file\/d\/1rQs7htxBxHT91dhDs47gqE6oKMDVPNI8\/view?usp=sharing\">Cidadania e Desenvolvimento (Informa\u00e7\u00e3o prova)<\/a><\/p>\t\t\t\t\t\t\t\t<\/div>\n\t\t\t\t<\/div>\n\t\t\t\t<div class=\"elementor-element elementor-element-3a64281 elementor-widget elementor-widget-text-editor\" data-id=\"3a64281\" data-element_type=\"widget\" data-widget_type=\"text-editor.default\">\n\t\t\t\t<div class=\"elementor-widget-container\">\n\t\t\t\t\t\t\t\t\t<p><a href=\"https:\/\/drive.google.com\/file\/d\/1y_pHDQVuD-EG4ALFhotBG5-038-5jnvz\/view?usp=sharing\">Educa\u00e7\u00e3o F\u00edsica (Informa\u00e7\u00e3o prova)<\/a><\/p>\t\t\t\t\t\t\t\t<\/div>\n\t\t\t\t<\/div>\n\t\t\t\t<div class=\"elementor-element elementor-element-3452636 elementor-widget elementor-widget-text-editor\" data-id=\"3452636\" data-element_type=\"widget\" data-widget_type=\"text-editor.default\">\n\t\t\t\t<div class=\"elementor-widget-container\">\n\t\t\t\t\t\t\t\t\t<p><a href=\"https:\/\/drive.google.com\/file\/d\/1frMriN5d3yo36bZX150D0AWCqX-R7pIt\/view?usp=sharing\">Matem\u00e1tica aoN\u00edvel de Escola (Informa\u00e7\u00e3o prova)<\/a><\/p>\t\t\t\t\t\t\t\t<\/div>\n\t\t\t\t<\/div>\n\t\t\t\t<div class=\"elementor-element elementor-element-8b33df0 elementor-widget elementor-widget-text-editor\" data-id=\"8b33df0\" data-element_type=\"widget\" data-widget_type=\"text-editor.default\">\n\t\t\t\t<div class=\"elementor-widget-container\">\n\t\t\t\t\t\t\t\t\t<p><a href=\"https:\/\/drive.google.com\/file\/d\/1U2h9TmLMh-I5q22ReC7VgJsxYheZGpXQ\/view?usp=sharing\">Literacia financeira (Informa\u00e7\u00e3o prova)<\/a><\/p>\t\t\t\t\t\t\t\t<\/div>\n\t\t\t\t<\/div>\n\t\t\t\t<div class=\"elementor-element elementor-element-fb74011 elementor-widget elementor-widget-text-editor\" data-id=\"fb74011\" data-element_type=\"widget\" data-widget_type=\"text-editor.default\">\n\t\t\t\t<div class=\"elementor-widget-container\">\n\t\t\t\t\t\t\t\t\t<p style=\"text-align: center;\"><a href=\"https:\/\/drive.google.com\/file\/d\/1WSMDXRqEZjPE42ZZy5zHuAOG8750kyZh\/view?usp=sharing\">F\u00edsico-qu\u00edmica (Informa\u00e7\u00e3o prova)<\/a><\/p>\t\t\t\t\t\t\t\t<\/div>\n\t\t\t\t<\/div>\n\t\t\t\t<div class=\"elementor-element elementor-element-0f676a0 elementor-widget elementor-widget-text-editor\" data-id=\"0f676a0\" data-element_type=\"widget\" data-widget_type=\"text-editor.default\">\n\t\t\t\t<div class=\"elementor-widget-container\">\n\t\t\t\t\t\t\t\t\t<p><a href=\"https:\/\/drive.google.com\/file\/d\/1sbrU1R7h5mr48u1BpCRfs4P8OhYXfdIW\/view?usp=sharing\">Ci\u00eancias Naturais (Informa\u00e7\u00e3o prova)<\/a><\/p>\t\t\t\t\t\t\t\t<\/div>\n\t\t\t\t<\/div>\n\t\t\t\t<div class=\"elementor-element elementor-element-133e67f elementor-widget elementor-widget-text-editor\" data-id=\"133e67f\" data-element_type=\"widget\" data-widget_type=\"text-editor.default\">\n\t\t\t\t<div class=\"elementor-widget-container\">\n\t\t\t\t\t\t\t\t\t<p><a href=\"https:\/\/drive.google.com\/file\/d\/1g5uK3D6DyDg6V28LY4AMLz4S8X-lXFwa\/view?usp=sharing\">Educa\u00e7\u00e3o Visual (Informa\u00e7\u00e3o prova)<\/a><\/p>\t\t\t\t\t\t\t\t<\/div>\n\t\t\t\t<\/div>\n\t\t\t\t<div class=\"elementor-element elementor-element-da045d6 elementor-widget elementor-widget-text-editor\" data-id=\"da045d6\" data-element_type=\"widget\" data-widget_type=\"text-editor.default\">\n\t\t\t\t<div class=\"elementor-widget-container\">\n\t\t\t\t\t\t\t\t\t<p><a href=\"https:\/\/drive.google.com\/file\/d\/1uFm2NIXSFps-hmCpZnBSGNOAwNIckcqJ\/view?usp=sharing\">Franc\u00eas &#8211; Escrita (Informa\u00e7\u00e3o prova)<\/a><\/p><p><a href=\"https:\/\/drive.google.com\/file\/d\/1mt4Xi6ObldqR6-8Kc3jJG3zVaPQEGtCB\/view?usp=sharing\">Franc\u00eas &#8211; Oral (Informa\u00e7\u00e3o prova)<\/a><\/p>\t\t\t\t\t\t\t\t<\/div>\n\t\t\t\t<\/div>\n\t\t\t\t<div class=\"elementor-element elementor-element-2a5da74 elementor-widget elementor-widget-text-editor\" data-id=\"2a5da74\" data-element_type=\"widget\" data-widget_type=\"text-editor.default\">\n\t\t\t\t<div class=\"elementor-widget-container\">\n\t\t\t\t\t\t\t\t\t<p><a href=\"https:\/\/drive.google.com\/file\/d\/1127I10PqlTgDsRxFU6gvI2yCsvGb9A1J\/view?usp=sharing\">Hist\u00f3ria (Informa\u00e7\u00e3o prova)<\/a><\/p>\t\t\t\t\t\t\t\t<\/div>\n\t\t\t\t<\/div>\n\t\t\t\t<div class=\"elementor-element elementor-element-f6f1b17 elementor-widget elementor-widget-text-editor\" data-id=\"f6f1b17\" data-element_type=\"widget\" data-widget_type=\"text-editor.default\">\n\t\t\t\t<div class=\"elementor-widget-container\">\n\t\t\t\t\t\t\t\t\t<p><a href=\"https:\/\/drive.google.com\/file\/d\/1D0493Ic1yDva5d63PAolRWD_-qwyKS-_\/view?usp=sharing\">Geografia (Informa\u00e7\u00e3o prova)<\/a><\/p>\t\t\t\t\t\t\t\t<\/div>\n\t\t\t\t<\/div>\n\t\t\t\t<div class=\"elementor-element elementor-element-e9e54e6 elementor-widget elementor-widget-text-editor\" data-id=\"e9e54e6\" data-element_type=\"widget\" data-widget_type=\"text-editor.default\">\n\t\t\t\t<div class=\"elementor-widget-container\">\n\t\t\t\t\t\t\t\t\t<p><a href=\"https:\/\/drive.google.com\/file\/d\/19LK84pXDvQS7PQJvuY8w6Z4lmN__-82z\/view?usp=sharing\">TIC (Informa\u00e7\u00e3o prova)<\/a><\/p>\t\t\t\t\t\t\t\t<\/div>\n\t\t\t\t<\/div>\n\t\t\t\t<\/div>\n\t\t\t\t<\/div>\n\t\t\t\t\t<\/div>\n\t\t\t\t<\/div>\n\t\t<div class=\"elementor-element elementor-element-9538dd0 e-flex e-con-boxed e-con e-parent\" data-id=\"9538dd0\" data-element_type=\"container\" data-settings=\"{&quot;background_background&quot;:&quot;classic&quot;,&quot;_ha_eqh_enable&quot;:false}\">\n\t\t\t\t\t<div class=\"e-con-inner\">\n\t\t\t\t\t<\/div>\n\t\t\t\t<\/div>\n\t\t\t\t<\/div>\n\t\t","protected":false},"excerpt":{"rendered":"<p>Provas de Equival\u00eancia \u00e0 Frequ\u00eancia Inscri\u00e7\u00e3o nas Provas e Exames do ensino b\u00e1sico e do ensino &#8211; Plataforma de Inscri\u00e7\u00e3o Eletr\u00f3nica em Provas e Exames do Ensino B\u00e1sico e Secund\u00e1rio (PIEPE), Calend\u00e1rio 2025\/2026 Informa\u00e7\u00e3o prova por disciplina 2025\/26 &#8211; 6.\u00ba ano &#8211; 1.\u00aa fase Cidadania e Desenvolvimento (Informa\u00e7\u00e3o prova) Ingl\u00eas &#8211; Escrita (Informa\u00e7\u00e3o prova)\u00a0 Ingl\u00eas [&hellip;]<\/p>\n","protected":false},"author":2,"featured_media":0,"parent":0,"menu_order":0,"comment_status":"closed","ping_status":"closed","template":"","meta":{"_seopress_robots_primary_cat":"","_seopress_titles_title":"","_seopress_titles_desc":"","_seopress_robots_index":"","site-sidebar-layout":"no-sidebar","site-content-layout":"page-builder","ast-site-content-layout":"full-width-container","site-content-style":"unboxed","site-sidebar-style":"unboxed","ast-global-header-display":"","ast-banner-title-visibility":"","ast-main-header-display":"","ast-hfb-above-header-display":"","ast-hfb-below-header-display":"","ast-hfb-mobile-header-display":"","site-post-title":"disabled","ast-breadcrumbs-content":"disabled","ast-featured-img":"disabled","footer-sml-layout":"","theme-transparent-header-meta":"default","adv-header-id-meta":"","stick-header-meta":"","header-above-stick-meta":"","header-main-stick-meta":"","header-below-stick-meta":"","astra-migrate-meta-layouts":"set","ast-page-background-enabled":"default","ast-page-background-meta":{"desktop":{"background-color":"","background-image":"","background-repeat":"repeat","background-position":"center center","background-size":"auto","background-attachment":"scroll","background-type":"","background-media":"","overlay-type":"","overlay-color":"","overlay-opacity":"","overlay-gradient":""},"tablet":{"background-color":"","background-image":"","background-repeat":"repeat","background-position":"center center","background-size":"auto","background-attachment":"scroll","background-type":"","background-media":"","overlay-type":"","overlay-color":"","overlay-opacity":"","overlay-gradient":""},"mobile":{"background-color":"","background-image":"","background-repeat":"repeat","background-position":"center center","background-size":"auto","background-attachment":"scroll","background-type":"","background-media":"","overlay-type":"","overlay-color":"","overlay-opacity":"","overlay-gradient":""}},"ast-content-background-meta":{"desktop":{"background-color":"var(--ast-global-color-5)","background-image":"","background-repeat":"repeat","background-position":"center center","background-size":"auto","background-attachment":"scroll","background-type":"","background-media":"","overlay-type":"","overlay-color":"","overlay-opacity":"","overlay-gradient":""},"tablet":{"background-color":"var(--ast-global-color-5)","background-image":"","background-repeat":"repeat","background-position":"center center","background-size":"auto","background-attachment":"scroll","background-type":"","background-media":"","overlay-type":"","overlay-color":"","overlay-opacity":"","overlay-gradient":""},"mobile":{"background-color":"var(--ast-global-color-5)","background-image":"","background-repeat":"repeat","background-position":"center center","background-size":"auto","background-attachment":"scroll","background-type":"","background-media":"","overlay-type":"","overlay-color":"","overlay-opacity":"","overlay-gradient":""}},"footnotes":""},"class_list":["post-3677","page","type-page","status-publish","hentry"],"_links":{"self":[{"href":"https:\/\/aevm.pt\/index.php\/wp-json\/wp\/v2\/pages\/3677","targetHints":{"allow":["GET"]}}],"collection":[{"href":"https:\/\/aevm.pt\/index.php\/wp-json\/wp\/v2\/pages"}],"about":[{"href":"https:\/\/aevm.pt\/index.php\/wp-json\/wp\/v2\/types\/page"}],"author":[{"embeddable":true,"href":"https:\/\/aevm.pt\/index.php\/wp-json\/wp\/v2\/users\/2"}],"replies":[{"embeddable":true,"href":"https:\/\/aevm.pt\/index.php\/wp-json\/wp\/v2\/comments?post=3677"}],"version-history":[{"count":143,"href":"https:\/\/aevm.pt\/index.php\/wp-json\/wp\/v2\/pages\/3677\/revisions"}],"predecessor-version":[{"id":5607,"href":"https:\/\/aevm.pt\/index.php\/wp-json\/wp\/v2\/pages\/3677\/revisions\/5607"}],"wp:attachment":[{"href":"https:\/\/aevm.pt\/index.php\/wp-json\/wp\/v2\/media?parent=3677"}],"curies":[{"name":"wp","href":"https:\/\/api.w.org\/{rel}","templated":true}]}}