{"id":4786,"date":"2026-01-03T19:42:25","date_gmt":"2026-01-03T19:42:25","guid":{"rendered":"https:\/\/aevm.pt\/?page_id=4786"},"modified":"2026-01-03T20:01:18","modified_gmt":"2026-01-03T20:01:18","slug":"laboratorio-de-educacao-digital-led","status":"publish","type":"page","link":"https:\/\/aevm.pt\/index.php\/laboratorio-de-educacao-digital-led\/","title":{"rendered":"Laborat\u00f3rio de Educa\u00e7\u00e3o Digital (LED)"},"content":{"rendered":"\t\t<div data-elementor-type=\"wp-page\" data-elementor-id=\"4786\" class=\"elementor elementor-4786\" data-elementor-settings=\"{&quot;ha_cmc_init_switcher&quot;:&quot;no&quot;}\">\n\t\t\t\t<div class=\"elementor-element elementor-element-cc4f042 e-flex e-con-boxed e-con e-parent\" data-id=\"cc4f042\" data-element_type=\"container\" data-settings=\"{&quot;background_background&quot;:&quot;classic&quot;,&quot;_ha_eqh_enable&quot;:false}\">\n\t\t\t\t\t<div class=\"e-con-inner\">\n\t\t<div class=\"elementor-element elementor-element-414d6ef e-con-full e-flex e-con e-child\" data-id=\"414d6ef\" data-element_type=\"container\" data-settings=\"{&quot;_ha_eqh_enable&quot;:false}\">\n\t\t\t\t<div class=\"elementor-element elementor-element-45d7c59 elementor-widget elementor-widget-heading\" data-id=\"45d7c59\" data-element_type=\"widget\" data-widget_type=\"heading.default\">\n\t\t\t\t<div class=\"elementor-widget-container\">\n\t\t\t\t\t<h1 class=\"elementor-heading-title elementor-size-default\">Laborat\u00f3rio de Educa\u00e7\u00e3o Digital (LED)<\/h1>\t\t\t\t<\/div>\n\t\t\t\t<\/div>\n\t\t\t\t<\/div>\n\t\t\t\t\t<\/div>\n\t\t\t\t<\/div>\n\t\t<div class=\"elementor-element elementor-element-6feba34 e-flex e-con-boxed e-con e-parent\" data-id=\"6feba34\" data-element_type=\"container\" data-settings=\"{&quot;_ha_eqh_enable&quot;:false}\">\n\t\t\t\t\t<div class=\"e-con-inner\">\n\t\t\t\t<div class=\"elementor-element elementor-element-1cb4110 elementor-widget elementor-widget-image\" data-id=\"1cb4110\" data-element_type=\"widget\" data-widget_type=\"image.default\">\n\t\t\t\t<div class=\"elementor-widget-container\">\n\t\t\t\t\t\t\t\t\t\t\t\t\t\t\t<img fetchpriority=\"high\" decoding=\"async\" width=\"643\" height=\"281\" src=\"https:\/\/aevm.pt\/wp-content\/uploads\/2026\/01\/Captura-de-Ecra-152.png\" class=\"attachment-large size-large wp-image-4790\" alt=\"\" srcset=\"https:\/\/aevm.pt\/wp-content\/uploads\/2026\/01\/Captura-de-Ecra-152.png 643w, https:\/\/aevm.pt\/wp-content\/uploads\/2026\/01\/Captura-de-Ecra-152-300x131.png 300w\" sizes=\"(max-width: 643px) 100vw, 643px\" \/>\t\t\t\t\t\t\t\t\t\t\t\t\t\t\t<\/div>\n\t\t\t\t<\/div>\n\t\t\t\t\t<\/div>\n\t\t\t\t<\/div>\n\t\t<div class=\"elementor-element elementor-element-03b469c e-flex e-con-boxed e-con e-parent\" data-id=\"03b469c\" data-element_type=\"container\" data-settings=\"{&quot;_ha_eqh_enable&quot;:false}\">\n\t\t\t\t\t<div class=\"e-con-inner\">\n\t\t\t\t<div class=\"elementor-element elementor-element-1929190 elementor-widget elementor-widget-text-editor\" data-id=\"1929190\" data-element_type=\"widget\" data-widget_type=\"text-editor.default\">\n\t\t\t\t<div class=\"elementor-widget-container\">\n\t\t\t\t\t\t\t\t\t<div><h6 class=\"gmail_default cursor-hover\">Coordena\u00e7\u00e3o do espa\u00e7o e equipamentos LED<\/h6><p class=\"gmail_default cursor-hover\">Professor Carlos Guerreiro<\/p><h6>Requisitar e registar:<\/h6><div class=\"gmail_default\">Formul\u00e1rio para Requisi\u00e7\u00e3o &#8211; <a href=\"https:\/\/docs.google.com\/forms\/d\/e\/1FAIpQLSf0uikvejjkBGKS8FJuRZZiZmlg-BShkAppMyW4zN-3gMoUSA\/viewform\">Aqui<\/a>.<\/div><\/div><div>Registo de atividades LED &#8211; <a href=\"https:\/\/docs.google.com\/forms\/d\/e\/1FAIpQLSdJjb29XBp4Cbo9hGdYbjcq3wnF4fgybDASlBEID-h1heCMFg\/viewform\">Aqui<\/a>.<\/div><div>\u00a0<\/div><div><h6><a href=\"https:\/\/drive.google.com\/file\/d\/1-PDqGOcJGpQB47E9XM0-2TBp9w-wJxnx\/view\">Regulamento de utiliza\u00e7\u00e3o da sala LED<\/a><\/h6><\/div><div><h6 class=\"gmail_default\"><span style=\"color: #000000;\">Consulta de equipamentos LED:<\/span><\/h6><div><span style=\"font-size: 16px;\">\u00c1rea de Programa\u00e7\u00e3o e Rob\u00f3tica &#8211; <\/span><a style=\"font-size: 16px; background-color: #ffffff;\" href=\"https:\/\/led.dge.medu.pt\/area\/programacao-e-robotica\">Equipamentos<\/a><\/div><\/div><div><div>\u00c1rea STEM &#8211; <a href=\"https:\/\/led.dge.medu.pt\/area\/stem\">Equipamentos<\/a><\/div><div>\u00c1rea Comum &#8211; <a href=\"https:\/\/led.dge.medu.pt\/area\/comum\">Equipamentos<\/a><\/div><div class=\"gmail_default\">\u00c1rea\u00a0 de Artes e Multim\u00e9dia &#8211; <a href=\"https:\/\/led.dge.medu.pt\/area\/artes-e-multimedia\">Equipamentos<\/a><\/div><\/div>\t\t\t\t\t\t\t\t<\/div>\n\t\t\t\t<\/div>\n\t\t\t\t\t<\/div>\n\t\t\t\t<\/div>\n\t\t\t\t<\/div>\n\t\t","protected":false},"excerpt":{"rendered":"<p>Laborat\u00f3rio de Educa\u00e7\u00e3o Digital (LED) Coordena\u00e7\u00e3o do espa\u00e7o e equipamentos LED Professor Carlos Guerreiro Requisitar e registar: Formul\u00e1rio para Requisi\u00e7\u00e3o &#8211; Aqui.Registo de atividades LED &#8211; Aqui.\u00a0 Regulamento de utiliza\u00e7\u00e3o da sala LED Consulta de equipamentos LED: \u00c1rea de Programa\u00e7\u00e3o e Rob\u00f3tica &#8211; Equipamentos\u00c1rea STEM &#8211; Equipamentos\u00c1rea Comum &#8211; Equipamentos\u00c1rea\u00a0 de Artes e Multim\u00e9dia &#8211; [&hellip;]<\/p>\n","protected":false},"author":3,"featured_media":0,"parent":0,"menu_order":0,"comment_status":"closed","ping_status":"closed","template":"","meta":{"_seopress_robots_primary_cat":"","_seopress_titles_title":"","_seopress_titles_desc":"Laborat\u00f3rio de Educa\u00e7\u00e3o Digital (LED)","_seopress_robots_index":"","site-sidebar-layout":"no-sidebar","site-content-layout":"page-builder","ast-site-content-layout":"full-width-container","site-content-style":"unboxed","site-sidebar-style":"unboxed","ast-global-header-display":"","ast-banner-title-visibility":"","ast-main-header-display":"","ast-hfb-above-header-display":"","ast-hfb-below-header-display":"","ast-hfb-mobile-header-display":"","site-post-title":"disabled","ast-breadcrumbs-content":"disabled","ast-featured-img":"disabled","footer-sml-layout":"","theme-transparent-header-meta":"default","adv-header-id-meta":"","stick-header-meta":"","header-above-stick-meta":"","header-main-stick-meta":"","header-below-stick-meta":"","astra-migrate-meta-layouts":"set","ast-page-background-enabled":"default","ast-page-background-meta":{"desktop":{"background-color":"","background-image":"","background-repeat":"repeat","background-position":"center center","background-size":"auto","background-attachment":"scroll","background-type":"","background-media":"","overlay-type":"","overlay-color":"","overlay-opacity":"","overlay-gradient":""},"tablet":{"background-color":"","background-image":"","background-repeat":"repeat","background-position":"center center","background-size":"auto","background-attachment":"scroll","background-type":"","background-media":"","overlay-type":"","overlay-color":"","overlay-opacity":"","overlay-gradient":""},"mobile":{"background-color":"","background-image":"","background-repeat":"repeat","background-position":"center center","background-size":"auto","background-attachment":"scroll","background-type":"","background-media":"","overlay-type":"","overlay-color":"","overlay-opacity":"","overlay-gradient":""}},"ast-content-background-meta":{"desktop":{"background-color":"var(--ast-global-color-5)","background-image":"","background-repeat":"repeat","background-position":"center center","background-size":"auto","background-attachment":"scroll","background-type":"","background-media":"","overlay-type":"","overlay-color":"","overlay-opacity":"","overlay-gradient":""},"tablet":{"background-color":"var(--ast-global-color-5)","background-image":"","background-repeat":"repeat","background-position":"center center","background-size":"auto","background-attachment":"scroll","background-type":"","background-media":"","overlay-type":"","overlay-color":"","overlay-opacity":"","overlay-gradient":""},"mobile":{"background-color":"var(--ast-global-color-5)","background-image":"","background-repeat":"repeat","background-position":"center center","background-size":"auto","background-attachment":"scroll","background-type":"","background-media":"","overlay-type":"","overlay-color":"","overlay-opacity":"","overlay-gradient":""}},"footnotes":""},"class_list":["post-4786","page","type-page","status-publish","hentry"],"_links":{"self":[{"href":"https:\/\/aevm.pt\/index.php\/wp-json\/wp\/v2\/pages\/4786","targetHints":{"allow":["GET"]}}],"collection":[{"href":"https:\/\/aevm.pt\/index.php\/wp-json\/wp\/v2\/pages"}],"about":[{"href":"https:\/\/aevm.pt\/index.php\/wp-json\/wp\/v2\/types\/page"}],"author":[{"embeddable":true,"href":"https:\/\/aevm.pt\/index.php\/wp-json\/wp\/v2\/users\/3"}],"replies":[{"embeddable":true,"href":"https:\/\/aevm.pt\/index.php\/wp-json\/wp\/v2\/comments?post=4786"}],"version-history":[{"count":7,"href":"https:\/\/aevm.pt\/index.php\/wp-json\/wp\/v2\/pages\/4786\/revisions"}],"predecessor-version":[{"id":4796,"href":"https:\/\/aevm.pt\/index.php\/wp-json\/wp\/v2\/pages\/4786\/revisions\/4796"}],"wp:attachment":[{"href":"https:\/\/aevm.pt\/index.php\/wp-json\/wp\/v2\/media?parent=4786"}],"curies":[{"name":"wp","href":"https:\/\/api.w.org\/{rel}","templated":true}]}}