{"id":4811,"date":"2026-02-02T15:02:14","date_gmt":"2026-02-02T15:02:14","guid":{"rendered":"https:\/\/aevm.pt\/?page_id=4811"},"modified":"2026-02-02T15:12:33","modified_gmt":"2026-02-02T15:12:33","slug":"educacao-para-a-saude","status":"publish","type":"page","link":"https:\/\/aevm.pt\/index.php\/educacao-para-a-saude\/","title":{"rendered":"Educa\u00e7\u00e3o para a Sa\u00fade"},"content":{"rendered":"\t\t<div data-elementor-type=\"wp-page\" data-elementor-id=\"4811\" class=\"elementor elementor-4811\" data-elementor-settings=\"{&quot;ha_cmc_init_switcher&quot;:&quot;no&quot;}\">\n\t\t\t\t<div class=\"elementor-element elementor-element-cc4f042 e-flex e-con-boxed e-con e-parent\" data-id=\"cc4f042\" data-element_type=\"container\" data-settings=\"{&quot;background_background&quot;:&quot;classic&quot;,&quot;_ha_eqh_enable&quot;:false}\">\n\t\t\t\t\t<div class=\"e-con-inner\">\n\t\t<div class=\"elementor-element elementor-element-414d6ef e-con-full e-flex e-con e-child\" data-id=\"414d6ef\" data-element_type=\"container\" data-settings=\"{&quot;_ha_eqh_enable&quot;:false}\">\n\t\t\t\t<div class=\"elementor-element elementor-element-45d7c59 elementor-widget elementor-widget-heading\" data-id=\"45d7c59\" data-element_type=\"widget\" data-widget_type=\"heading.default\">\n\t\t\t\t<div class=\"elementor-widget-container\">\n\t\t\t\t\t<h1 class=\"elementor-heading-title elementor-size-default\">Projeto de Educa\u00e7\u00e3o para a Sa\u00fade<\/h1>\t\t\t\t<\/div>\n\t\t\t\t<\/div>\n\t\t\t\t<\/div>\n\t\t\t\t\t<\/div>\n\t\t\t\t<\/div>\n\t\t<div class=\"elementor-element elementor-element-d91fc7d e-flex e-con-boxed e-con e-parent\" data-id=\"d91fc7d\" data-element_type=\"container\" data-settings=\"{&quot;_ha_eqh_enable&quot;:false}\">\n\t\t\t\t\t<div class=\"e-con-inner\">\n\t\t\t\t<div class=\"elementor-element elementor-element-901a1b9 elementor-widget elementor-widget-heading\" data-id=\"901a1b9\" data-element_type=\"widget\" data-widget_type=\"heading.default\">\n\t\t\t\t<div class=\"elementor-widget-container\">\n\t\t\t\t\t<h5 class=\"elementor-heading-title elementor-size-default\">Coordena\u00e7\u00e3o - Professoras Edite Ferreira e Isabel Costa<\/h5>\t\t\t\t<\/div>\n\t\t\t\t<\/div>\n\t\t\t\t\t<\/div>\n\t\t\t\t<\/div>\n\t\t<div class=\"elementor-element elementor-element-f24b4e5 e-flex e-con-boxed e-con e-parent\" data-id=\"f24b4e5\" data-element_type=\"container\" data-settings=\"{&quot;_ha_eqh_enable&quot;:false}\">\n\t\t\t\t\t<div class=\"e-con-inner\">\n\t\t\t\t<div class=\"elementor-element elementor-element-76c1041 elementor-widget elementor-widget-heading\" data-id=\"76c1041\" data-element_type=\"widget\" data-widget_type=\"heading.default\">\n\t\t\t\t<div class=\"elementor-widget-container\">\n\t\t\t\t\t<h5 class=\"elementor-heading-title elementor-size-default\">Gabinete de Informa\u00e7\u00e3o e Apoio \u00e0 Sa\u00fade (GIAS)<\/h5>\t\t\t\t<\/div>\n\t\t\t\t<\/div>\n\t\t\t\t\t<\/div>\n\t\t\t\t<\/div>\n\t\t<div class=\"elementor-element elementor-element-ee0d006 e-flex e-con-boxed e-con e-parent\" data-id=\"ee0d006\" data-element_type=\"container\" data-settings=\"{&quot;_ha_eqh_enable&quot;:false}\">\n\t\t\t\t\t<div class=\"e-con-inner\">\n\t\t\t\t<div class=\"elementor-element elementor-element-e7ade03 elementor-widget elementor-widget-text-editor\" data-id=\"e7ade03\" data-element_type=\"widget\" data-widget_type=\"text-editor.default\">\n\t\t\t\t<div class=\"elementor-widget-container\">\n\t\t\t\t\t\t\t\t\t<p><strong><em>Como funciona:<\/em><\/strong><\/p><p>Neste gabinete tens duas professoras e uma enfermeira que te podem informar nas seguintes \u00e1reas:<\/p><p>A &#8211; Sa\u00fade Mental e Preven\u00e7\u00e3o da Viol\u00eancia<\/p><p>B &#8211; Educa\u00e7\u00e3o Alimentar e Atividade F\u00edsica<\/p><p>C \u2013 Preven\u00e7\u00e3o de Comportamentos Aditivos<\/p><p>D &#8211; Afetos e Educa\u00e7\u00e3o para a Sexualidade<\/p><p><strong><em>Aparece na Sala PES, do bloco E:<\/em><\/strong><\/p><p><strong>Prof.\u00aa Edite Ferreira <\/strong>\u2013 ter\u00e7a-feira, das 9h \u00e0s 10h e das 10:10h \u00e0s 11:10h<\/p><p><strong>\u00a0\u00a0\u00a0\u00a0\u00a0\u00a0\u00a0\u00a0\u00a0 <\/strong>\u2013 quarta-feira, das 15:45h \u00e0s 16:45h;<\/p><p><strong>Prof.\u00aa Isabel Costa\u00a0 <\/strong>\u2013 ter\u00e7a-feira, das 9h \u00e0s 10h;<\/p><p><strong>\u00a0\u00a0\u00a0\u00a0\u00a0\u00a0\u00a0\u00a0\u00a0\u00a0\u00a0\u00a0\u00a0\u00a0\u00a0\u00a0\u00a0\u00a0\u00a0\u00a0\u00a0\u00a0\u00a0\u00a0\u00a0\u00a0\u00a0\u00a0\u00a0\u00a0\u00a0\u00a0 \u00a0\u00a0\u00a0\u00a0<\/strong>\u2013 quarta-feira, das 11:20h \u00e0s 12:20h;<\/p><p><strong>Enf.\u00aa Ana Chambel <\/strong>\u2013 com agendamento.<\/p><p>Podes solicitar agendamento por emal ( <a href=\"mailto:pes@aevm.pt\"><strong>pes@aevm.pt<\/strong><\/a> ) ou<\/p><p>diretamente no Gabinete PES no hor\u00e1rio acima indicado.<\/p>\t\t\t\t\t\t\t\t<\/div>\n\t\t\t\t<\/div>\n\t\t\t\t\t<\/div>\n\t\t\t\t<\/div>\n\t\t<div class=\"elementor-element elementor-element-e063cd1 e-flex e-con-boxed e-con e-parent\" data-id=\"e063cd1\" data-element_type=\"container\" data-settings=\"{&quot;_ha_eqh_enable&quot;:false}\">\n\t\t\t\t\t<div class=\"e-con-inner\">\n\t\t\t\t<div class=\"elementor-element elementor-element-8970f55 elementor-widget elementor-widget-heading\" data-id=\"8970f55\" data-element_type=\"widget\" data-widget_type=\"heading.default\">\n\t\t\t\t<div class=\"elementor-widget-container\">\n\t\t\t\t\t<h5 class=\"elementor-heading-title elementor-size-default\">Educa\u00e7\u00e3o para a Sa\u00fade e Sexualidade<\/h5>\t\t\t\t<\/div>\n\t\t\t\t<\/div>\n\t\t\t\t\t<\/div>\n\t\t\t\t<\/div>\n\t\t<div class=\"elementor-element elementor-element-f28ca29 e-flex e-con-boxed e-con e-parent\" data-id=\"f28ca29\" data-element_type=\"container\" data-settings=\"{&quot;_ha_eqh_enable&quot;:false}\">\n\t\t\t\t\t<div class=\"e-con-inner\">\n\t\t\t\t<div class=\"elementor-element elementor-element-f47f3d7 elementor-widget elementor-widget-text-editor\" data-id=\"f47f3d7\" data-element_type=\"widget\" data-widget_type=\"text-editor.default\">\n\t\t\t\t<div class=\"elementor-widget-container\">\n\t\t\t\t\t\t\t\t\t<p>A Educa\u00e7\u00e3o sobre a Sexualidade \u00e9 essencial na Educa\u00e7\u00e3o para a Sa\u00fade, \u00e9 uma das \u00e1reas de interven\u00e7\u00e3o priorit\u00e1ria. Assim, com vista a uma vida saud\u00e1vel em sociedade, os jovens devem adquirir e desenvolver compet\u00eancias nesta \u00e1rea.<\/p><p>A educa\u00e7\u00e3o sexual em meio escolar tem car\u00e1ter <strong>obrigat\u00f3rio<\/strong> e destina-se a todos os estabelecimentos dos ensinos, b\u00e1sico e secund\u00e1rio.<\/p><p>A <strong>Lei n.\u00ba 60\/2009 de 6 de agosto<\/strong>,\u201d Estabelece o regime de aplica\u00e7\u00e3o da Educa\u00e7\u00e3o Sexual em meio escolar\u201d, regulamentada pela <strong>portaria n.\u00ba<\/strong> <strong>196-A\/2010 de 9 de<\/strong> <strong>Abril<\/strong> que torna obrigat\u00f3ria a abordagem da Educa\u00e7\u00e3o Sexual em contexto de sala de aula de uma forma expl\u00edcita, intencional e pedagogicamente estruturada.<\/p><p><strong>Finalidades da Educa\u00e7\u00e3o Sexual<\/strong><\/p><p>Segundo a lei <strong>n\u00ba 60 de 2009, art.2\u00ba<\/strong>, as finalidades da educa\u00e7\u00e3o sexual nas escolas s\u00e3o:<\/p><p><strong><em>a<\/em><\/strong><strong>)<\/strong> A valoriza\u00e7\u00e3o da sexualidade e afetividade entre as pessoas no desenvolvimento individual, respeitando o pluralismo das conce\u00e7\u00f5es existentes na sociedade portuguesa;<\/p><p><strong><em>b<\/em><\/strong><strong>)<\/strong> O desenvolvimento de compet\u00eancias nos jovens que permitam escolhas informadas e seguras no campo da sexualidade;<\/p><p><strong><em>c<\/em><\/strong><strong>)<\/strong> A melhoria dos relacionamentos afetivo \u2013 sexuais dos jovens;<\/p><p><strong><em>d<\/em><\/strong><strong>)<\/strong> A redu\u00e7\u00e3o de consequ\u00eancias negativas dos comportamentos sexuais de risco, tais como a gravidez n\u00e3o desejada e as infe\u00e7\u00f5es sexualmente transmiss\u00edveis;<\/p><p><strong><em>e<\/em><\/strong><strong>)<\/strong> A capacidade de prote\u00e7\u00e3o face a todas as formas de explora\u00e7\u00e3o e de abuso sexuais;<\/p><p><strong><em>f<\/em><\/strong><strong>)<\/strong> O respeito pela diferen\u00e7a entre as pessoas e pelas diferentes orienta\u00e7\u00f5es sexuais;<\/p><p><strong><em>g<\/em><\/strong><strong>)<\/strong> A valoriza\u00e7\u00e3o de uma sexualidade respons\u00e1vel e informada;<\/p><p><strong><em>h<\/em><\/strong><strong>)<\/strong> A promo\u00e7\u00e3o da igualdade entre os sexos;<\/p><p><strong><em>i<\/em><\/strong><strong>)<\/strong> O reconhecimento da import\u00e2ncia de participa\u00e7\u00e3o no processo educativo de encarregados de educa\u00e7\u00e3o, alunos, professores e t\u00e9cnicos de sa\u00fade;<\/p><p><strong><em>j<\/em><\/strong><strong>)<\/strong> A compreens\u00e3o cient\u00edfica do funcionamento dos mecanismos biol\u00f3gicos reprodutivos;<\/p><p><strong><em>l<\/em><\/strong><strong>)<\/strong> A elimina\u00e7\u00e3o de comportamentos baseados na discrimina\u00e7\u00e3o sexual ou na viol\u00eancia em fun\u00e7\u00e3o do sexo ou orienta\u00e7\u00e3o sexual.<\/p>\t\t\t\t\t\t\t\t<\/div>\n\t\t\t\t<\/div>\n\t\t\t\t\t<\/div>\n\t\t\t\t<\/div>\n\t\t<div class=\"elementor-element elementor-element-51467ef e-flex e-con-boxed e-con e-parent\" data-id=\"51467ef\" data-element_type=\"container\" data-settings=\"{&quot;_ha_eqh_enable&quot;:false}\">\n\t\t\t\t\t<div class=\"e-con-inner\">\n\t\t\t\t<div class=\"elementor-element elementor-element-0f42716 elementor-widget elementor-widget-text-editor\" data-id=\"0f42716\" data-element_type=\"widget\" data-widget_type=\"text-editor.default\">\n\t\t\t\t<div class=\"elementor-widget-container\">\n\t\t\t\t\t\t\t\t\t<p><strong>Saber mais:<\/strong><\/p><p><a href=\"https:\/\/drive.google.com\/file\/d\/1WlasTe9sApDutUps-FtI-esVOpAE5PUl\/view?usp=sharing\">Orienta\u00e7\u00f5es para o 1.\u00ba C.E.B.<\/a><\/p><p><a href=\"https:\/\/drive.google.com\/file\/d\/1iMyjvTNGHRz8dsfjXEalRulWn9d3sfS4\/view?usp=sharing\">Orienta\u00e7\u00f5es para os 2.\u00ba e 3.\u00ba C.E.B.<\/a><\/p><p>\u00a0<\/p>\t\t\t\t\t\t\t\t<\/div>\n\t\t\t\t<\/div>\n\t\t\t\t\t<\/div>\n\t\t\t\t<\/div>\n\t\t\t\t<\/div>\n\t\t","protected":false},"excerpt":{"rendered":"<p>Projeto de Educa\u00e7\u00e3o para a Sa\u00fade Coordena\u00e7\u00e3o &#8211; Professoras Edite Ferreira e Isabel Costa Gabinete de Informa\u00e7\u00e3o e Apoio \u00e0 Sa\u00fade (GIAS) Como funciona: Neste gabinete tens duas professoras e uma enfermeira que te podem informar nas seguintes \u00e1reas: A &#8211; Sa\u00fade Mental e Preven\u00e7\u00e3o da Viol\u00eancia B &#8211; Educa\u00e7\u00e3o Alimentar e Atividade F\u00edsica C [&hellip;]<\/p>\n","protected":false},"author":2,"featured_media":0,"parent":0,"menu_order":0,"comment_status":"closed","ping_status":"closed","template":"","meta":{"_seopress_robots_primary_cat":"","_seopress_titles_title":"","_seopress_titles_desc":"Clube de Rob\u00f3tica","_seopress_robots_index":"","site-sidebar-layout":"no-sidebar","site-content-layout":"page-builder","ast-site-content-layout":"full-width-container","site-content-style":"unboxed","site-sidebar-style":"unboxed","ast-global-header-display":"","ast-banner-title-visibility":"","ast-main-header-display":"","ast-hfb-above-header-display":"","ast-hfb-below-header-display":"","ast-hfb-mobile-header-display":"","site-post-title":"disabled","ast-breadcrumbs-content":"disabled","ast-featured-img":"disabled","footer-sml-layout":"","theme-transparent-header-meta":"default","adv-header-id-meta":"","stick-header-meta":"","header-above-stick-meta":"","header-main-stick-meta":"","header-below-stick-meta":"","astra-migrate-meta-layouts":"set","ast-page-background-enabled":"default","ast-page-background-meta":{"desktop":{"background-color":"","background-image":"","background-repeat":"repeat","background-position":"center center","background-size":"auto","background-attachment":"scroll","background-type":"","background-media":"","overlay-type":"","overlay-color":"","overlay-opacity":"","overlay-gradient":""},"tablet":{"background-color":"","background-image":"","background-repeat":"repeat","background-position":"center center","background-size":"auto","background-attachment":"scroll","background-type":"","background-media":"","overlay-type":"","overlay-color":"","overlay-opacity":"","overlay-gradient":""},"mobile":{"background-color":"","background-image":"","background-repeat":"repeat","background-position":"center center","background-size":"auto","background-attachment":"scroll","background-type":"","background-media":"","overlay-type":"","overlay-color":"","overlay-opacity":"","overlay-gradient":""}},"ast-content-background-meta":{"desktop":{"background-color":"var(--ast-global-color-5)","background-image":"","background-repeat":"repeat","background-position":"center center","background-size":"auto","background-attachment":"scroll","background-type":"","background-media":"","overlay-type":"","overlay-color":"","overlay-opacity":"","overlay-gradient":""},"tablet":{"background-color":"var(--ast-global-color-5)","background-image":"","background-repeat":"repeat","background-position":"center center","background-size":"auto","background-attachment":"scroll","background-type":"","background-media":"","overlay-type":"","overlay-color":"","overlay-opacity":"","overlay-gradient":""},"mobile":{"background-color":"var(--ast-global-color-5)","background-image":"","background-repeat":"repeat","background-position":"center center","background-size":"auto","background-attachment":"scroll","background-type":"","background-media":"","overlay-type":"","overlay-color":"","overlay-opacity":"","overlay-gradient":""}},"footnotes":""},"class_list":["post-4811","page","type-page","status-publish","hentry"],"_links":{"self":[{"href":"https:\/\/aevm.pt\/index.php\/wp-json\/wp\/v2\/pages\/4811","targetHints":{"allow":["GET"]}}],"collection":[{"href":"https:\/\/aevm.pt\/index.php\/wp-json\/wp\/v2\/pages"}],"about":[{"href":"https:\/\/aevm.pt\/index.php\/wp-json\/wp\/v2\/types\/page"}],"author":[{"embeddable":true,"href":"https:\/\/aevm.pt\/index.php\/wp-json\/wp\/v2\/users\/2"}],"replies":[{"embeddable":true,"href":"https:\/\/aevm.pt\/index.php\/wp-json\/wp\/v2\/comments?post=4811"}],"version-history":[{"count":5,"href":"https:\/\/aevm.pt\/index.php\/wp-json\/wp\/v2\/pages\/4811\/revisions"}],"predecessor-version":[{"id":4816,"href":"https:\/\/aevm.pt\/index.php\/wp-json\/wp\/v2\/pages\/4811\/revisions\/4816"}],"wp:attachment":[{"href":"https:\/\/aevm.pt\/index.php\/wp-json\/wp\/v2\/media?parent=4811"}],"curies":[{"name":"wp","href":"https:\/\/api.w.org\/{rel}","templated":true}]}}