{"id":5176,"date":"2026-03-26T12:11:56","date_gmt":"2026-03-26T12:11:56","guid":{"rendered":"https:\/\/aevm.pt\/?page_id=5176"},"modified":"2026-03-26T12:16:19","modified_gmt":"2026-03-26T12:16:19","slug":"passo","status":"publish","type":"page","link":"https:\/\/aevm.pt\/index.php\/passo\/","title":{"rendered":"PASSO"},"content":{"rendered":"\t\t<div data-elementor-type=\"wp-page\" data-elementor-id=\"5176\" class=\"elementor elementor-5176\" data-elementor-settings=\"{&quot;ha_cmc_init_switcher&quot;:&quot;no&quot;}\">\n\t\t\t\t<div class=\"elementor-element elementor-element-cc4f042 e-flex e-con-boxed e-con e-parent\" data-id=\"cc4f042\" data-element_type=\"container\" data-settings=\"{&quot;background_background&quot;:&quot;classic&quot;,&quot;_ha_eqh_enable&quot;:false}\">\n\t\t\t\t\t<div class=\"e-con-inner\">\n\t\t<div class=\"elementor-element elementor-element-414d6ef e-con-full e-flex e-con e-child\" data-id=\"414d6ef\" data-element_type=\"container\" data-settings=\"{&quot;_ha_eqh_enable&quot;:false}\">\n\t\t\t\t<div class=\"elementor-element elementor-element-45d7c59 elementor-widget elementor-widget-heading\" data-id=\"45d7c59\" data-element_type=\"widget\" data-widget_type=\"heading.default\">\n\t\t\t\t<div class=\"elementor-widget-container\">\n\t\t\t\t\t<h1 class=\"elementor-heading-title elementor-size-default\">PASSO<\/h1>\t\t\t\t<\/div>\n\t\t\t\t<\/div>\n\t\t\t\t<\/div>\n\t\t\t\t\t<\/div>\n\t\t\t\t<\/div>\n\t\t<div class=\"elementor-element elementor-element-d91fc7d e-flex e-con-boxed e-con e-parent\" data-id=\"d91fc7d\" data-element_type=\"container\" data-settings=\"{&quot;_ha_eqh_enable&quot;:false}\">\n\t\t\t\t\t<div class=\"e-con-inner\">\n\t\t\t\t<div class=\"elementor-element elementor-element-901a1b9 elementor-widget elementor-widget-heading\" data-id=\"901a1b9\" data-element_type=\"widget\" data-widget_type=\"heading.default\">\n\t\t\t\t<div class=\"elementor-widget-container\">\n\t\t\t\t\t<h3 class=\"elementor-heading-title elementor-size-default\">Projeto de apoio \u00e0 comunidade migrante<\/h3>\t\t\t\t<\/div>\n\t\t\t\t<\/div>\n\t\t\t\t\t<\/div>\n\t\t\t\t<\/div>\n\t\t<div class=\"elementor-element elementor-element-03b469c e-flex e-con-boxed e-con e-parent\" data-id=\"03b469c\" data-element_type=\"container\" data-settings=\"{&quot;_ha_eqh_enable&quot;:false}\">\n\t\t\t\t\t<div class=\"e-con-inner\">\n\t\t\t\t<div class=\"elementor-element elementor-element-1929190 elementor-widget elementor-widget-text-editor\" data-id=\"1929190\" data-element_type=\"widget\" data-widget_type=\"text-editor.default\">\n\t\t\t\t<div class=\"elementor-widget-container\">\n\t\t\t\t\t\t\t\t\t<div><div class=\"gmail_default cursor-hover\"><strong>Destinat\u00e1rios:<\/strong><\/div><div>Alunos do 6.\u00ba ano de escolaridade que ingressaram recentemente no sistema educativo portugu\u00eas e n\u00e3o adquiriram as Aprendizagens Essenciais de Ingl\u00eas at\u00e9 ao 5.\u00ba ano<\/div><div>\u00a0<\/div><div class=\"gmail_default cursor-hover\"><strong>Objetivos do Projeto:<\/strong><\/div><div class=\"gmail_default cursor-hover\">&#8211; Promover o sucesso educativo e a inclus\u00e3o dos alunos atrav\u00e9s de um percurso educativo ajustado ao seu n\u00edvel de profici\u00eancia lingu\u00edstica.<br \/>&#8211; Desenvolver compet\u00eancias lingu\u00edsticas em Ingl\u00eas correspondentes \u00e0s Aprendizagens Essenciais do 5.\u00ba ano;<br \/>&#8211; Facilitar a progress\u00e3o para aprendizagens do 6.\u00ba ano;<br \/>&#8211; Promover a autonomia e a autorregula\u00e7\u00e3o da aprendizagem.<\/div><\/div><div>\u00a0<\/div><div><strong>Organiza\u00e7\u00e3o:<\/strong><br \/>O projeto assenta numa metodologia diferenciada, sustentada na utiliza\u00e7\u00e3o de recursos pedag\u00f3gicos produzidos por uma professora coordenadora. Estes recursos s\u00e3o disponibilizados atrav\u00e9s da plataforma Google Classroom e organizados por unidades did\u00e1ticas.<br \/>Os materiais utilizados s\u00e3o diversificados, incluindo v\u00eddeos, \u00e1udios, fichas de trabalho (worksheets) e outros recursos digitais, permitindo a pr\u00e1tica das v\u00e1rias compet\u00eancias lingu\u00edsticas, com feedback imediato. As atividades contemplam igualmente o desenvolvimento da produ\u00e7\u00e3o e intera\u00e7\u00e3o oral.<br \/>No final de cada unidade did\u00e1tica, os alunos realizam um teste de avalia\u00e7\u00e3o atrav\u00e9s do Google Forms.<\/div><div>\u00a0<\/div><div><div class=\"gmail_default\">Pode conhecer melhor o Projeto PASSO <a href=\"https:\/\/drive.google.com\/file\/d\/1UQhfZRjkToCdhZKrjtZNo10QbM2t4rCZ\/view?usp=drive_link\">aqui<\/a>.<\/div><div>\u00a0<\/div><\/div><div><div class=\"gmail_default\">\u00a0<\/div><\/div>\t\t\t\t\t\t\t\t<\/div>\n\t\t\t\t<\/div>\n\t\t\t\t\t<\/div>\n\t\t\t\t<\/div>\n\t\t\t\t<\/div>\n\t\t","protected":false},"excerpt":{"rendered":"<p>PASSO Projeto de apoio \u00e0 comunidade migrante Destinat\u00e1rios:Alunos do 6.\u00ba ano de escolaridade que ingressaram recentemente no sistema educativo portugu\u00eas e n\u00e3o adquiriram as Aprendizagens Essenciais de Ingl\u00eas at\u00e9 ao 5.\u00ba ano\u00a0Objetivos do Projeto:&#8211; Promover o sucesso educativo e a inclus\u00e3o dos alunos atrav\u00e9s de um percurso educativo ajustado ao seu n\u00edvel de profici\u00eancia lingu\u00edstica.&#8211; [&hellip;]<\/p>\n","protected":false},"author":3,"featured_media":0,"parent":0,"menu_order":0,"comment_status":"closed","ping_status":"closed","template":"","meta":{"_seopress_robots_primary_cat":"","_seopress_titles_title":"","_seopress_titles_desc":"","_seopress_robots_index":"","site-sidebar-layout":"no-sidebar","site-content-layout":"page-builder","ast-site-content-layout":"full-width-container","site-content-style":"unboxed","site-sidebar-style":"unboxed","ast-global-header-display":"","ast-banner-title-visibility":"","ast-main-header-display":"","ast-hfb-above-header-display":"","ast-hfb-below-header-display":"","ast-hfb-mobile-header-display":"","site-post-title":"disabled","ast-breadcrumbs-content":"disabled","ast-featured-img":"disabled","footer-sml-layout":"","theme-transparent-header-meta":"default","adv-header-id-meta":"","stick-header-meta":"","header-above-stick-meta":"","header-main-stick-meta":"","header-below-stick-meta":"","astra-migrate-meta-layouts":"set","ast-page-background-enabled":"default","ast-page-background-meta":{"desktop":{"background-color":"","background-image":"","background-repeat":"repeat","background-position":"center center","background-size":"auto","background-attachment":"scroll","background-type":"","background-media":"","overlay-type":"","overlay-color":"","overlay-opacity":"","overlay-gradient":""},"tablet":{"background-color":"","background-image":"","background-repeat":"repeat","background-position":"center center","background-size":"auto","background-attachment":"scroll","background-type":"","background-media":"","overlay-type":"","overlay-color":"","overlay-opacity":"","overlay-gradient":""},"mobile":{"background-color":"","background-image":"","background-repeat":"repeat","background-position":"center center","background-size":"auto","background-attachment":"scroll","background-type":"","background-media":"","overlay-type":"","overlay-color":"","overlay-opacity":"","overlay-gradient":""}},"ast-content-background-meta":{"desktop":{"background-color":"var(--ast-global-color-5)","background-image":"","background-repeat":"repeat","background-position":"center center","background-size":"auto","background-attachment":"scroll","background-type":"","background-media":"","overlay-type":"","overlay-color":"","overlay-opacity":"","overlay-gradient":""},"tablet":{"background-color":"var(--ast-global-color-5)","background-image":"","background-repeat":"repeat","background-position":"center center","background-size":"auto","background-attachment":"scroll","background-type":"","background-media":"","overlay-type":"","overlay-color":"","overlay-opacity":"","overlay-gradient":""},"mobile":{"background-color":"var(--ast-global-color-5)","background-image":"","background-repeat":"repeat","background-position":"center center","background-size":"auto","background-attachment":"scroll","background-type":"","background-media":"","overlay-type":"","overlay-color":"","overlay-opacity":"","overlay-gradient":""}},"footnotes":""},"class_list":["post-5176","page","type-page","status-publish","hentry"],"_links":{"self":[{"href":"https:\/\/aevm.pt\/index.php\/wp-json\/wp\/v2\/pages\/5176","targetHints":{"allow":["GET"]}}],"collection":[{"href":"https:\/\/aevm.pt\/index.php\/wp-json\/wp\/v2\/pages"}],"about":[{"href":"https:\/\/aevm.pt\/index.php\/wp-json\/wp\/v2\/types\/page"}],"author":[{"embeddable":true,"href":"https:\/\/aevm.pt\/index.php\/wp-json\/wp\/v2\/users\/3"}],"replies":[{"embeddable":true,"href":"https:\/\/aevm.pt\/index.php\/wp-json\/wp\/v2\/comments?post=5176"}],"version-history":[{"count":7,"href":"https:\/\/aevm.pt\/index.php\/wp-json\/wp\/v2\/pages\/5176\/revisions"}],"predecessor-version":[{"id":5183,"href":"https:\/\/aevm.pt\/index.php\/wp-json\/wp\/v2\/pages\/5176\/revisions\/5183"}],"wp:attachment":[{"href":"https:\/\/aevm.pt\/index.php\/wp-json\/wp\/v2\/media?parent=5176"}],"curies":[{"name":"wp","href":"https:\/\/api.w.org\/{rel}","templated":true}]}}