{"id":5437,"date":"2026-04-07T11:29:23","date_gmt":"2026-04-07T11:29:23","guid":{"rendered":"https:\/\/aevm.pt\/?page_id=5437"},"modified":"2026-04-07T11:36:26","modified_gmt":"2026-04-07T11:36:26","slug":"matriculas-2026-2027","status":"publish","type":"page","link":"https:\/\/aevm.pt\/index.php\/matriculas-2026-2027\/","title":{"rendered":"Matr\u00edculas 2026\/2027"},"content":{"rendered":"\t\t<div data-elementor-type=\"wp-page\" data-elementor-id=\"5437\" class=\"elementor elementor-5437\" data-elementor-settings=\"{&quot;ha_cmc_init_switcher&quot;:&quot;no&quot;}\">\n\t\t\t\t<div class=\"elementor-element elementor-element-716489f e-flex e-con-boxed e-con e-parent\" data-id=\"716489f\" data-element_type=\"container\" data-settings=\"{&quot;background_background&quot;:&quot;classic&quot;,&quot;_ha_eqh_enable&quot;:false}\">\n\t\t\t\t\t<div class=\"e-con-inner\">\n\t\t<div class=\"elementor-element elementor-element-b44ea08 e-con-full e-flex e-con e-child\" data-id=\"b44ea08\" data-element_type=\"container\" data-settings=\"{&quot;_ha_eqh_enable&quot;:false}\">\n\t\t\t\t<div class=\"elementor-element elementor-element-84101e8 elementor-widget elementor-widget-heading\" data-id=\"84101e8\" data-element_type=\"widget\" data-widget_type=\"heading.default\">\n\t\t\t\t<div class=\"elementor-widget-container\">\n\t\t\t\t\t<h1 class=\"elementor-heading-title elementor-size-default\">Matr\u00edculas 2026\/2027<\/h1>\t\t\t\t<\/div>\n\t\t\t\t<\/div>\n\t\t\t\t<\/div>\n\t\t\t\t\t<\/div>\n\t\t\t\t<\/div>\n\t\t<div class=\"elementor-element elementor-element-f941339 e-flex e-con-boxed e-con e-parent\" data-id=\"f941339\" data-element_type=\"container\" data-settings=\"{&quot;_ha_eqh_enable&quot;:false}\">\n\t\t\t\t\t<div class=\"e-con-inner\">\n\t\t\t\t<div class=\"elementor-element elementor-element-e3e06de elementor-widget elementor-widget-text-editor\" data-id=\"e3e06de\" data-element_type=\"widget\" data-widget_type=\"text-editor.default\">\n\t\t\t\t<div class=\"elementor-widget-container\">\n\t\t\t\t\t\t\t\t\t<p class=\"cursor-hover\">O MECI puclicou o calend\u00e1rio para as matr\u00edculas 2026\/2027. Pode consultar o Despacho n.\u00ba 4472-A\/2026, de 6 de abril\u00a0 <a href=\"https:\/\/diariodarepublica.pt\/dr\/detalhe\/despacho\/4472-a-2026-1081867449\" target=\"_blank\" rel=\"noopener\">aqui.<\/a>\u00a0 \u00a0 \u00a0 \u00a0 \u00a0<\/p>\t\t\t\t\t\t\t\t<\/div>\n\t\t\t\t<\/div>\n\t\t\t\t\t<\/div>\n\t\t\t\t<\/div>\n\t\t<div class=\"elementor-element elementor-element-e1265c3 e-flex e-con-boxed e-con e-parent\" data-id=\"e1265c3\" data-element_type=\"container\" data-settings=\"{&quot;_ha_eqh_enable&quot;:false}\">\n\t\t\t\t\t<div class=\"e-con-inner\">\n\t\t\t\t<div class=\"elementor-element elementor-element-6d754d1 elementor-widget elementor-widget-image\" data-id=\"6d754d1\" data-element_type=\"widget\" data-widget_type=\"image.default\">\n\t\t\t\t<div class=\"elementor-widget-container\">\n\t\t\t\t\t\t\t\t\t\t\t\t\t\t\t<img fetchpriority=\"high\" decoding=\"async\" width=\"240\" height=\"300\" src=\"https:\/\/aevm.pt\/wp-content\/uploads\/2026\/04\/662545136_122199556328342202_893127384074218138_n-240x300.jpg\" class=\"attachment-medium size-medium wp-image-5438\" alt=\"\" srcset=\"https:\/\/aevm.pt\/wp-content\/uploads\/2026\/04\/662545136_122199556328342202_893127384074218138_n-240x300.jpg 240w, https:\/\/aevm.pt\/wp-content\/uploads\/2026\/04\/662545136_122199556328342202_893127384074218138_n-819x1024.jpg 819w, https:\/\/aevm.pt\/wp-content\/uploads\/2026\/04\/662545136_122199556328342202_893127384074218138_n-768x960.jpg 768w, https:\/\/aevm.pt\/wp-content\/uploads\/2026\/04\/662545136_122199556328342202_893127384074218138_n.jpg 1080w\" sizes=\"(max-width: 240px) 100vw, 240px\" \/>\t\t\t\t\t\t\t\t\t\t\t\t\t\t\t<\/div>\n\t\t\t\t<\/div>\n\t\t\t\t\t<\/div>\n\t\t\t\t<\/div>\n\t\t<div class=\"elementor-element elementor-element-d4a5447 e-flex e-con-boxed e-con e-parent\" data-id=\"d4a5447\" data-element_type=\"container\" data-settings=\"{&quot;_ha_eqh_enable&quot;:false}\">\n\t\t\t\t\t<div class=\"e-con-inner\">\n\t\t\t\t<div class=\"elementor-element elementor-element-4de5bb1 elementor-widget elementor-widget-text-editor\" data-id=\"4de5bb1\" data-element_type=\"widget\" data-widget_type=\"text-editor.default\">\n\t\t\t\t<div class=\"elementor-widget-container\">\n\t\t\t\t\t\t\t\t\t<p>Para mais informa\u00e7\u00f5es, sugerimos que visite a p\u00e1gina do <a href=\"https:\/\/www.portaldasmatriculas.edu.gov.pt\/\">Portal das Matr\u00edculas<\/a>.<\/p>\t\t\t\t\t\t\t\t<\/div>\n\t\t\t\t<\/div>\n\t\t\t\t\t<\/div>\n\t\t\t\t<\/div>\n\t\t\t\t<\/div>\n\t\t","protected":false},"excerpt":{"rendered":"<p>Matr\u00edculas 2026\/2027 O MECI puclicou o calend\u00e1rio para as matr\u00edculas 2026\/2027. Pode consultar o Despacho n.\u00ba 4472-A\/2026, de 6 de abril\u00a0 aqui.\u00a0 \u00a0 \u00a0 \u00a0 \u00a0 Para mais informa\u00e7\u00f5es, sugerimos que visite a p\u00e1gina do Portal das Matr\u00edculas.<\/p>\n","protected":false},"author":2,"featured_media":0,"parent":0,"menu_order":0,"comment_status":"closed","ping_status":"closed","template":"","meta":{"_seopress_robots_primary_cat":"","_seopress_titles_title":"Calend\u00e1rio Escolar 2024\/2025 - AE de Vale de Milha\u00e7os","_seopress_titles_desc":"","_seopress_robots_index":"","site-sidebar-layout":"no-sidebar","site-content-layout":"page-builder","ast-site-content-layout":"full-width-container","site-content-style":"unboxed","site-sidebar-style":"unboxed","ast-global-header-display":"","ast-banner-title-visibility":"","ast-main-header-display":"","ast-hfb-above-header-display":"","ast-hfb-below-header-display":"","ast-hfb-mobile-header-display":"","site-post-title":"disabled","ast-breadcrumbs-content":"disabled","ast-featured-img":"disabled","footer-sml-layout":"","theme-transparent-header-meta":"default","adv-header-id-meta":"","stick-header-meta":"","header-above-stick-meta":"","header-main-stick-meta":"","header-below-stick-meta":"","astra-migrate-meta-layouts":"set","ast-page-background-enabled":"default","ast-page-background-meta":{"desktop":{"background-color":"","background-image":"","background-repeat":"repeat","background-position":"center center","background-size":"auto","background-attachment":"scroll","background-type":"","background-media":"","overlay-type":"","overlay-color":"","overlay-opacity":"","overlay-gradient":""},"tablet":{"background-color":"","background-image":"","background-repeat":"repeat","background-position":"center center","background-size":"auto","background-attachment":"scroll","background-type":"","background-media":"","overlay-type":"","overlay-color":"","overlay-opacity":"","overlay-gradient":""},"mobile":{"background-color":"","background-image":"","background-repeat":"repeat","background-position":"center center","background-size":"auto","background-attachment":"scroll","background-type":"","background-media":"","overlay-type":"","overlay-color":"","overlay-opacity":"","overlay-gradient":""}},"ast-content-background-meta":{"desktop":{"background-color":"var(--ast-global-color-5)","background-image":"","background-repeat":"repeat","background-position":"center center","background-size":"auto","background-attachment":"scroll","background-type":"","background-media":"","overlay-type":"","overlay-color":"","overlay-opacity":"","overlay-gradient":""},"tablet":{"background-color":"var(--ast-global-color-5)","background-image":"","background-repeat":"repeat","background-position":"center center","background-size":"auto","background-attachment":"scroll","background-type":"","background-media":"","overlay-type":"","overlay-color":"","overlay-opacity":"","overlay-gradient":""},"mobile":{"background-color":"var(--ast-global-color-5)","background-image":"","background-repeat":"repeat","background-position":"center center","background-size":"auto","background-attachment":"scroll","background-type":"","background-media":"","overlay-type":"","overlay-color":"","overlay-opacity":"","overlay-gradient":""}},"footnotes":""},"class_list":["post-5437","page","type-page","status-publish","hentry"],"_links":{"self":[{"href":"https:\/\/aevm.pt\/index.php\/wp-json\/wp\/v2\/pages\/5437","targetHints":{"allow":["GET"]}}],"collection":[{"href":"https:\/\/aevm.pt\/index.php\/wp-json\/wp\/v2\/pages"}],"about":[{"href":"https:\/\/aevm.pt\/index.php\/wp-json\/wp\/v2\/types\/page"}],"author":[{"embeddable":true,"href":"https:\/\/aevm.pt\/index.php\/wp-json\/wp\/v2\/users\/2"}],"replies":[{"embeddable":true,"href":"https:\/\/aevm.pt\/index.php\/wp-json\/wp\/v2\/comments?post=5437"}],"version-history":[{"count":4,"href":"https:\/\/aevm.pt\/index.php\/wp-json\/wp\/v2\/pages\/5437\/revisions"}],"predecessor-version":[{"id":5442,"href":"https:\/\/aevm.pt\/index.php\/wp-json\/wp\/v2\/pages\/5437\/revisions\/5442"}],"wp:attachment":[{"href":"https:\/\/aevm.pt\/index.php\/wp-json\/wp\/v2\/media?parent=5437"}],"curies":[{"name":"wp","href":"https:\/\/api.w.org\/{rel}","templated":true}]}}